{"id":30815,"date":"2021-03-22T14:16:50","date_gmt":"2021-03-22T13:16:50","guid":{"rendered":"https:\/\/www.comptoirdubambou.com\/?post_type=product&#038;p=30815"},"modified":"2026-04-24T03:18:38","modified_gmt":"2026-04-24T01:18:38","slug":"carre-mains-grand-hotel","status":"publish","type":"product","link":"https:\/\/www.comptoirdubambou.com\/it\/boutique-en-ligne\/linge-de-bain\/collection-grand-hotel\/carre-mains-grand-hotel\/","title":{"rendered":"Lavetta | Grand H\u00f4tel"},"content":{"rendered":"<p style=\"text-align: left;\"><b>Collezione\u00a0 \u00a0 \u00a0 \u00a0 \u00a0<\/b>Grand H\u00f4tel<\/p>\n<p style=\"text-align: left;\"><b>Dimensioni\u00a0 \u00a0 \u00a0 <\/b>3 quadrati di mano 30\u00d730 cm<\/p>\n<p style=\"text-align: left;\"><b>Grammatura\u00a0 \u00a0 \u00a0 \u00a0<\/b>550 g\/m2<\/p>\n<p style=\"text-align: left;\"><b>Composizione\u00a0 \u00a0 <\/b>Fibra B. | Bamb\u00f9 e cotone egiziano<\/p>","protected":false},"excerpt":{"rendered":"<p>Immergetevi in un mondo dove\u00a0<strong>Lo stile incontra il comfort<\/strong> con il nostro set di quadrati per le mani della collezione Grand H\u00f4tel. Grazie alla sua incomparabile morbidezza e alle propriet\u00e0 ecologiche del bamb\u00f9, lavarsi le mani diventer\u00e0 la parte migliore della vostra giornata.<\/p>\n<p>Un centrotavola che unisce comfort, eleganza e durata: un'aggiunta essenziale alla vostra collezione di biancheria.<\/p>","protected":false},"featured_media":35627,"comment_status":"open","ping_status":"closed","template":"","meta":{"_et_pb_use_builder":"","_et_pb_old_content":"","_et_gb_content_width":""},"product_brand":[],"product_cat":[462,463,138,286,332],"product_tag":[400],"class_list":{"0":"post-30815","1":"product","2":"type-product","3":"status-publish","4":"has-post-thumbnail","6":"product_cat-carres-mains","7":"product_cat-set-de-serviettes","8":"product_cat-tous-nos-produits","9":"product_cat-linge-de-bain","10":"product_cat-collection-grand-hotel","11":"product_tag-carres-mains-grand-hotel","13":"first","14":"instock","15":"taxable","16":"shipping-taxable","17":"purchasable","18":"product-type-variable"},"bundled_by":[],"bundle_stock_status":"instock","bundle_stock_quantity":null,"bundle_virtual":false,"bundle_layout":"","bundle_add_to_cart_form_location":"","bundle_editable_in_cart":false,"bundle_sold_individually_context":"","bundle_item_grouping":"","bundle_min_size":"","bundle_max_size":"","bundle_price":[],"bundled_items":[],"bundle_sell_ids":[],"yoast_head":"<!-- This site is optimized with the Yoast SEO plugin v27.4 - https:\/\/yoast.com\/product\/yoast-seo-wordpress\/ -->\n<title>Carr\u00e9 Mains x3 | Grand H\u00f4tel - Comptoir du Bambou<\/title>\n<meta name=\"description\" content=\"D\u00e9couvrez nos carr\u00e9s mains ultra doux et absorbants en fibre de bambou \u00e9coresponsable, id\u00e9alspour se s\u00e9cher les mains en toute simplicit\u00e9\" \/>\n<meta name=\"robots\" content=\"index, follow, max-snippet:-1, max-image-preview:large, max-video-preview:-1\" \/>\n<link rel=\"canonical\" href=\"https:\/\/www.comptoirdubambou.com\/it\/boutique-en-ligne\/linge-de-bain\/collection-grand-hotel\/carre-mains-grand-hotel\/\" \/>\n<meta property=\"og:locale\" content=\"it_IT\" \/>\n<meta property=\"og:type\" content=\"article\" \/>\n<meta property=\"og:title\" content=\"Carr\u00e9 Mains x3 | Grand H\u00f4tel - Comptoir du Bambou\" \/>\n<meta property=\"og:description\" content=\"D\u00e9couvrez nos carr\u00e9s mains ultra doux et absorbants en fibre de bambou \u00e9coresponsable, id\u00e9alspour se s\u00e9cher les mains en toute simplicit\u00e9\" \/>\n<meta property=\"og:url\" content=\"https:\/\/www.comptoirdubambou.com\/it\/boutique-en-ligne\/linge-de-bain\/collection-grand-hotel\/carre-mains-grand-hotel\/\" \/>\n<meta property=\"og:site_name\" content=\"Comptoir du Bambou\" \/>\n<meta property=\"article:publisher\" content=\"https:\/\/www.facebook.com\/comptoirdubambou\/\" \/>\n<meta property=\"article:modified_time\" content=\"2026-04-24T01:18:38+00:00\" \/>\n<meta property=\"og:image\" content=\"https:\/\/www.comptoirdubambou.com\/wp-content\/uploads\/2021\/03\/CG_29-07-2021-2.jpg\" \/>\n\t<meta property=\"og:image:width\" content=\"1040\" \/>\n\t<meta property=\"og:image:height\" content=\"1040\" \/>\n\t<meta property=\"og:image:type\" content=\"image\/jpeg\" \/>\n<meta name=\"twitter:card\" content=\"summary_large_image\" \/>\n<meta name=\"twitter:label1\" content=\"Tempo di lettura stimato\" \/>\n\t<meta name=\"twitter:data1\" content=\"1 minuto\" \/>\n<script type=\"application\/ld+json\" class=\"yoast-schema-graph\">{\"@context\":\"https:\\\/\\\/schema.org\",\"@graph\":[{\"@type\":\"WebPage\",\"@id\":\"https:\\\/\\\/www.comptoirdubambou.com\\\/en\\\/boutique-en-ligne\\\/linge-de-bain\\\/collection-grand-hotel\\\/carre-mains-grand-hotel\\\/\",\"url\":\"https:\\\/\\\/www.comptoirdubambou.com\\\/en\\\/boutique-en-ligne\\\/linge-de-bain\\\/collection-grand-hotel\\\/carre-mains-grand-hotel\\\/\",\"name\":\"Carr\u00e9 Mains x3 | Grand H\u00f4tel - Comptoir du Bambou\",\"isPartOf\":{\"@id\":\"https:\\\/\\\/www.comptoirdubambou.com\\\/#website\"},\"primaryImageOfPage\":{\"@id\":\"https:\\\/\\\/www.comptoirdubambou.com\\\/en\\\/boutique-en-ligne\\\/linge-de-bain\\\/collection-grand-hotel\\\/carre-mains-grand-hotel\\\/#primaryimage\"},\"image\":{\"@id\":\"https:\\\/\\\/www.comptoirdubambou.com\\\/en\\\/boutique-en-ligne\\\/linge-de-bain\\\/collection-grand-hotel\\\/carre-mains-grand-hotel\\\/#primaryimage\"},\"thumbnailUrl\":\"https:\\\/\\\/www.comptoirdubambou.com\\\/wp-content\\\/uploads\\\/2021\\\/03\\\/CG_29-07-2021-2.jpg\",\"datePublished\":\"2021-03-22T13:16:50+00:00\",\"dateModified\":\"2026-04-24T01:18:38+00:00\",\"description\":\"D\u00e9couvrez nos carr\u00e9s mains ultra doux et absorbants en fibre de bambou \u00e9coresponsable, id\u00e9alspour se s\u00e9cher les mains en toute simplicit\u00e9\",\"breadcrumb\":{\"@id\":\"https:\\\/\\\/www.comptoirdubambou.com\\\/en\\\/boutique-en-ligne\\\/linge-de-bain\\\/collection-grand-hotel\\\/carre-mains-grand-hotel\\\/#breadcrumb\"},\"inLanguage\":\"it-IT\",\"potentialAction\":[{\"@type\":\"ReadAction\",\"target\":[\"https:\\\/\\\/www.comptoirdubambou.com\\\/en\\\/boutique-en-ligne\\\/linge-de-bain\\\/collection-grand-hotel\\\/carre-mains-grand-hotel\\\/\"]}]},{\"@type\":\"ImageObject\",\"inLanguage\":\"it-IT\",\"@id\":\"https:\\\/\\\/www.comptoirdubambou.com\\\/en\\\/boutique-en-ligne\\\/linge-de-bain\\\/collection-grand-hotel\\\/carre-mains-grand-hotel\\\/#primaryimage\",\"url\":\"https:\\\/\\\/www.comptoirdubambou.com\\\/wp-content\\\/uploads\\\/2021\\\/03\\\/CG_29-07-2021-2.jpg\",\"contentUrl\":\"https:\\\/\\\/www.comptoirdubambou.com\\\/wp-content\\\/uploads\\\/2021\\\/03\\\/CG_29-07-2021-2.jpg\",\"width\":1040,\"height\":1040,\"caption\":\"essui mains\"},{\"@type\":\"BreadcrumbList\",\"@id\":\"https:\\\/\\\/www.comptoirdubambou.com\\\/en\\\/boutique-en-ligne\\\/linge-de-bain\\\/collection-grand-hotel\\\/carre-mains-grand-hotel\\\/#breadcrumb\",\"itemListElement\":[{\"@type\":\"ListItem\",\"position\":1,\"name\":\"Accueil\",\"item\":\"https:\\\/\\\/www.comptoirdubambou.com\\\/\"},{\"@type\":\"ListItem\",\"position\":2,\"name\":\"Boutique en ligne\",\"item\":\"https:\\\/\\\/www.comptoirdubambou.com\\\/linge-maison-fibre-bambou-luxe\\\/\"},{\"@type\":\"ListItem\",\"position\":3,\"name\":\"Carr\u00e9 Mains x3 | Grand H\u00f4tel\"}]},{\"@type\":\"WebSite\",\"@id\":\"https:\\\/\\\/www.comptoirdubambou.com\\\/#website\",\"url\":\"https:\\\/\\\/www.comptoirdubambou.com\\\/\",\"name\":\"Comptoir du Bambou\",\"description\":\"Linge de maison haut de gamme en fibre de bambou\",\"publisher\":{\"@id\":\"https:\\\/\\\/www.comptoirdubambou.com\\\/#organization\"},\"potentialAction\":[{\"@type\":\"SearchAction\",\"target\":{\"@type\":\"EntryPoint\",\"urlTemplate\":\"https:\\\/\\\/www.comptoirdubambou.com\\\/?s={search_term_string}\"},\"query-input\":{\"@type\":\"PropertyValueSpecification\",\"valueRequired\":true,\"valueName\":\"search_term_string\"}}],\"inLanguage\":\"it-IT\"},{\"@type\":\"Organization\",\"@id\":\"https:\\\/\\\/www.comptoirdubambou.com\\\/#organization\",\"name\":\"Comptoir du Bambou\",\"url\":\"https:\\\/\\\/www.comptoirdubambou.com\\\/\",\"logo\":{\"@type\":\"ImageObject\",\"inLanguage\":\"it-IT\",\"@id\":\"https:\\\/\\\/www.comptoirdubambou.com\\\/#\\\/schema\\\/logo\\\/image\\\/\",\"url\":\"https:\\\/\\\/www.comptoirdubambou.com\\\/wp-content\\\/uploads\\\/2021\\\/06\\\/Logo_Comptoir_du_Bambou_2019_V_CMJN.png\",\"contentUrl\":\"https:\\\/\\\/www.comptoirdubambou.com\\\/wp-content\\\/uploads\\\/2021\\\/06\\\/Logo_Comptoir_du_Bambou_2019_V_CMJN.png\",\"width\":644,\"height\":183,\"caption\":\"Comptoir du Bambou\"},\"image\":{\"@id\":\"https:\\\/\\\/www.comptoirdubambou.com\\\/#\\\/schema\\\/logo\\\/image\\\/\"},\"sameAs\":[\"https:\\\/\\\/www.facebook.com\\\/comptoirdubambou\\\/\",\"https:\\\/\\\/www.instagram.com\\\/comptoirdubambou\\\/\",\"https:\\\/\\\/www.linkedin.com\\\/company\\\/18254596\\\/\"]}]}<\/script>\n<!-- \/ Yoast SEO plugin. -->","yoast_head_json":{"title":"Carr\u00e9 Mains x3 | Grand H\u00f4tel - Comptoir du Bambou","description":"Scopri i nostri asciugamani ultra morbidi e assorbenti in fibra di bamb\u00f9 ecologica, ideali per asciugare le mani con facilit\u00e0","robots":{"index":"index","follow":"follow","max-snippet":"max-snippet:-1","max-image-preview":"max-image-preview:large","max-video-preview":"max-video-preview:-1"},"canonical":"https:\/\/www.comptoirdubambou.com\/it\/boutique-en-ligne\/linge-de-bain\/collection-grand-hotel\/carre-mains-grand-hotel\/","og_locale":"it_IT","og_type":"article","og_title":"Carr\u00e9 Mains x3 | Grand H\u00f4tel - Comptoir du Bambou","og_description":"D\u00e9couvrez nos carr\u00e9s mains ultra doux et absorbants en fibre de bambou \u00e9coresponsable, id\u00e9alspour se s\u00e9cher les mains en toute simplicit\u00e9","og_url":"https:\/\/www.comptoirdubambou.com\/it\/boutique-en-ligne\/linge-de-bain\/collection-grand-hotel\/carre-mains-grand-hotel\/","og_site_name":"Comptoir du Bambou","article_publisher":"https:\/\/www.facebook.com\/comptoirdubambou\/","article_modified_time":"2026-04-24T01:18:38+00:00","og_image":[{"width":1040,"height":1040,"url":"https:\/\/www.comptoirdubambou.com\/wp-content\/uploads\/2021\/03\/CG_29-07-2021-2.jpg","type":"image\/jpeg"}],"twitter_card":"summary_large_image","twitter_misc":{"Tempo di lettura stimato":"1 minuto"},"schema":{"@context":"https:\/\/schema.org","@graph":[{"@type":"WebPage","@id":"https:\/\/www.comptoirdubambou.com\/en\/boutique-en-ligne\/linge-de-bain\/collection-grand-hotel\/carre-mains-grand-hotel\/","url":"https:\/\/www.comptoirdubambou.com\/en\/boutique-en-ligne\/linge-de-bain\/collection-grand-hotel\/carre-mains-grand-hotel\/","name":"Carr\u00e9 Mains x3 | Grand H\u00f4tel - Comptoir du Bambou","isPartOf":{"@id":"https:\/\/www.comptoirdubambou.com\/#website"},"primaryImageOfPage":{"@id":"https:\/\/www.comptoirdubambou.com\/en\/boutique-en-ligne\/linge-de-bain\/collection-grand-hotel\/carre-mains-grand-hotel\/#primaryimage"},"image":{"@id":"https:\/\/www.comptoirdubambou.com\/en\/boutique-en-ligne\/linge-de-bain\/collection-grand-hotel\/carre-mains-grand-hotel\/#primaryimage"},"thumbnailUrl":"https:\/\/www.comptoirdubambou.com\/wp-content\/uploads\/2021\/03\/CG_29-07-2021-2.jpg","datePublished":"2021-03-22T13:16:50+00:00","dateModified":"2026-04-24T01:18:38+00:00","description":"Scopri i nostri asciugamani ultra morbidi e assorbenti in fibra di bamb\u00f9 ecologica, ideali per asciugare le mani con facilit\u00e0","breadcrumb":{"@id":"https:\/\/www.comptoirdubambou.com\/en\/boutique-en-ligne\/linge-de-bain\/collection-grand-hotel\/carre-mains-grand-hotel\/#breadcrumb"},"inLanguage":"it-IT","potentialAction":[{"@type":"ReadAction","target":["https:\/\/www.comptoirdubambou.com\/en\/boutique-en-ligne\/linge-de-bain\/collection-grand-hotel\/carre-mains-grand-hotel\/"]}]},{"@type":"ImageObject","inLanguage":"it-IT","@id":"https:\/\/www.comptoirdubambou.com\/en\/boutique-en-ligne\/linge-de-bain\/collection-grand-hotel\/carre-mains-grand-hotel\/#primaryimage","url":"https:\/\/www.comptoirdubambou.com\/wp-content\/uploads\/2021\/03\/CG_29-07-2021-2.jpg","contentUrl":"https:\/\/www.comptoirdubambou.com\/wp-content\/uploads\/2021\/03\/CG_29-07-2021-2.jpg","width":1040,"height":1040,"caption":"essui mains"},{"@type":"BreadcrumbList","@id":"https:\/\/www.comptoirdubambou.com\/en\/boutique-en-ligne\/linge-de-bain\/collection-grand-hotel\/carre-mains-grand-hotel\/#breadcrumb","itemListElement":[{"@type":"ListItem","position":1,"name":"Accueil","item":"https:\/\/www.comptoirdubambou.com\/"},{"@type":"ListItem","position":2,"name":"Boutique en ligne","item":"https:\/\/www.comptoirdubambou.com\/linge-maison-fibre-bambou-luxe\/"},{"@type":"ListItem","position":3,"name":"Carr\u00e9 Mains x3 | Grand H\u00f4tel"}]},{"@type":"WebSite","@id":"https:\/\/www.comptoirdubambou.com\/#website","url":"https:\/\/www.comptoirdubambou.com\/","name":"Comptoir du Bambou","description":"Biancheria per la casa di alta qualit\u00e0 in fibra di bamb\u00f9","publisher":{"@id":"https:\/\/www.comptoirdubambou.com\/#organization"},"potentialAction":[{"@type":"SearchAction","target":{"@type":"EntryPoint","urlTemplate":"https:\/\/www.comptoirdubambou.com\/?s={search_term_string}"},"query-input":{"@type":"PropertyValueSpecification","valueRequired":true,"valueName":"search_term_string"}}],"inLanguage":"it-IT"},{"@type":"Organization","@id":"https:\/\/www.comptoirdubambou.com\/#organization","name":"Comptoir du Bambou","url":"https:\/\/www.comptoirdubambou.com\/","logo":{"@type":"ImageObject","inLanguage":"it-IT","@id":"https:\/\/www.comptoirdubambou.com\/#\/schema\/logo\/image\/","url":"https:\/\/www.comptoirdubambou.com\/wp-content\/uploads\/2021\/06\/Logo_Comptoir_du_Bambou_2019_V_CMJN.png","contentUrl":"https:\/\/www.comptoirdubambou.com\/wp-content\/uploads\/2021\/06\/Logo_Comptoir_du_Bambou_2019_V_CMJN.png","width":644,"height":183,"caption":"Comptoir du Bambou"},"image":{"@id":"https:\/\/www.comptoirdubambou.com\/#\/schema\/logo\/image\/"},"sameAs":["https:\/\/www.facebook.com\/comptoirdubambou\/","https:\/\/www.instagram.com\/comptoirdubambou\/","https:\/\/www.linkedin.com\/company\/18254596\/"]}]}},"_links":{"self":[{"href":"https:\/\/www.comptoirdubambou.com\/it\/wp-json\/wp\/v2\/product\/30815","targetHints":{"allow":["GET"]}}],"collection":[{"href":"https:\/\/www.comptoirdubambou.com\/it\/wp-json\/wp\/v2\/product"}],"about":[{"href":"https:\/\/www.comptoirdubambou.com\/it\/wp-json\/wp\/v2\/types\/product"}],"replies":[{"embeddable":true,"href":"https:\/\/www.comptoirdubambou.com\/it\/wp-json\/wp\/v2\/comments?post=30815"}],"wp:featuredmedia":[{"embeddable":true,"href":"https:\/\/www.comptoirdubambou.com\/it\/wp-json\/wp\/v2\/media\/35627"}],"wp:attachment":[{"href":"https:\/\/www.comptoirdubambou.com\/it\/wp-json\/wp\/v2\/media?parent=30815"}],"wp:term":[{"taxonomy":"product_brand","embeddable":true,"href":"https:\/\/www.comptoirdubambou.com\/it\/wp-json\/wp\/v2\/product_brand?post=30815"},{"taxonomy":"product_cat","embeddable":true,"href":"https:\/\/www.comptoirdubambou.com\/it\/wp-json\/wp\/v2\/product_cat?post=30815"},{"taxonomy":"product_tag","embeddable":true,"href":"https:\/\/www.comptoirdubambou.com\/it\/wp-json\/wp\/v2\/product_tag?post=30815"}],"curies":[{"name":"wp","href":"https:\/\/api.w.org\/{rel}","templated":true}]}}