{"id":30539,"date":"2021-03-16T17:11:22","date_gmt":"2021-03-16T16:11:22","guid":{"rendered":"https:\/\/www.comptoirdubambou.com\/?post_type=product&#038;p=30539"},"modified":"2026-04-07T12:08:20","modified_gmt":"2026-04-07T10:08:20","slug":"drap-de-bain-8mm","status":"publish","type":"product","link":"https:\/\/www.comptoirdubambou.com\/it\/boutique-en-ligne\/linge-de-bain\/collection-8-millimetres\/drap-de-bain-8mm\/","title":{"rendered":"Telo da bagno | 8 Millimetri"},"content":{"rendered":"<p><b>Collezione\u00a0 \u00a0 \u00a0 \u00a0 \u00a0<\/b>8 millimetri<\/p>\n<p><b>Dimensioni\u00a0 \u00a0 \u00a0\u00a0<\/b>Lenzuolo da bagno 90\u00d7150 cm<\/p>\n<p><b>Grammatura\u00a0 \u00a0 \u00a0 \u00a0<\/b>550 g\/m2<\/p>\n<p><b>Composizione\u00a0 \u00a0\u00a0<\/b>Fibra B. | Bamb\u00f9 e cotone egiziano<\/p>","protected":false},"excerpt":{"rendered":"<p>Immergetevi in un mondo dove\u00a0<strong>Lo stile incontra il comfort<\/strong> con i nostri asciugamani da bagno della Collezione 8 Millimetri. Grazie alla sua incomparabile morbidezza e alle propriet\u00e0 ecologiche del bamb\u00f9, l'asciugatura dopo la doccia sar\u00e0 il momento clou della vostra routine quotidiana.<\/p>\n<p>Un centrotavola che unisce comfort, eleganza e durata: un'aggiunta essenziale alla vostra collezione di biancheria.<\/p>","protected":false},"featured_media":30523,"comment_status":"open","ping_status":"closed","template":"","meta":{"_et_pb_use_builder":"","_et_pb_old_content":"","_et_gb_content_width":""},"product_cat":[459,138,286,333],"product_tag":[390],"bundled_by":[],"bundle_stock_status":"instock","bundle_stock_quantity":null,"bundle_virtual":false,"bundle_layout":"","bundle_add_to_cart_form_location":"","bundle_editable_in_cart":false,"bundle_sold_individually_context":"","bundle_item_grouping":"","bundle_min_size":"","bundle_max_size":"","bundle_price":[],"bundled_items":[],"bundle_sell_ids":[],"yoast_head":"<!-- This site is optimized with the Yoast SEO plugin v22.1 - https:\/\/yoast.com\/wordpress\/plugins\/seo\/ -->\n<title>Drap de Bain | 8 Millim\u00e8tres - Comptoir du Bambou<\/title>\n<meta name=\"description\" content=\"Design intemporel gr\u00e2ce aux rayures brod\u00e9es, fibre en bambou \u00e9cologique et responsable, pour un linge doux et durable. FrenchTech\" \/>\n<meta name=\"robots\" content=\"index, follow, max-snippet:-1, max-image-preview:large, max-video-preview:-1\" \/>\n<link rel=\"canonical\" href=\"https:\/\/www.comptoirdubambou.com\/it\/boutique-en-ligne\/linge-de-bain\/collection-8-millimetres\/drap-de-bain-8mm\/\" \/>\n<meta property=\"og:locale\" content=\"it_IT\" \/>\n<meta property=\"og:type\" content=\"article\" \/>\n<meta property=\"og:title\" content=\"Drap de Bain | 8 Millim\u00e8tres - Comptoir du Bambou\" \/>\n<meta property=\"og:description\" content=\"Design intemporel gr\u00e2ce aux rayures brod\u00e9es, fibre en bambou \u00e9cologique et responsable, pour un linge doux et durable. FrenchTech\" \/>\n<meta property=\"og:url\" content=\"https:\/\/www.comptoirdubambou.com\/it\/boutique-en-ligne\/linge-de-bain\/collection-8-millimetres\/drap-de-bain-8mm\/\" \/>\n<meta property=\"og:site_name\" content=\"Comptoir du Bambou\" \/>\n<meta property=\"article:publisher\" content=\"https:\/\/www.facebook.com\/comptoirdubambou\/\" \/>\n<meta property=\"article:modified_time\" content=\"2026-04-07T10:08:20+00:00\" \/>\n<meta property=\"og:image\" content=\"https:\/\/www.comptoirdubambou.com\/wp-content\/uploads\/2021\/03\/drap-de-bain-8m-argile.jpg\" \/>\n\t<meta property=\"og:image:width\" content=\"1200\" \/>\n\t<meta property=\"og:image:height\" content=\"1200\" \/>\n\t<meta property=\"og:image:type\" content=\"image\/jpeg\" \/>\n<meta name=\"twitter:card\" content=\"summary_large_image\" \/>\n<meta name=\"twitter:label1\" content=\"Tempo di lettura stimato\" \/>\n\t<meta name=\"twitter:data1\" content=\"1 minuto\" \/>\n<script type=\"application\/ld+json\" class=\"yoast-schema-graph\">{\"@context\":\"https:\/\/schema.org\",\"@graph\":[{\"@type\":\"WebPage\",\"@id\":\"https:\/\/www.comptoirdubambou.com\/boutique-en-ligne\/linge-de-bain\/collection-8-millimetres\/drap-de-bain-8mm\/\",\"url\":\"https:\/\/www.comptoirdubambou.com\/boutique-en-ligne\/linge-de-bain\/collection-8-millimetres\/drap-de-bain-8mm\/\",\"name\":\"Drap de Bain | 8 Millim\u00e8tres - Comptoir du Bambou\",\"isPartOf\":{\"@id\":\"https:\/\/www.comptoirdubambou.com\/#website\"},\"datePublished\":\"2021-03-16T16:11:22+00:00\",\"dateModified\":\"2026-04-07T10:08:20+00:00\",\"description\":\"Design intemporel gr\u00e2ce aux rayures brod\u00e9es, fibre en bambou \u00e9cologique et responsable, pour un linge doux et durable. FrenchTech\",\"breadcrumb\":{\"@id\":\"https:\/\/www.comptoirdubambou.com\/boutique-en-ligne\/linge-de-bain\/collection-8-millimetres\/drap-de-bain-8mm\/#breadcrumb\"},\"inLanguage\":\"it-IT\",\"potentialAction\":[{\"@type\":\"ReadAction\",\"target\":[\"https:\/\/www.comptoirdubambou.com\/boutique-en-ligne\/linge-de-bain\/collection-8-millimetres\/drap-de-bain-8mm\/\"]}]},{\"@type\":\"BreadcrumbList\",\"@id\":\"https:\/\/www.comptoirdubambou.com\/boutique-en-ligne\/linge-de-bain\/collection-8-millimetres\/drap-de-bain-8mm\/#breadcrumb\",\"itemListElement\":[{\"@type\":\"ListItem\",\"position\":1,\"name\":\"Accueil\",\"item\":\"https:\/\/www.comptoirdubambou.com\/\"},{\"@type\":\"ListItem\",\"position\":2,\"name\":\"Boutique en ligne\",\"item\":\"https:\/\/www.comptoirdubambou.com\/linge-maison-fibre-bambou-luxe\/\"},{\"@type\":\"ListItem\",\"position\":3,\"name\":\"Drap de Bain | 8 Millim\u00e8tres\"}]},{\"@type\":\"WebSite\",\"@id\":\"https:\/\/www.comptoirdubambou.com\/#website\",\"url\":\"https:\/\/www.comptoirdubambou.com\/\",\"name\":\"Comptoir du Bambou\",\"description\":\"Linge de maison haut de gamme en fibre de bambou\",\"publisher\":{\"@id\":\"https:\/\/www.comptoirdubambou.com\/#organization\"},\"potentialAction\":[{\"@type\":\"SearchAction\",\"target\":{\"@type\":\"EntryPoint\",\"urlTemplate\":\"https:\/\/www.comptoirdubambou.com\/?s={search_term_string}\"},\"query-input\":\"required name=search_term_string\"}],\"inLanguage\":\"it-IT\"},{\"@type\":\"Organization\",\"@id\":\"https:\/\/www.comptoirdubambou.com\/#organization\",\"name\":\"Comptoir du Bambou\",\"url\":\"https:\/\/www.comptoirdubambou.com\/\",\"logo\":{\"@type\":\"ImageObject\",\"inLanguage\":\"it-IT\",\"@id\":\"https:\/\/www.comptoirdubambou.com\/#\/schema\/logo\/image\/\",\"url\":\"https:\/\/www.comptoirdubambou.com\/wp-content\/uploads\/2021\/06\/Logo_Comptoir_du_Bambou_2019_V_CMJN.png\",\"contentUrl\":\"https:\/\/www.comptoirdubambou.com\/wp-content\/uploads\/2021\/06\/Logo_Comptoir_du_Bambou_2019_V_CMJN.png\",\"width\":644,\"height\":183,\"caption\":\"Comptoir du Bambou\"},\"image\":{\"@id\":\"https:\/\/www.comptoirdubambou.com\/#\/schema\/logo\/image\/\"},\"sameAs\":[\"https:\/\/www.facebook.com\/comptoirdubambou\/\",\"https:\/\/www.instagram.com\/comptoirdubambou\/\",\"https:\/\/www.linkedin.com\/company\/18254596\/\"]}]}<\/script>\n<!-- \/ Yoast SEO plugin. -->","yoast_head_json":{"title":"Drap de Bain | 8 Millim\u00e8tres - Comptoir du Bambou","description":"Design intemporel gr\u00e2ce aux rayures brod\u00e9es, fibre en bambou \u00e9cologique et responsable, pour un linge doux et durable. FrenchTech","robots":{"index":"index","follow":"follow","max-snippet":"max-snippet:-1","max-image-preview":"max-image-preview:large","max-video-preview":"max-video-preview:-1"},"canonical":"https:\/\/www.comptoirdubambou.com\/it\/boutique-en-ligne\/linge-de-bain\/collection-8-millimetres\/drap-de-bain-8mm\/","og_locale":"it_IT","og_type":"article","og_title":"Drap de Bain | 8 Millim\u00e8tres - Comptoir du Bambou","og_description":"Design intemporel gr\u00e2ce aux rayures brod\u00e9es, fibre en bambou \u00e9cologique et responsable, pour un linge doux et durable. FrenchTech","og_url":"https:\/\/www.comptoirdubambou.com\/it\/boutique-en-ligne\/linge-de-bain\/collection-8-millimetres\/drap-de-bain-8mm\/","og_site_name":"Comptoir du Bambou","article_publisher":"https:\/\/www.facebook.com\/comptoirdubambou\/","article_modified_time":"2026-04-07T10:08:20+00:00","og_image":[{"width":1200,"height":1200,"url":"https:\/\/www.comptoirdubambou.com\/wp-content\/uploads\/2021\/03\/drap-de-bain-8m-argile.jpg","type":"image\/jpeg"}],"twitter_card":"summary_large_image","twitter_misc":{"Tempo di lettura stimato":"1 minuto"},"schema":{"@context":"https:\/\/schema.org","@graph":[{"@type":"WebPage","@id":"https:\/\/www.comptoirdubambou.com\/boutique-en-ligne\/linge-de-bain\/collection-8-millimetres\/drap-de-bain-8mm\/","url":"https:\/\/www.comptoirdubambou.com\/boutique-en-ligne\/linge-de-bain\/collection-8-millimetres\/drap-de-bain-8mm\/","name":"Drap de Bain | 8 Millim\u00e8tres - Comptoir du Bambou","isPartOf":{"@id":"https:\/\/www.comptoirdubambou.com\/#website"},"datePublished":"2021-03-16T16:11:22+00:00","dateModified":"2026-04-07T10:08:20+00:00","description":"Design intemporel gr\u00e2ce aux rayures brod\u00e9es, fibre en bambou \u00e9cologique et responsable, pour un linge doux et durable. FrenchTech","breadcrumb":{"@id":"https:\/\/www.comptoirdubambou.com\/boutique-en-ligne\/linge-de-bain\/collection-8-millimetres\/drap-de-bain-8mm\/#breadcrumb"},"inLanguage":"it-IT","potentialAction":[{"@type":"ReadAction","target":["https:\/\/www.comptoirdubambou.com\/boutique-en-ligne\/linge-de-bain\/collection-8-millimetres\/drap-de-bain-8mm\/"]}]},{"@type":"BreadcrumbList","@id":"https:\/\/www.comptoirdubambou.com\/boutique-en-ligne\/linge-de-bain\/collection-8-millimetres\/drap-de-bain-8mm\/#breadcrumb","itemListElement":[{"@type":"ListItem","position":1,"name":"Accueil","item":"https:\/\/www.comptoirdubambou.com\/"},{"@type":"ListItem","position":2,"name":"Boutique en ligne","item":"https:\/\/www.comptoirdubambou.com\/linge-maison-fibre-bambou-luxe\/"},{"@type":"ListItem","position":3,"name":"Drap de Bain | 8 Millim\u00e8tres"}]},{"@type":"WebSite","@id":"https:\/\/www.comptoirdubambou.com\/#website","url":"https:\/\/www.comptoirdubambou.com\/","name":"Comptoir du Bambou","description":"Linge de maison haut de gamme en fibre de bambou","publisher":{"@id":"https:\/\/www.comptoirdubambou.com\/#organization"},"potentialAction":[{"@type":"SearchAction","target":{"@type":"EntryPoint","urlTemplate":"https:\/\/www.comptoirdubambou.com\/?s={search_term_string}"},"query-input":"required name=search_term_string"}],"inLanguage":"it-IT"},{"@type":"Organization","@id":"https:\/\/www.comptoirdubambou.com\/#organization","name":"Comptoir du Bambou","url":"https:\/\/www.comptoirdubambou.com\/","logo":{"@type":"ImageObject","inLanguage":"it-IT","@id":"https:\/\/www.comptoirdubambou.com\/#\/schema\/logo\/image\/","url":"https:\/\/www.comptoirdubambou.com\/wp-content\/uploads\/2021\/06\/Logo_Comptoir_du_Bambou_2019_V_CMJN.png","contentUrl":"https:\/\/www.comptoirdubambou.com\/wp-content\/uploads\/2021\/06\/Logo_Comptoir_du_Bambou_2019_V_CMJN.png","width":644,"height":183,"caption":"Comptoir du Bambou"},"image":{"@id":"https:\/\/www.comptoirdubambou.com\/#\/schema\/logo\/image\/"},"sameAs":["https:\/\/www.facebook.com\/comptoirdubambou\/","https:\/\/www.instagram.com\/comptoirdubambou\/","https:\/\/www.linkedin.com\/company\/18254596\/"]}]}},"_links":{"self":[{"href":"https:\/\/www.comptoirdubambou.com\/it\/wp-json\/wp\/v2\/product\/30539"}],"collection":[{"href":"https:\/\/www.comptoirdubambou.com\/it\/wp-json\/wp\/v2\/product"}],"about":[{"href":"https:\/\/www.comptoirdubambou.com\/it\/wp-json\/wp\/v2\/types\/product"}],"replies":[{"embeddable":true,"href":"https:\/\/www.comptoirdubambou.com\/it\/wp-json\/wp\/v2\/comments?post=30539"}],"wp:featuredmedia":[{"embeddable":true,"href":"https:\/\/www.comptoirdubambou.com\/it\/wp-json\/wp\/v2\/media\/30523"}],"wp:attachment":[{"href":"https:\/\/www.comptoirdubambou.com\/it\/wp-json\/wp\/v2\/media?parent=30539"}],"wp:term":[{"taxonomy":"product_cat","embeddable":true,"href":"https:\/\/www.comptoirdubambou.com\/it\/wp-json\/wp\/v2\/product_cat?post=30539"},{"taxonomy":"product_tag","embeddable":true,"href":"https:\/\/www.comptoirdubambou.com\/it\/wp-json\/wp\/v2\/product_tag?post=30539"}],"curies":[{"name":"wp","href":"https:\/\/api.w.org\/{rel}","templated":true}]}}