{"id":271077,"date":"2026-02-09T10:50:14","date_gmt":"2026-02-09T09:50:14","guid":{"rendered":"https:\/\/www.comptoirdubambou.com\/?post_type=product&#038;p=271077"},"modified":"2026-04-23T03:36:08","modified_gmt":"2026-04-23T01:36:08","slug":"peignoir-sable","status":"publish","type":"product","link":"https:\/\/www.comptoirdubambou.com\/it\/boutique-en-ligne\/peignoirs-de-luxe\/eponge\/peignoir-sable\/","title":{"rendered":"Peignoir \u00c9ponge en Fibre de Bambou | Collection Grand H\u00f4tel | Sable"},"content":{"rendered":"<h2 data-start=\"253\" data-end=\"265\">Mati\u00e8re<\/h2>\n<p data-start=\"266\" data-end=\"614\"><strong data-start=\"266\" data-end=\"329\">Fibre B. 70 % pulpe de bambou \/ 30 % coton de haute qualit\u00e9<\/strong><br data-start=\"329\" data-end=\"332\" \/>Fibre issue de pulpe de bambou, reconnue pour sa douceur exceptionnelle, sa capacit\u00e9 d\u2019absorption et sa respirabilit\u00e9 naturelle. Associ\u00e9e au coton, elle garantit un linge de bain \u00e0 la fois moelleux, r\u00e9sistant et durable, parfaitement adapt\u00e9 \u00e0 un usage quotidien comme professionnel.<\/p>\n<h2 data-start=\"621\" data-end=\"633\">Tissage<\/h2>\n<p data-start=\"634\" data-end=\"825\"><strong data-start=\"634\" data-end=\"660\">\u00c9ponge bouclette dense<\/strong><br data-start=\"660\" data-end=\"663\" \/>Tissage en bouclette serr\u00e9e offrant un toucher doux et enveloppant, une absorption optimale et une excellente tenue dans le temps, m\u00eame apr\u00e8s des lavages r\u00e9p\u00e9t\u00e9s.<\/p>\n<h2 data-start=\"832\" data-end=\"845\">Grammatura<\/h2>\n<p data-start=\"846\" data-end=\"995\"><strong data-start=\"846\" data-end=\"858\">500 g\/m\u00b2<\/strong><br data-start=\"858\" data-end=\"861\" \/>Grammage id\u00e9al pour un linge de bain haut de gamme, alliant \u00e9paisseur, pouvoir absorbant et sensation de confort sans \u00eatre trop lourd.<\/p>\n<h2 data-start=\"1002\" data-end=\"1017\">Conception<\/h2>\n<p data-start=\"1018\" data-end=\"1211\"><strong data-start=\"1018\" data-end=\"1050\">Pens\u00e9 pour un usage intensif<\/strong><br data-start=\"1050\" data-end=\"1053\" \/>Structure renforc\u00e9e et finitions soign\u00e9es assurant une grande r\u00e9sistance \u00e0 l\u2019usure, adapt\u00e9e aussi bien \u00e0 la maison qu\u2019aux standards de l\u2019h\u00f4tellerie et du spa.<\/p>\n<h2 data-start=\"1002\" data-end=\"1017\">Coupe<\/h2>\n<p data-start=\"1018\" data-end=\"1211\"><strong data-start=\"1018\" data-end=\"1050\">Unisexe<\/strong><\/p>","protected":false},"excerpt":{"rendered":"<p>Immergetevi in un mondo dove\u00a0<strong>Lo stile incontra il comfort<\/strong> con il nostro accappatoio della Grand Hotel Collection. Grazie alla sua incomparabile morbidezza e alle propriet\u00e0 ecologiche del bamb\u00f9, asciugarsi dopo la doccia sar\u00e0 il momento pi\u00f9 bello della vostra routine quotidiana.<\/p>\n<p>Un centrotavola che unisce comfort, eleganza e durata: un'aggiunta essenziale alla vostra collezione di biancheria.<\/p>","protected":false},"featured_media":271031,"comment_status":"open","ping_status":"closed","template":"","meta":{"_et_pb_use_builder":"","_et_pb_old_content":"","_et_gb_content_width":""},"product_brand":[],"product_cat":[481,480],"product_tag":[404],"class_list":{"0":"post-271077","1":"product","2":"type-product","3":"status-publish","4":"has-post-thumbnail","6":"product_cat-eponge","7":"product_cat-peignoirs-de-luxe","8":"product_tag-peignoir-eponge-grand-hotel","10":"first","11":"instock","12":"featured","13":"taxable","14":"shipping-taxable","15":"purchasable","16":"product-type-variable"},"bundled_by":[],"bundle_stock_status":"instock","bundle_stock_quantity":null,"bundle_virtual":false,"bundle_layout":"","bundle_add_to_cart_form_location":"","bundle_editable_in_cart":false,"bundle_sold_individually_context":"","bundle_item_grouping":"","bundle_min_size":"","bundle_max_size":"","bundle_price":[],"bundled_items":[],"bundle_sell_ids":[],"yoast_head":"<!-- This site is optimized with the Yoast SEO plugin v27.4 - https:\/\/yoast.com\/product\/yoast-seo-wordpress\/ -->\n<title>Peignoir \u00c9ponge en Fibre de Bambou | Collection Grand H\u00f4tel | Sable - Comptoir du Bambou<\/title>\n<meta name=\"description\" content=\"Peignoir sable en bambou et coton, au toucher doux et enveloppant. Un linge de bain premium aux tons naturels. Livraison gratuite.\" \/>\n<meta name=\"robots\" content=\"index, follow, max-snippet:-1, max-image-preview:large, max-video-preview:-1\" \/>\n<link rel=\"canonical\" href=\"https:\/\/www.comptoirdubambou.com\/it\/boutique-en-ligne\/peignoirs-de-luxe\/eponge\/peignoir-sable\/\" \/>\n<meta property=\"og:locale\" content=\"it_IT\" \/>\n<meta property=\"og:type\" content=\"article\" \/>\n<meta property=\"og:title\" content=\"Peignoir \u00c9ponge en Fibre de Bambou | Collection Grand H\u00f4tel | Sable - Comptoir du Bambou\" \/>\n<meta property=\"og:description\" content=\"Peignoir sable en bambou et coton, au toucher doux et enveloppant. Un linge de bain premium aux tons naturels. Livraison gratuite.\" \/>\n<meta property=\"og:url\" content=\"https:\/\/www.comptoirdubambou.com\/it\/boutique-en-ligne\/peignoirs-de-luxe\/eponge\/peignoir-sable\/\" \/>\n<meta property=\"og:site_name\" content=\"Comptoir du Bambou\" \/>\n<meta property=\"article:publisher\" content=\"https:\/\/www.facebook.com\/comptoirdubambou\/\" \/>\n<meta property=\"article:modified_time\" content=\"2026-04-23T01:36:08+00:00\" \/>\n<meta property=\"og:image\" content=\"https:\/\/www.comptoirdubambou.com\/wp-content\/uploads\/2021\/03\/IMG317.jpg\" \/>\n\t<meta property=\"og:image:width\" content=\"1024\" \/>\n\t<meta property=\"og:image:height\" content=\"1024\" \/>\n\t<meta property=\"og:image:type\" content=\"image\/jpeg\" \/>\n<meta name=\"twitter:card\" content=\"summary_large_image\" \/>\n<meta name=\"twitter:label1\" content=\"Tempo di lettura stimato\" \/>\n\t<meta name=\"twitter:data1\" content=\"1 minuto\" \/>\n<script type=\"application\/ld+json\" class=\"yoast-schema-graph\">{\"@context\":\"https:\\\/\\\/schema.org\",\"@graph\":[{\"@type\":\"WebPage\",\"@id\":\"https:\\\/\\\/www.comptoirdubambou.com\\\/boutique-en-ligne\\\/peignoirs-de-luxe\\\/eponge\\\/peignoir-sable\\\/\",\"url\":\"https:\\\/\\\/www.comptoirdubambou.com\\\/boutique-en-ligne\\\/peignoirs-de-luxe\\\/eponge\\\/peignoir-sable\\\/\",\"name\":\"Peignoir \u00c9ponge en Fibre de Bambou | Collection Grand H\u00f4tel | Sable - Comptoir du Bambou\",\"isPartOf\":{\"@id\":\"https:\\\/\\\/www.comptoirdubambou.com\\\/#website\"},\"primaryImageOfPage\":{\"@id\":\"https:\\\/\\\/www.comptoirdubambou.com\\\/boutique-en-ligne\\\/peignoirs-de-luxe\\\/eponge\\\/peignoir-sable\\\/#primaryimage\"},\"image\":{\"@id\":\"https:\\\/\\\/www.comptoirdubambou.com\\\/boutique-en-ligne\\\/peignoirs-de-luxe\\\/eponge\\\/peignoir-sable\\\/#primaryimage\"},\"thumbnailUrl\":\"https:\\\/\\\/www.comptoirdubambou.com\\\/wp-content\\\/uploads\\\/2021\\\/03\\\/IMG317.jpg\",\"datePublished\":\"2026-02-09T09:50:14+00:00\",\"dateModified\":\"2026-04-23T01:36:08+00:00\",\"description\":\"Peignoir sable en bambou et coton, au toucher doux et enveloppant. Un linge de bain premium aux tons naturels. Livraison gratuite.\",\"breadcrumb\":{\"@id\":\"https:\\\/\\\/www.comptoirdubambou.com\\\/boutique-en-ligne\\\/peignoirs-de-luxe\\\/eponge\\\/peignoir-sable\\\/#breadcrumb\"},\"inLanguage\":\"it-IT\",\"potentialAction\":[{\"@type\":\"ReadAction\",\"target\":[\"https:\\\/\\\/www.comptoirdubambou.com\\\/boutique-en-ligne\\\/peignoirs-de-luxe\\\/eponge\\\/peignoir-sable\\\/\"]}]},{\"@type\":\"ImageObject\",\"inLanguage\":\"it-IT\",\"@id\":\"https:\\\/\\\/www.comptoirdubambou.com\\\/boutique-en-ligne\\\/peignoirs-de-luxe\\\/eponge\\\/peignoir-sable\\\/#primaryimage\",\"url\":\"https:\\\/\\\/www.comptoirdubambou.com\\\/wp-content\\\/uploads\\\/2021\\\/03\\\/IMG317.jpg\",\"contentUrl\":\"https:\\\/\\\/www.comptoirdubambou.com\\\/wp-content\\\/uploads\\\/2021\\\/03\\\/IMG317.jpg\",\"width\":1024,\"height\":1024,\"caption\":\"Peignoir de bain sable dans une ambiance spa\"},{\"@type\":\"BreadcrumbList\",\"@id\":\"https:\\\/\\\/www.comptoirdubambou.com\\\/boutique-en-ligne\\\/peignoirs-de-luxe\\\/eponge\\\/peignoir-sable\\\/#breadcrumb\",\"itemListElement\":[{\"@type\":\"ListItem\",\"position\":1,\"name\":\"Accueil\",\"item\":\"https:\\\/\\\/www.comptoirdubambou.com\\\/\"},{\"@type\":\"ListItem\",\"position\":2,\"name\":\"Boutique en ligne\",\"item\":\"https:\\\/\\\/www.comptoirdubambou.com\\\/linge-maison-fibre-bambou-luxe\\\/\"},{\"@type\":\"ListItem\",\"position\":3,\"name\":\"Peignoir \u00c9ponge en Fibre de Bambou | Collection Grand H\u00f4tel | Sable\"}]},{\"@type\":\"WebSite\",\"@id\":\"https:\\\/\\\/www.comptoirdubambou.com\\\/#website\",\"url\":\"https:\\\/\\\/www.comptoirdubambou.com\\\/\",\"name\":\"Comptoir du Bambou\",\"description\":\"Linge de maison haut de gamme en fibre de bambou\",\"publisher\":{\"@id\":\"https:\\\/\\\/www.comptoirdubambou.com\\\/#organization\"},\"potentialAction\":[{\"@type\":\"SearchAction\",\"target\":{\"@type\":\"EntryPoint\",\"urlTemplate\":\"https:\\\/\\\/www.comptoirdubambou.com\\\/?s={search_term_string}\"},\"query-input\":{\"@type\":\"PropertyValueSpecification\",\"valueRequired\":true,\"valueName\":\"search_term_string\"}}],\"inLanguage\":\"it-IT\"},{\"@type\":\"Organization\",\"@id\":\"https:\\\/\\\/www.comptoirdubambou.com\\\/#organization\",\"name\":\"Comptoir du Bambou\",\"url\":\"https:\\\/\\\/www.comptoirdubambou.com\\\/\",\"logo\":{\"@type\":\"ImageObject\",\"inLanguage\":\"it-IT\",\"@id\":\"https:\\\/\\\/www.comptoirdubambou.com\\\/#\\\/schema\\\/logo\\\/image\\\/\",\"url\":\"https:\\\/\\\/www.comptoirdubambou.com\\\/wp-content\\\/uploads\\\/2021\\\/06\\\/Logo_Comptoir_du_Bambou_2019_V_CMJN.png\",\"contentUrl\":\"https:\\\/\\\/www.comptoirdubambou.com\\\/wp-content\\\/uploads\\\/2021\\\/06\\\/Logo_Comptoir_du_Bambou_2019_V_CMJN.png\",\"width\":644,\"height\":183,\"caption\":\"Comptoir du Bambou\"},\"image\":{\"@id\":\"https:\\\/\\\/www.comptoirdubambou.com\\\/#\\\/schema\\\/logo\\\/image\\\/\"},\"sameAs\":[\"https:\\\/\\\/www.facebook.com\\\/comptoirdubambou\\\/\",\"https:\\\/\\\/www.instagram.com\\\/comptoirdubambou\\\/\",\"https:\\\/\\\/www.linkedin.com\\\/company\\\/18254596\\\/\"]}]}<\/script>\n<!-- \/ Yoast SEO plugin. -->","yoast_head_json":{"title":"Peignoir \u00c9ponge en Fibre de Bambou | Collection Grand H\u00f4tel | Sable - Comptoir du Bambou","description":"Peignoir sable en bambou et coton, au toucher doux et enveloppant. Un linge de bain premium aux tons naturels. Livraison gratuite.","robots":{"index":"index","follow":"follow","max-snippet":"max-snippet:-1","max-image-preview":"max-image-preview:large","max-video-preview":"max-video-preview:-1"},"canonical":"https:\/\/www.comptoirdubambou.com\/it\/boutique-en-ligne\/peignoirs-de-luxe\/eponge\/peignoir-sable\/","og_locale":"it_IT","og_type":"article","og_title":"Peignoir \u00c9ponge en Fibre de Bambou | Collection Grand H\u00f4tel | Sable - Comptoir du Bambou","og_description":"Peignoir sable en bambou et coton, au toucher doux et enveloppant. Un linge de bain premium aux tons naturels. Livraison gratuite.","og_url":"https:\/\/www.comptoirdubambou.com\/it\/boutique-en-ligne\/peignoirs-de-luxe\/eponge\/peignoir-sable\/","og_site_name":"Comptoir du Bambou","article_publisher":"https:\/\/www.facebook.com\/comptoirdubambou\/","article_modified_time":"2026-04-23T01:36:08+00:00","og_image":[{"width":1024,"height":1024,"url":"https:\/\/www.comptoirdubambou.com\/wp-content\/uploads\/2021\/03\/IMG317.jpg","type":"image\/jpeg"}],"twitter_card":"summary_large_image","twitter_misc":{"Tempo di lettura stimato":"1 minuto"},"schema":{"@context":"https:\/\/schema.org","@graph":[{"@type":"WebPage","@id":"https:\/\/www.comptoirdubambou.com\/boutique-en-ligne\/peignoirs-de-luxe\/eponge\/peignoir-sable\/","url":"https:\/\/www.comptoirdubambou.com\/boutique-en-ligne\/peignoirs-de-luxe\/eponge\/peignoir-sable\/","name":"Peignoir \u00c9ponge en Fibre de Bambou | Collection Grand H\u00f4tel | Sable - Comptoir du Bambou","isPartOf":{"@id":"https:\/\/www.comptoirdubambou.com\/#website"},"primaryImageOfPage":{"@id":"https:\/\/www.comptoirdubambou.com\/boutique-en-ligne\/peignoirs-de-luxe\/eponge\/peignoir-sable\/#primaryimage"},"image":{"@id":"https:\/\/www.comptoirdubambou.com\/boutique-en-ligne\/peignoirs-de-luxe\/eponge\/peignoir-sable\/#primaryimage"},"thumbnailUrl":"https:\/\/www.comptoirdubambou.com\/wp-content\/uploads\/2021\/03\/IMG317.jpg","datePublished":"2026-02-09T09:50:14+00:00","dateModified":"2026-04-23T01:36:08+00:00","description":"Peignoir sable en bambou et coton, au toucher doux et enveloppant. Un linge de bain premium aux tons naturels. Livraison gratuite.","breadcrumb":{"@id":"https:\/\/www.comptoirdubambou.com\/boutique-en-ligne\/peignoirs-de-luxe\/eponge\/peignoir-sable\/#breadcrumb"},"inLanguage":"it-IT","potentialAction":[{"@type":"ReadAction","target":["https:\/\/www.comptoirdubambou.com\/boutique-en-ligne\/peignoirs-de-luxe\/eponge\/peignoir-sable\/"]}]},{"@type":"ImageObject","inLanguage":"it-IT","@id":"https:\/\/www.comptoirdubambou.com\/boutique-en-ligne\/peignoirs-de-luxe\/eponge\/peignoir-sable\/#primaryimage","url":"https:\/\/www.comptoirdubambou.com\/wp-content\/uploads\/2021\/03\/IMG317.jpg","contentUrl":"https:\/\/www.comptoirdubambou.com\/wp-content\/uploads\/2021\/03\/IMG317.jpg","width":1024,"height":1024,"caption":"Peignoir de bain sable dans une ambiance spa"},{"@type":"BreadcrumbList","@id":"https:\/\/www.comptoirdubambou.com\/boutique-en-ligne\/peignoirs-de-luxe\/eponge\/peignoir-sable\/#breadcrumb","itemListElement":[{"@type":"ListItem","position":1,"name":"Accueil","item":"https:\/\/www.comptoirdubambou.com\/"},{"@type":"ListItem","position":2,"name":"Boutique en ligne","item":"https:\/\/www.comptoirdubambou.com\/linge-maison-fibre-bambou-luxe\/"},{"@type":"ListItem","position":3,"name":"Peignoir \u00c9ponge en Fibre de Bambou | Collection Grand H\u00f4tel | Sable"}]},{"@type":"WebSite","@id":"https:\/\/www.comptoirdubambou.com\/#website","url":"https:\/\/www.comptoirdubambou.com\/","name":"Comptoir du Bambou","description":"Biancheria per la casa di alta qualit\u00e0 in fibra di bamb\u00f9","publisher":{"@id":"https:\/\/www.comptoirdubambou.com\/#organization"},"potentialAction":[{"@type":"SearchAction","target":{"@type":"EntryPoint","urlTemplate":"https:\/\/www.comptoirdubambou.com\/?s={search_term_string}"},"query-input":{"@type":"PropertyValueSpecification","valueRequired":true,"valueName":"search_term_string"}}],"inLanguage":"it-IT"},{"@type":"Organization","@id":"https:\/\/www.comptoirdubambou.com\/#organization","name":"Comptoir du Bambou","url":"https:\/\/www.comptoirdubambou.com\/","logo":{"@type":"ImageObject","inLanguage":"it-IT","@id":"https:\/\/www.comptoirdubambou.com\/#\/schema\/logo\/image\/","url":"https:\/\/www.comptoirdubambou.com\/wp-content\/uploads\/2021\/06\/Logo_Comptoir_du_Bambou_2019_V_CMJN.png","contentUrl":"https:\/\/www.comptoirdubambou.com\/wp-content\/uploads\/2021\/06\/Logo_Comptoir_du_Bambou_2019_V_CMJN.png","width":644,"height":183,"caption":"Comptoir du Bambou"},"image":{"@id":"https:\/\/www.comptoirdubambou.com\/#\/schema\/logo\/image\/"},"sameAs":["https:\/\/www.facebook.com\/comptoirdubambou\/","https:\/\/www.instagram.com\/comptoirdubambou\/","https:\/\/www.linkedin.com\/company\/18254596\/"]}]}},"_links":{"self":[{"href":"https:\/\/www.comptoirdubambou.com\/it\/wp-json\/wp\/v2\/product\/271077","targetHints":{"allow":["GET"]}}],"collection":[{"href":"https:\/\/www.comptoirdubambou.com\/it\/wp-json\/wp\/v2\/product"}],"about":[{"href":"https:\/\/www.comptoirdubambou.com\/it\/wp-json\/wp\/v2\/types\/product"}],"replies":[{"embeddable":true,"href":"https:\/\/www.comptoirdubambou.com\/it\/wp-json\/wp\/v2\/comments?post=271077"}],"wp:featuredmedia":[{"embeddable":true,"href":"https:\/\/www.comptoirdubambou.com\/it\/wp-json\/wp\/v2\/media\/271031"}],"wp:attachment":[{"href":"https:\/\/www.comptoirdubambou.com\/it\/wp-json\/wp\/v2\/media?parent=271077"}],"wp:term":[{"taxonomy":"product_brand","embeddable":true,"href":"https:\/\/www.comptoirdubambou.com\/it\/wp-json\/wp\/v2\/product_brand?post=271077"},{"taxonomy":"product_cat","embeddable":true,"href":"https:\/\/www.comptoirdubambou.com\/it\/wp-json\/wp\/v2\/product_cat?post=271077"},{"taxonomy":"product_tag","embeddable":true,"href":"https:\/\/www.comptoirdubambou.com\/it\/wp-json\/wp\/v2\/product_tag?post=271077"}],"curies":[{"name":"wp","href":"https:\/\/api.w.org\/{rel}","templated":true}]}}