{"id":269919,"date":"2025-12-01T10:42:34","date_gmt":"2025-12-01T09:42:34","guid":{"rendered":"https:\/\/www.comptoirdubambou.com\/?post_type=product&#038;p=269919"},"modified":"2026-05-01T03:25:13","modified_gmt":"2026-05-01T01:25:13","slug":"set-bain-bambou-luxe","status":"publish","type":"product","link":"https:\/\/www.comptoirdubambou.com\/it\/boutique-en-ligne\/linge-de-bain\/collection-8-millimetres\/set-bain-bambou-luxe\/","title":{"rendered":"Set de bain | Colleciton 8 Millim\u00e8tres | Vitamine"},"content":{"rendered":"<p style=\"text-align: left;\"><b>Collezione\u00a0 \u00a0 \u00a0 \u00a0 \u00a0<\/b>8 millimetri<\/p>\n<p style=\"text-align: left;\"><b>Dimensioni\u00a0 \u00a0 \u00a0 <\/b>Asciugamano 90\u00d7150 cm | Asciugamano 50\u00d7100 cm<\/p>\n<p style=\"text-align: left;\"><b>Grammatura\u00a0 \u00a0 \u00a0 \u00a0<\/b>550 g\/m2<\/p>\n<p style=\"text-align: left;\"><b>Composizione\u00a0 \u00a0 <\/b>Fibra B. | Bamb\u00f9 e cotone egiziano<\/p>","protected":false},"excerpt":{"rendered":"<div class=\"et_pb_module et_pb_wc_description et_pb_wc_description_0_tb_body et_pb_bg_layout_light et_pb_text_align_left\">\n<div class=\"et_pb_module_inner\">\n<div class=\"et_pb_module et_pb_wc_description et_pb_wc_description_0_tb_body et_pb_bg_layout_light et_pb_text_align_left\">\n<div class=\"et_pb_module_inner\">\n<div class=\"et_pb_module et_pb_wc_description et_pb_wc_description_0_tb_body et_pb_bg_layout_light et_pb_text_align_left\">\n<div class=\"et_pb_module_inner\">\n<p>Immergetevi in un mondo dove\u00a0<strong>Lo stile incontra il comfort<\/strong> con i nostri set da bagno della Collezione 8 Millimetri. Grazie alla sua incomparabile morbidezza e alle propriet\u00e0 ecologiche del bamb\u00f9, l'asciugatura dopo la doccia sar\u00e0 il momento clou della vostra routine quotidiana.<\/p>\n<p>Un centrotavola che unisce comfort, eleganza e durata: un'aggiunta essenziale alla vostra collezione di biancheria.<\/p>\n<\/div>\n<\/div>\n<\/div>\n<\/div>\n<\/div>\n<\/div>","protected":false},"featured_media":251352,"comment_status":"open","ping_status":"closed","template":"","meta":{"_et_pb_use_builder":"","_et_pb_old_content":"","_et_gb_content_width":""},"product_brand":[],"product_cat":[459,458,463,138,286,333],"product_tag":[388],"class_list":{"0":"post-269919","1":"product","2":"type-product","3":"status-publish","4":"has-post-thumbnail","6":"product_cat-draps-de-bain","7":"product_cat-serviettes-de-toilette","8":"product_cat-set-de-serviettes","9":"product_cat-tous-nos-produits","10":"product_cat-linge-de-bain","11":"product_cat-collection-8-millimetres","12":"product_tag-set-de-bain-8-millimetres","14":"first","15":"instock","16":"featured","17":"taxable","18":"shipping-taxable","19":"purchasable","20":"product-type-variable"},"bundled_by":[],"bundle_stock_status":"instock","bundle_stock_quantity":null,"bundle_virtual":false,"bundle_layout":"","bundle_add_to_cart_form_location":"","bundle_editable_in_cart":false,"bundle_sold_individually_context":"","bundle_item_grouping":"","bundle_min_size":"","bundle_max_size":"","bundle_price":[],"bundled_items":[],"bundle_sell_ids":[],"yoast_head":"<!-- This site is optimized with the Yoast SEO plugin v27.4 - https:\/\/yoast.com\/product\/yoast-seo-wordpress\/ -->\n<title>Set de bain | Colleciton 8 Millim\u00e8tres | Vitamine - Comptoir du Bambou<\/title>\n<meta name=\"description\" content=\"D\u00e9couvrez les sets de bain en bambou Comptoir du Bambou : une douceur exceptionnelle, un design \u00e9l\u00e9gant et une durabilit\u00e9 incomparable pour un confort h\u00f4telier \u00e0 domicile.\" \/>\n<meta name=\"robots\" content=\"index, follow, max-snippet:-1, max-image-preview:large, max-video-preview:-1\" \/>\n<link rel=\"canonical\" href=\"https:\/\/www.comptoirdubambou.com\/it\/boutique-en-ligne\/linge-de-bain\/collection-8-millimetres\/set-bain-bambou-luxe\/\" \/>\n<meta property=\"og:locale\" content=\"it_IT\" \/>\n<meta property=\"og:type\" content=\"article\" \/>\n<meta property=\"og:title\" content=\"Set de bain | Colleciton 8 Millim\u00e8tres | Vitamine - Comptoir du Bambou\" \/>\n<meta property=\"og:description\" content=\"D\u00e9couvrez les sets de bain en bambou Comptoir du Bambou : une douceur exceptionnelle, un design \u00e9l\u00e9gant et une durabilit\u00e9 incomparable pour un confort h\u00f4telier \u00e0 domicile.\" \/>\n<meta property=\"og:url\" content=\"https:\/\/www.comptoirdubambou.com\/it\/boutique-en-ligne\/linge-de-bain\/collection-8-millimetres\/set-bain-bambou-luxe\/\" \/>\n<meta property=\"og:site_name\" content=\"Comptoir du Bambou\" \/>\n<meta property=\"article:publisher\" content=\"https:\/\/www.facebook.com\/comptoirdubambou\/\" \/>\n<meta property=\"article:modified_time\" content=\"2026-05-01T01:25:13+00:00\" \/>\n<meta property=\"og:image\" content=\"https:\/\/www.comptoirdubambou.com\/wp-content\/uploads\/2023\/12\/Set-orange-petit.jpg\" \/>\n\t<meta property=\"og:image:width\" content=\"1040\" \/>\n\t<meta property=\"og:image:height\" content=\"1040\" \/>\n\t<meta property=\"og:image:type\" content=\"image\/jpeg\" \/>\n<meta name=\"twitter:card\" content=\"summary_large_image\" \/>\n<meta name=\"twitter:label1\" content=\"Tempo di lettura stimato\" \/>\n\t<meta name=\"twitter:data1\" content=\"1 minuto\" \/>\n<script type=\"application\/ld+json\" class=\"yoast-schema-graph\">{\"@context\":\"https:\\\/\\\/schema.org\",\"@graph\":[{\"@type\":\"WebPage\",\"@id\":\"https:\\\/\\\/www.comptoirdubambou.com\\\/boutique-en-ligne\\\/linge-de-bain\\\/collection-8-millimetres\\\/set-bain-bambou-luxe\\\/\",\"url\":\"https:\\\/\\\/www.comptoirdubambou.com\\\/boutique-en-ligne\\\/linge-de-bain\\\/collection-8-millimetres\\\/set-bain-bambou-luxe\\\/\",\"name\":\"Set de bain | Colleciton 8 Millim\u00e8tres | Vitamine - Comptoir du Bambou\",\"isPartOf\":{\"@id\":\"https:\\\/\\\/www.comptoirdubambou.com\\\/#website\"},\"primaryImageOfPage\":{\"@id\":\"https:\\\/\\\/www.comptoirdubambou.com\\\/boutique-en-ligne\\\/linge-de-bain\\\/collection-8-millimetres\\\/set-bain-bambou-luxe\\\/#primaryimage\"},\"image\":{\"@id\":\"https:\\\/\\\/www.comptoirdubambou.com\\\/boutique-en-ligne\\\/linge-de-bain\\\/collection-8-millimetres\\\/set-bain-bambou-luxe\\\/#primaryimage\"},\"thumbnailUrl\":\"https:\\\/\\\/www.comptoirdubambou.com\\\/wp-content\\\/uploads\\\/2023\\\/12\\\/Set-orange-petit.jpg\",\"datePublished\":\"2025-12-01T09:42:34+00:00\",\"dateModified\":\"2026-05-01T01:25:13+00:00\",\"description\":\"D\u00e9couvrez les sets de bain en bambou Comptoir du Bambou : une douceur exceptionnelle, un design \u00e9l\u00e9gant et une durabilit\u00e9 incomparable pour un confort h\u00f4telier \u00e0 domicile.\",\"breadcrumb\":{\"@id\":\"https:\\\/\\\/www.comptoirdubambou.com\\\/boutique-en-ligne\\\/linge-de-bain\\\/collection-8-millimetres\\\/set-bain-bambou-luxe\\\/#breadcrumb\"},\"inLanguage\":\"it-IT\",\"potentialAction\":[{\"@type\":\"ReadAction\",\"target\":[\"https:\\\/\\\/www.comptoirdubambou.com\\\/boutique-en-ligne\\\/linge-de-bain\\\/collection-8-millimetres\\\/set-bain-bambou-luxe\\\/\"]}]},{\"@type\":\"ImageObject\",\"inLanguage\":\"it-IT\",\"@id\":\"https:\\\/\\\/www.comptoirdubambou.com\\\/boutique-en-ligne\\\/linge-de-bain\\\/collection-8-millimetres\\\/set-bain-bambou-luxe\\\/#primaryimage\",\"url\":\"https:\\\/\\\/www.comptoirdubambou.com\\\/wp-content\\\/uploads\\\/2023\\\/12\\\/Set-orange-petit.jpg\",\"contentUrl\":\"https:\\\/\\\/www.comptoirdubambou.com\\\/wp-content\\\/uploads\\\/2023\\\/12\\\/Set-orange-petit.jpg\",\"width\":1040,\"height\":1040,\"caption\":\"Le raffinement rencontre la durabilit\u00e9. Nos serviettes en fibre de bambou haut de gamme allient luxe et respect de l'environnement. Con\u00e7ues pour une douceur in\u00e9gal\u00e9e, elles incarnent l'excellence du confort tout en pr\u00e9servant la plan\u00e8te. Red\u00e9finissez votre exp\u00e9rience du quotidien avec notre collection \u00e9co-chic. #LuxurieusementDurable\"},{\"@type\":\"BreadcrumbList\",\"@id\":\"https:\\\/\\\/www.comptoirdubambou.com\\\/boutique-en-ligne\\\/linge-de-bain\\\/collection-8-millimetres\\\/set-bain-bambou-luxe\\\/#breadcrumb\",\"itemListElement\":[{\"@type\":\"ListItem\",\"position\":1,\"name\":\"Accueil\",\"item\":\"https:\\\/\\\/www.comptoirdubambou.com\\\/\"},{\"@type\":\"ListItem\",\"position\":2,\"name\":\"Boutique en ligne\",\"item\":\"https:\\\/\\\/www.comptoirdubambou.com\\\/linge-maison-fibre-bambou-luxe\\\/\"},{\"@type\":\"ListItem\",\"position\":3,\"name\":\"Set de bain | Colleciton 8 Millim\u00e8tres | Vitamine\"}]},{\"@type\":\"WebSite\",\"@id\":\"https:\\\/\\\/www.comptoirdubambou.com\\\/#website\",\"url\":\"https:\\\/\\\/www.comptoirdubambou.com\\\/\",\"name\":\"Comptoir du Bambou\",\"description\":\"Linge de maison haut de gamme en fibre de bambou\",\"publisher\":{\"@id\":\"https:\\\/\\\/www.comptoirdubambou.com\\\/#organization\"},\"potentialAction\":[{\"@type\":\"SearchAction\",\"target\":{\"@type\":\"EntryPoint\",\"urlTemplate\":\"https:\\\/\\\/www.comptoirdubambou.com\\\/?s={search_term_string}\"},\"query-input\":{\"@type\":\"PropertyValueSpecification\",\"valueRequired\":true,\"valueName\":\"search_term_string\"}}],\"inLanguage\":\"it-IT\"},{\"@type\":\"Organization\",\"@id\":\"https:\\\/\\\/www.comptoirdubambou.com\\\/#organization\",\"name\":\"Comptoir du Bambou\",\"url\":\"https:\\\/\\\/www.comptoirdubambou.com\\\/\",\"logo\":{\"@type\":\"ImageObject\",\"inLanguage\":\"it-IT\",\"@id\":\"https:\\\/\\\/www.comptoirdubambou.com\\\/#\\\/schema\\\/logo\\\/image\\\/\",\"url\":\"https:\\\/\\\/www.comptoirdubambou.com\\\/wp-content\\\/uploads\\\/2021\\\/06\\\/Logo_Comptoir_du_Bambou_2019_V_CMJN.png\",\"contentUrl\":\"https:\\\/\\\/www.comptoirdubambou.com\\\/wp-content\\\/uploads\\\/2021\\\/06\\\/Logo_Comptoir_du_Bambou_2019_V_CMJN.png\",\"width\":644,\"height\":183,\"caption\":\"Comptoir du Bambou\"},\"image\":{\"@id\":\"https:\\\/\\\/www.comptoirdubambou.com\\\/#\\\/schema\\\/logo\\\/image\\\/\"},\"sameAs\":[\"https:\\\/\\\/www.facebook.com\\\/comptoirdubambou\\\/\",\"https:\\\/\\\/www.instagram.com\\\/comptoirdubambou\\\/\",\"https:\\\/\\\/www.linkedin.com\\\/company\\\/18254596\\\/\"]}]}<\/script>\n<!-- \/ Yoast SEO plugin. -->","yoast_head_json":{"title":"Set de bain | Colleciton 8 Millim\u00e8tres | Vitamine - Comptoir du Bambou","description":"D\u00e9couvrez les sets de bain en bambou Comptoir du Bambou : une douceur exceptionnelle, un design \u00e9l\u00e9gant et une durabilit\u00e9 incomparable pour un confort h\u00f4telier \u00e0 domicile.","robots":{"index":"index","follow":"follow","max-snippet":"max-snippet:-1","max-image-preview":"max-image-preview:large","max-video-preview":"max-video-preview:-1"},"canonical":"https:\/\/www.comptoirdubambou.com\/it\/boutique-en-ligne\/linge-de-bain\/collection-8-millimetres\/set-bain-bambou-luxe\/","og_locale":"it_IT","og_type":"article","og_title":"Set de bain | Colleciton 8 Millim\u00e8tres | Vitamine - Comptoir du Bambou","og_description":"D\u00e9couvrez les sets de bain en bambou Comptoir du Bambou : une douceur exceptionnelle, un design \u00e9l\u00e9gant et une durabilit\u00e9 incomparable pour un confort h\u00f4telier \u00e0 domicile.","og_url":"https:\/\/www.comptoirdubambou.com\/it\/boutique-en-ligne\/linge-de-bain\/collection-8-millimetres\/set-bain-bambou-luxe\/","og_site_name":"Comptoir du Bambou","article_publisher":"https:\/\/www.facebook.com\/comptoirdubambou\/","article_modified_time":"2026-05-01T01:25:13+00:00","og_image":[{"width":1040,"height":1040,"url":"https:\/\/www.comptoirdubambou.com\/wp-content\/uploads\/2023\/12\/Set-orange-petit.jpg","type":"image\/jpeg"}],"twitter_card":"summary_large_image","twitter_misc":{"Tempo di lettura stimato":"1 minuto"},"schema":{"@context":"https:\/\/schema.org","@graph":[{"@type":"WebPage","@id":"https:\/\/www.comptoirdubambou.com\/boutique-en-ligne\/linge-de-bain\/collection-8-millimetres\/set-bain-bambou-luxe\/","url":"https:\/\/www.comptoirdubambou.com\/boutique-en-ligne\/linge-de-bain\/collection-8-millimetres\/set-bain-bambou-luxe\/","name":"Set de bain | Colleciton 8 Millim\u00e8tres | Vitamine - Comptoir du Bambou","isPartOf":{"@id":"https:\/\/www.comptoirdubambou.com\/#website"},"primaryImageOfPage":{"@id":"https:\/\/www.comptoirdubambou.com\/boutique-en-ligne\/linge-de-bain\/collection-8-millimetres\/set-bain-bambou-luxe\/#primaryimage"},"image":{"@id":"https:\/\/www.comptoirdubambou.com\/boutique-en-ligne\/linge-de-bain\/collection-8-millimetres\/set-bain-bambou-luxe\/#primaryimage"},"thumbnailUrl":"https:\/\/www.comptoirdubambou.com\/wp-content\/uploads\/2023\/12\/Set-orange-petit.jpg","datePublished":"2025-12-01T09:42:34+00:00","dateModified":"2026-05-01T01:25:13+00:00","description":"D\u00e9couvrez les sets de bain en bambou Comptoir du Bambou : une douceur exceptionnelle, un design \u00e9l\u00e9gant et une durabilit\u00e9 incomparable pour un confort h\u00f4telier \u00e0 domicile.","breadcrumb":{"@id":"https:\/\/www.comptoirdubambou.com\/boutique-en-ligne\/linge-de-bain\/collection-8-millimetres\/set-bain-bambou-luxe\/#breadcrumb"},"inLanguage":"it-IT","potentialAction":[{"@type":"ReadAction","target":["https:\/\/www.comptoirdubambou.com\/boutique-en-ligne\/linge-de-bain\/collection-8-millimetres\/set-bain-bambou-luxe\/"]}]},{"@type":"ImageObject","inLanguage":"it-IT","@id":"https:\/\/www.comptoirdubambou.com\/boutique-en-ligne\/linge-de-bain\/collection-8-millimetres\/set-bain-bambou-luxe\/#primaryimage","url":"https:\/\/www.comptoirdubambou.com\/wp-content\/uploads\/2023\/12\/Set-orange-petit.jpg","contentUrl":"https:\/\/www.comptoirdubambou.com\/wp-content\/uploads\/2023\/12\/Set-orange-petit.jpg","width":1040,"height":1040,"caption":"Le raffinement rencontre la durabilit\u00e9. Nos serviettes en fibre de bambou haut de gamme allient luxe et respect de l'environnement. Con\u00e7ues pour une douceur in\u00e9gal\u00e9e, elles incarnent l'excellence du confort tout en pr\u00e9servant la plan\u00e8te. Red\u00e9finissez votre exp\u00e9rience du quotidien avec notre collection \u00e9co-chic. #LuxurieusementDurable"},{"@type":"BreadcrumbList","@id":"https:\/\/www.comptoirdubambou.com\/boutique-en-ligne\/linge-de-bain\/collection-8-millimetres\/set-bain-bambou-luxe\/#breadcrumb","itemListElement":[{"@type":"ListItem","position":1,"name":"Accueil","item":"https:\/\/www.comptoirdubambou.com\/"},{"@type":"ListItem","position":2,"name":"Boutique en ligne","item":"https:\/\/www.comptoirdubambou.com\/linge-maison-fibre-bambou-luxe\/"},{"@type":"ListItem","position":3,"name":"Set de bain | Colleciton 8 Millim\u00e8tres | Vitamine"}]},{"@type":"WebSite","@id":"https:\/\/www.comptoirdubambou.com\/#website","url":"https:\/\/www.comptoirdubambou.com\/","name":"Comptoir du Bambou","description":"Biancheria per la casa di alta qualit\u00e0 in fibra di bamb\u00f9","publisher":{"@id":"https:\/\/www.comptoirdubambou.com\/#organization"},"potentialAction":[{"@type":"SearchAction","target":{"@type":"EntryPoint","urlTemplate":"https:\/\/www.comptoirdubambou.com\/?s={search_term_string}"},"query-input":{"@type":"PropertyValueSpecification","valueRequired":true,"valueName":"search_term_string"}}],"inLanguage":"it-IT"},{"@type":"Organization","@id":"https:\/\/www.comptoirdubambou.com\/#organization","name":"Comptoir du Bambou","url":"https:\/\/www.comptoirdubambou.com\/","logo":{"@type":"ImageObject","inLanguage":"it-IT","@id":"https:\/\/www.comptoirdubambou.com\/#\/schema\/logo\/image\/","url":"https:\/\/www.comptoirdubambou.com\/wp-content\/uploads\/2021\/06\/Logo_Comptoir_du_Bambou_2019_V_CMJN.png","contentUrl":"https:\/\/www.comptoirdubambou.com\/wp-content\/uploads\/2021\/06\/Logo_Comptoir_du_Bambou_2019_V_CMJN.png","width":644,"height":183,"caption":"Comptoir du Bambou"},"image":{"@id":"https:\/\/www.comptoirdubambou.com\/#\/schema\/logo\/image\/"},"sameAs":["https:\/\/www.facebook.com\/comptoirdubambou\/","https:\/\/www.instagram.com\/comptoirdubambou\/","https:\/\/www.linkedin.com\/company\/18254596\/"]}]}},"_links":{"self":[{"href":"https:\/\/www.comptoirdubambou.com\/it\/wp-json\/wp\/v2\/product\/269919","targetHints":{"allow":["GET"]}}],"collection":[{"href":"https:\/\/www.comptoirdubambou.com\/it\/wp-json\/wp\/v2\/product"}],"about":[{"href":"https:\/\/www.comptoirdubambou.com\/it\/wp-json\/wp\/v2\/types\/product"}],"replies":[{"embeddable":true,"href":"https:\/\/www.comptoirdubambou.com\/it\/wp-json\/wp\/v2\/comments?post=269919"}],"wp:featuredmedia":[{"embeddable":true,"href":"https:\/\/www.comptoirdubambou.com\/it\/wp-json\/wp\/v2\/media\/251352"}],"wp:attachment":[{"href":"https:\/\/www.comptoirdubambou.com\/it\/wp-json\/wp\/v2\/media?parent=269919"}],"wp:term":[{"taxonomy":"product_brand","embeddable":true,"href":"https:\/\/www.comptoirdubambou.com\/it\/wp-json\/wp\/v2\/product_brand?post=269919"},{"taxonomy":"product_cat","embeddable":true,"href":"https:\/\/www.comptoirdubambou.com\/it\/wp-json\/wp\/v2\/product_cat?post=269919"},{"taxonomy":"product_tag","embeddable":true,"href":"https:\/\/www.comptoirdubambou.com\/it\/wp-json\/wp\/v2\/product_tag?post=269919"}],"curies":[{"name":"wp","href":"https:\/\/api.w.org\/{rel}","templated":true}]}}