{"id":269903,"date":"2025-12-01T10:42:22","date_gmt":"2025-12-01T09:42:22","guid":{"rendered":"https:\/\/www.comptoirdubambou.com\/?post_type=product&#038;p=269903"},"modified":"2026-05-01T03:25:35","modified_gmt":"2026-05-01T01:25:35","slug":"serviettes-bain-qualite-hotel","status":"publish","type":"product","link":"https:\/\/www.comptoirdubambou.com\/it\/boutique-en-ligne\/linge-de-bain\/collection-grand-hotel\/serviettes-bain-qualite-hotel\/","title":{"rendered":"Set de bain 2 personnes | Collection Grand H\u00f4tel | Ivoire"},"content":{"rendered":"<p style=\"text-align: left;\"><b>Collezione\u00a0 \u00a0 \u00a0 \u00a0 \u00a0 <\/b>Grand H\u00f4tel<\/p>\n<p style=\"text-align: left;\"><b>Dimensioni\u00a0 \u00a0 \u00a0 <\/b>3 quadrati di mano 30\u00d730 cm<\/p>\n<p>\u00a0 \u00a0 \u00a0 \u00a0 \u00a0 \u00a0 \u00a0 \u00a0 \u00a0 \u00a0 \u00a0 \u00a0 \u00a0 2 asciugamani 50\u00d7100 cm<\/p>\n<p style=\"text-align: left;\">\u00a0 \u00a0 \u00a0 \u00a0 \u00a0 \u00a0 \u00a0 \u00a0 \u00a0 \u00a0 \u00a0 \u00a0 \u00a0 2 lenzuola da bagno 90\u00d7150 cm<\/p>\n<p>\u00a0 \u00a0 \u00a0 \u00a0 \u00a0 \u00a0 \u00a0 \u00a0 \u00a0 \u00a0 \u00a0 \u00a0 \u00a0 1 tappetino da bagno 50\u00d770 cm<\/p>\n<p style=\"text-align: left;\"><b>Grammatura\u00a0 \u00a0 \u00a0 \u00a0<\/b>550g\/m2<\/p>\n<p style=\"text-align: left;\"><b>Composizione\u00a0 \u00a0 <\/b>Fibra B. | Bamb\u00f9 e cotone egiziano<\/p>","protected":false},"excerpt":{"rendered":"<p>Immergetevi in un mondo dove\u00a0<strong>Lo stile incontra il comfort<\/strong> con il nostro set da bagno della Grand Hotel Collection. Grazie alla sua incomparabile morbidezza e alle propriet\u00e0 ecologiche del bamb\u00f9, l'asciugatura dopo la doccia sar\u00e0 il momento clou della vostra routine quotidiana.<\/p>\n<p>Capolavori che combinano comfort, eleganza e durata: un'aggiunta essenziale alla vostra collezione di biancheria.<\/p>","protected":false},"featured_media":252451,"comment_status":"open","ping_status":"closed","template":"","meta":{"_et_pb_use_builder":"","_et_pb_old_content":"","_et_gb_content_width":""},"product_brand":[],"product_cat":[462,459,458,463,461,138,286,332],"product_tag":[407],"class_list":{"0":"post-269903","1":"product","2":"type-product","3":"status-publish","4":"has-post-thumbnail","6":"product_cat-carres-mains","7":"product_cat-draps-de-bain","8":"product_cat-serviettes-de-toilette","9":"product_cat-set-de-serviettes","10":"product_cat-tapis-de-bain","11":"product_cat-tous-nos-produits","12":"product_cat-linge-de-bain","13":"product_cat-collection-grand-hotel","14":"product_tag-set-de-bain-2-personnes-grand-hotel","16":"first","17":"instock","18":"featured","19":"taxable","20":"shipping-taxable","21":"purchasable","22":"product-type-variable"},"bundled_by":[],"bundle_stock_status":"instock","bundle_stock_quantity":null,"bundle_virtual":false,"bundle_layout":"","bundle_add_to_cart_form_location":"","bundle_editable_in_cart":false,"bundle_sold_individually_context":"","bundle_item_grouping":"","bundle_min_size":"","bundle_max_size":"","bundle_price":[],"bundled_items":[],"bundle_sell_ids":[],"yoast_head":"<!-- This site is optimized with the Yoast SEO plugin v27.4 - https:\/\/yoast.com\/product\/yoast-seo-wordpress\/ -->\n<title>Set de bain 2 personnes | Collection Grand H\u00f4tel | Ivoire - Comptoir du Bambou<\/title>\n<meta name=\"description\" content=\"La qualit\u00e9 des plus beaux h\u00f4tels : des serviettes ultra douces, r\u00e9sistantes et absorbantes gr\u00e2ce \u00e0 la fibre de bambou Comptoir du Bambou.\" \/>\n<meta name=\"robots\" content=\"index, follow, max-snippet:-1, max-image-preview:large, max-video-preview:-1\" \/>\n<link rel=\"canonical\" href=\"https:\/\/www.comptoirdubambou.com\/it\/boutique-en-ligne\/linge-de-bain\/collection-grand-hotel\/serviettes-bain-qualite-hotel\/\" \/>\n<meta property=\"og:locale\" content=\"it_IT\" \/>\n<meta property=\"og:type\" content=\"article\" \/>\n<meta property=\"og:title\" content=\"Set de bain 2 personnes | Collection Grand H\u00f4tel | Ivoire - Comptoir du Bambou\" \/>\n<meta property=\"og:description\" content=\"La qualit\u00e9 des plus beaux h\u00f4tels : des serviettes ultra douces, r\u00e9sistantes et absorbantes gr\u00e2ce \u00e0 la fibre de bambou Comptoir du Bambou.\" \/>\n<meta property=\"og:url\" content=\"https:\/\/www.comptoirdubambou.com\/it\/boutique-en-ligne\/linge-de-bain\/collection-grand-hotel\/serviettes-bain-qualite-hotel\/\" \/>\n<meta property=\"og:site_name\" content=\"Comptoir du Bambou\" \/>\n<meta property=\"article:publisher\" content=\"https:\/\/www.facebook.com\/comptoirdubambou\/\" \/>\n<meta property=\"article:modified_time\" content=\"2026-05-01T01:25:35+00:00\" \/>\n<meta property=\"og:image\" content=\"https:\/\/www.comptoirdubambou.com\/wp-content\/uploads\/2024\/04\/SET-BLC.jpg\" \/>\n\t<meta property=\"og:image:width\" content=\"1040\" \/>\n\t<meta property=\"og:image:height\" content=\"1040\" \/>\n\t<meta property=\"og:image:type\" content=\"image\/jpeg\" \/>\n<meta name=\"twitter:card\" content=\"summary_large_image\" \/>\n<meta name=\"twitter:label1\" content=\"Tempo di lettura stimato\" \/>\n\t<meta name=\"twitter:data1\" content=\"1 minuto\" \/>\n<script type=\"application\/ld+json\" class=\"yoast-schema-graph\">{\"@context\":\"https:\\\/\\\/schema.org\",\"@graph\":[{\"@type\":\"WebPage\",\"@id\":\"https:\\\/\\\/www.comptoirdubambou.com\\\/it\\\/boutique-en-ligne\\\/linge-de-bain\\\/collection-grand-hotel\\\/serviettes-bain-qualite-hotel\\\/\",\"url\":\"https:\\\/\\\/www.comptoirdubambou.com\\\/it\\\/boutique-en-ligne\\\/linge-de-bain\\\/collection-grand-hotel\\\/serviettes-bain-qualite-hotel\\\/\",\"name\":\"Set de bain 2 personnes | Collection Grand H\u00f4tel | Ivoire - Comptoir du Bambou\",\"isPartOf\":{\"@id\":\"https:\\\/\\\/www.comptoirdubambou.com\\\/#website\"},\"primaryImageOfPage\":{\"@id\":\"https:\\\/\\\/www.comptoirdubambou.com\\\/it\\\/boutique-en-ligne\\\/linge-de-bain\\\/collection-grand-hotel\\\/serviettes-bain-qualite-hotel\\\/#primaryimage\"},\"image\":{\"@id\":\"https:\\\/\\\/www.comptoirdubambou.com\\\/it\\\/boutique-en-ligne\\\/linge-de-bain\\\/collection-grand-hotel\\\/serviettes-bain-qualite-hotel\\\/#primaryimage\"},\"thumbnailUrl\":\"https:\\\/\\\/www.comptoirdubambou.com\\\/wp-content\\\/uploads\\\/2024\\\/04\\\/SET-BLC.jpg\",\"datePublished\":\"2025-12-01T09:42:22+00:00\",\"dateModified\":\"2026-05-01T01:25:35+00:00\",\"description\":\"La qualit\u00e9 des plus beaux h\u00f4tels : des serviettes ultra douces, r\u00e9sistantes et absorbantes gr\u00e2ce \u00e0 la fibre de bambou Comptoir du Bambou.\",\"breadcrumb\":{\"@id\":\"https:\\\/\\\/www.comptoirdubambou.com\\\/it\\\/boutique-en-ligne\\\/linge-de-bain\\\/collection-grand-hotel\\\/serviettes-bain-qualite-hotel\\\/#breadcrumb\"},\"inLanguage\":\"it-IT\",\"potentialAction\":[{\"@type\":\"ReadAction\",\"target\":[\"https:\\\/\\\/www.comptoirdubambou.com\\\/it\\\/boutique-en-ligne\\\/linge-de-bain\\\/collection-grand-hotel\\\/serviettes-bain-qualite-hotel\\\/\"]}]},{\"@type\":\"ImageObject\",\"inLanguage\":\"it-IT\",\"@id\":\"https:\\\/\\\/www.comptoirdubambou.com\\\/it\\\/boutique-en-ligne\\\/linge-de-bain\\\/collection-grand-hotel\\\/serviettes-bain-qualite-hotel\\\/#primaryimage\",\"url\":\"https:\\\/\\\/www.comptoirdubambou.com\\\/wp-content\\\/uploads\\\/2024\\\/04\\\/SET-BLC.jpg\",\"contentUrl\":\"https:\\\/\\\/www.comptoirdubambou.com\\\/wp-content\\\/uploads\\\/2024\\\/04\\\/SET-BLC.jpg\",\"width\":1040,\"height\":1040,\"caption\":\"Plongez dans le luxe avec notre serviette en ivoire. Con\u00e7ue \u00e0 partir des mat\u00e9riaux les plus prestigieux, elle offre une douceur exquise et une absorption remarquable. Sa couleur ivoire \u00e9l\u00e9gante et ses d\u00e9tails raffin\u00e9s apportent une note de sophistication \u00e0 votre espace de bain. Vivez une exp\u00e9rience de confort supr\u00eame et de style distingu\u00e9 \u00e0 chaque utilisation. Id\u00e9ale pour ceux qui exigent l'excellence au quotidien.\"},{\"@type\":\"BreadcrumbList\",\"@id\":\"https:\\\/\\\/www.comptoirdubambou.com\\\/it\\\/boutique-en-ligne\\\/linge-de-bain\\\/collection-grand-hotel\\\/serviettes-bain-qualite-hotel\\\/#breadcrumb\",\"itemListElement\":[{\"@type\":\"ListItem\",\"position\":1,\"name\":\"Accueil\",\"item\":\"https:\\\/\\\/www.comptoirdubambou.com\\\/\"},{\"@type\":\"ListItem\",\"position\":2,\"name\":\"Boutique en ligne\",\"item\":\"https:\\\/\\\/www.comptoirdubambou.com\\\/linge-maison-fibre-bambou-luxe\\\/\"},{\"@type\":\"ListItem\",\"position\":3,\"name\":\"Set de bain 2 personnes | Collection Grand H\u00f4tel | Ivoire\"}]},{\"@type\":\"WebSite\",\"@id\":\"https:\\\/\\\/www.comptoirdubambou.com\\\/#website\",\"url\":\"https:\\\/\\\/www.comptoirdubambou.com\\\/\",\"name\":\"Comptoir du Bambou\",\"description\":\"Linge de maison haut de gamme en fibre de bambou\",\"publisher\":{\"@id\":\"https:\\\/\\\/www.comptoirdubambou.com\\\/#organization\"},\"potentialAction\":[{\"@type\":\"SearchAction\",\"target\":{\"@type\":\"EntryPoint\",\"urlTemplate\":\"https:\\\/\\\/www.comptoirdubambou.com\\\/?s={search_term_string}\"},\"query-input\":{\"@type\":\"PropertyValueSpecification\",\"valueRequired\":true,\"valueName\":\"search_term_string\"}}],\"inLanguage\":\"it-IT\"},{\"@type\":\"Organization\",\"@id\":\"https:\\\/\\\/www.comptoirdubambou.com\\\/#organization\",\"name\":\"Comptoir du Bambou\",\"url\":\"https:\\\/\\\/www.comptoirdubambou.com\\\/\",\"logo\":{\"@type\":\"ImageObject\",\"inLanguage\":\"it-IT\",\"@id\":\"https:\\\/\\\/www.comptoirdubambou.com\\\/#\\\/schema\\\/logo\\\/image\\\/\",\"url\":\"https:\\\/\\\/www.comptoirdubambou.com\\\/wp-content\\\/uploads\\\/2021\\\/06\\\/Logo_Comptoir_du_Bambou_2019_V_CMJN.png\",\"contentUrl\":\"https:\\\/\\\/www.comptoirdubambou.com\\\/wp-content\\\/uploads\\\/2021\\\/06\\\/Logo_Comptoir_du_Bambou_2019_V_CMJN.png\",\"width\":644,\"height\":183,\"caption\":\"Comptoir du Bambou\"},\"image\":{\"@id\":\"https:\\\/\\\/www.comptoirdubambou.com\\\/#\\\/schema\\\/logo\\\/image\\\/\"},\"sameAs\":[\"https:\\\/\\\/www.facebook.com\\\/comptoirdubambou\\\/\",\"https:\\\/\\\/www.instagram.com\\\/comptoirdubambou\\\/\",\"https:\\\/\\\/www.linkedin.com\\\/company\\\/18254596\\\/\"]}]}<\/script>\n<!-- \/ Yoast SEO plugin. -->","yoast_head_json":{"title":"Set de bain 2 personnes | Collection Grand H\u00f4tel | Ivoire - Comptoir du Bambou","description":"La qualit\u00e9 des plus beaux h\u00f4tels : des serviettes ultra douces, r\u00e9sistantes et absorbantes gr\u00e2ce \u00e0 la fibre de bambou Comptoir du Bambou.","robots":{"index":"index","follow":"follow","max-snippet":"max-snippet:-1","max-image-preview":"max-image-preview:large","max-video-preview":"max-video-preview:-1"},"canonical":"https:\/\/www.comptoirdubambou.com\/it\/boutique-en-ligne\/linge-de-bain\/collection-grand-hotel\/serviettes-bain-qualite-hotel\/","og_locale":"it_IT","og_type":"article","og_title":"Set de bain 2 personnes | Collection Grand H\u00f4tel | Ivoire - Comptoir du Bambou","og_description":"La qualit\u00e9 des plus beaux h\u00f4tels : des serviettes ultra douces, r\u00e9sistantes et absorbantes gr\u00e2ce \u00e0 la fibre de bambou Comptoir du Bambou.","og_url":"https:\/\/www.comptoirdubambou.com\/it\/boutique-en-ligne\/linge-de-bain\/collection-grand-hotel\/serviettes-bain-qualite-hotel\/","og_site_name":"Comptoir du Bambou","article_publisher":"https:\/\/www.facebook.com\/comptoirdubambou\/","article_modified_time":"2026-05-01T01:25:35+00:00","og_image":[{"width":1040,"height":1040,"url":"https:\/\/www.comptoirdubambou.com\/wp-content\/uploads\/2024\/04\/SET-BLC.jpg","type":"image\/jpeg"}],"twitter_card":"summary_large_image","twitter_misc":{"Tempo di lettura stimato":"1 minuto"},"schema":{"@context":"https:\/\/schema.org","@graph":[{"@type":"WebPage","@id":"https:\/\/www.comptoirdubambou.com\/it\/boutique-en-ligne\/linge-de-bain\/collection-grand-hotel\/serviettes-bain-qualite-hotel\/","url":"https:\/\/www.comptoirdubambou.com\/it\/boutique-en-ligne\/linge-de-bain\/collection-grand-hotel\/serviettes-bain-qualite-hotel\/","name":"Set de bain 2 personnes | Collection Grand H\u00f4tel | Ivoire - Comptoir du Bambou","isPartOf":{"@id":"https:\/\/www.comptoirdubambou.com\/#website"},"primaryImageOfPage":{"@id":"https:\/\/www.comptoirdubambou.com\/it\/boutique-en-ligne\/linge-de-bain\/collection-grand-hotel\/serviettes-bain-qualite-hotel\/#primaryimage"},"image":{"@id":"https:\/\/www.comptoirdubambou.com\/it\/boutique-en-ligne\/linge-de-bain\/collection-grand-hotel\/serviettes-bain-qualite-hotel\/#primaryimage"},"thumbnailUrl":"https:\/\/www.comptoirdubambou.com\/wp-content\/uploads\/2024\/04\/SET-BLC.jpg","datePublished":"2025-12-01T09:42:22+00:00","dateModified":"2026-05-01T01:25:35+00:00","description":"La qualit\u00e9 des plus beaux h\u00f4tels : des serviettes ultra douces, r\u00e9sistantes et absorbantes gr\u00e2ce \u00e0 la fibre de bambou Comptoir du Bambou.","breadcrumb":{"@id":"https:\/\/www.comptoirdubambou.com\/it\/boutique-en-ligne\/linge-de-bain\/collection-grand-hotel\/serviettes-bain-qualite-hotel\/#breadcrumb"},"inLanguage":"it-IT","potentialAction":[{"@type":"ReadAction","target":["https:\/\/www.comptoirdubambou.com\/it\/boutique-en-ligne\/linge-de-bain\/collection-grand-hotel\/serviettes-bain-qualite-hotel\/"]}]},{"@type":"ImageObject","inLanguage":"it-IT","@id":"https:\/\/www.comptoirdubambou.com\/it\/boutique-en-ligne\/linge-de-bain\/collection-grand-hotel\/serviettes-bain-qualite-hotel\/#primaryimage","url":"https:\/\/www.comptoirdubambou.com\/wp-content\/uploads\/2024\/04\/SET-BLC.jpg","contentUrl":"https:\/\/www.comptoirdubambou.com\/wp-content\/uploads\/2024\/04\/SET-BLC.jpg","width":1040,"height":1040,"caption":"Plongez dans le luxe avec notre serviette en ivoire. Con\u00e7ue \u00e0 partir des mat\u00e9riaux les plus prestigieux, elle offre une douceur exquise et une absorption remarquable. Sa couleur ivoire \u00e9l\u00e9gante et ses d\u00e9tails raffin\u00e9s apportent une note de sophistication \u00e0 votre espace de bain. Vivez une exp\u00e9rience de confort supr\u00eame et de style distingu\u00e9 \u00e0 chaque utilisation. Id\u00e9ale pour ceux qui exigent l'excellence au quotidien."},{"@type":"BreadcrumbList","@id":"https:\/\/www.comptoirdubambou.com\/it\/boutique-en-ligne\/linge-de-bain\/collection-grand-hotel\/serviettes-bain-qualite-hotel\/#breadcrumb","itemListElement":[{"@type":"ListItem","position":1,"name":"Accueil","item":"https:\/\/www.comptoirdubambou.com\/"},{"@type":"ListItem","position":2,"name":"Boutique en ligne","item":"https:\/\/www.comptoirdubambou.com\/linge-maison-fibre-bambou-luxe\/"},{"@type":"ListItem","position":3,"name":"Set de bain 2 personnes | Collection Grand H\u00f4tel | Ivoire"}]},{"@type":"WebSite","@id":"https:\/\/www.comptoirdubambou.com\/#website","url":"https:\/\/www.comptoirdubambou.com\/","name":"Comptoir du Bambou","description":"Biancheria per la casa di alta qualit\u00e0 in fibra di bamb\u00f9","publisher":{"@id":"https:\/\/www.comptoirdubambou.com\/#organization"},"potentialAction":[{"@type":"SearchAction","target":{"@type":"EntryPoint","urlTemplate":"https:\/\/www.comptoirdubambou.com\/?s={search_term_string}"},"query-input":{"@type":"PropertyValueSpecification","valueRequired":true,"valueName":"search_term_string"}}],"inLanguage":"it-IT"},{"@type":"Organization","@id":"https:\/\/www.comptoirdubambou.com\/#organization","name":"Comptoir du Bambou","url":"https:\/\/www.comptoirdubambou.com\/","logo":{"@type":"ImageObject","inLanguage":"it-IT","@id":"https:\/\/www.comptoirdubambou.com\/#\/schema\/logo\/image\/","url":"https:\/\/www.comptoirdubambou.com\/wp-content\/uploads\/2021\/06\/Logo_Comptoir_du_Bambou_2019_V_CMJN.png","contentUrl":"https:\/\/www.comptoirdubambou.com\/wp-content\/uploads\/2021\/06\/Logo_Comptoir_du_Bambou_2019_V_CMJN.png","width":644,"height":183,"caption":"Comptoir du Bambou"},"image":{"@id":"https:\/\/www.comptoirdubambou.com\/#\/schema\/logo\/image\/"},"sameAs":["https:\/\/www.facebook.com\/comptoirdubambou\/","https:\/\/www.instagram.com\/comptoirdubambou\/","https:\/\/www.linkedin.com\/company\/18254596\/"]}]}},"_links":{"self":[{"href":"https:\/\/www.comptoirdubambou.com\/it\/wp-json\/wp\/v2\/product\/269903","targetHints":{"allow":["GET"]}}],"collection":[{"href":"https:\/\/www.comptoirdubambou.com\/it\/wp-json\/wp\/v2\/product"}],"about":[{"href":"https:\/\/www.comptoirdubambou.com\/it\/wp-json\/wp\/v2\/types\/product"}],"replies":[{"embeddable":true,"href":"https:\/\/www.comptoirdubambou.com\/it\/wp-json\/wp\/v2\/comments?post=269903"}],"wp:featuredmedia":[{"embeddable":true,"href":"https:\/\/www.comptoirdubambou.com\/it\/wp-json\/wp\/v2\/media\/252451"}],"wp:attachment":[{"href":"https:\/\/www.comptoirdubambou.com\/it\/wp-json\/wp\/v2\/media?parent=269903"}],"wp:term":[{"taxonomy":"product_brand","embeddable":true,"href":"https:\/\/www.comptoirdubambou.com\/it\/wp-json\/wp\/v2\/product_brand?post=269903"},{"taxonomy":"product_cat","embeddable":true,"href":"https:\/\/www.comptoirdubambou.com\/it\/wp-json\/wp\/v2\/product_cat?post=269903"},{"taxonomy":"product_tag","embeddable":true,"href":"https:\/\/www.comptoirdubambou.com\/it\/wp-json\/wp\/v2\/product_tag?post=269903"}],"curies":[{"name":"wp","href":"https:\/\/api.w.org\/{rel}","templated":true}]}}