{"id":253160,"date":"2024-09-05T14:03:01","date_gmt":"2024-09-05T12:03:01","guid":{"rendered":"https:\/\/www.comptoirdubambou.com\/?post_type=product&#038;p=253160"},"modified":"2026-05-13T03:22:59","modified_gmt":"2026-05-13T01:22:59","slug":"housse-couette-enfant-bambou","status":"publish","type":"product","link":"https:\/\/www.comptoirdubambou.com\/it\/boutique-en-ligne\/le-petit-bambou\/linge-de-lit-enfant\/housse-couette-enfant-bambou\/","title":{"rendered":"Copripiumino per bambini"},"content":{"rendered":"","protected":false},"excerpt":{"rendered":"<p>Il copripiumino in bamb\u00f9 per bambini di Comptoir du Bambou \u00e8 la scelta ideale per garantire al bambino un sonno sano. Realizzato in fibra naturale di bamb\u00f9, la Fibra B, questo copripiumino \u00e8 ultra morbido e traspirante, perfetto per le pelli sensibili. Ipoallergenico e antibatterico, preserva l'igiene e offre un comfort ineguagliabile. Il suo tessuto accuratamente intrecciato \u00e8 altamente resistente ai lavaggi frequenti, pur mantenendo la sua morbidezza. Oltre a rispettare l'ambiente, contribuisce a uno stile di vita pi\u00f9 sostenibile.<\/p>","protected":false},"featured_media":249961,"comment_status":"open","ping_status":"closed","template":"","meta":{"_et_pb_use_builder":"on","_et_pb_old_content":"<h3 data-start=\"534\" data-end=\"545\">Mati\u00e8re<\/h3>\r\n<ul data-start=\"546\" data-end=\"672\">\r\n \t<li data-start=\"546\" data-end=\"672\">\r\n<p data-start=\"548\" data-end=\"672\"><strong data-start=\"548\" data-end=\"575\">Fibre B. 50% Pulpe de bambou \/ 50% Coton Egyptien<\/strong><br data-start=\"575\" data-end=\"578\" \/>Fibre issue de pulpe de bambou, reconnue pour sa douceur, sa respirabilit\u00e9 et sa durabilit\u00e9. C'est l'\u00e9quilibre parfait pour offrir un confort exceptionnel.<\/p>\r\n<\/li>\r\n<\/ul>\r\n<h3 data-start=\"674\" data-end=\"685\">Tissage<\/h3>\r\n<ul data-start=\"686\" data-end=\"812\">\r\n \t<li data-start=\"686\" data-end=\"812\">\r\n<p data-start=\"688\" data-end=\"812\"><strong data-start=\"688\" data-end=\"707\">Satin de bambou<\/strong><br data-start=\"707\" data-end=\"710\" \/>Tissage serr\u00e9 offrant un toucher soyeux, fluide et \u00e9l\u00e9gant, avec une excellente tenue dans le temps.<\/p>\r\n<\/li>\r\n<\/ul>\r\n<h3 data-start=\"814\" data-end=\"826\">Grammage<\/h3>\r\n<ul data-start=\"827\" data-end=\"944\">\r\n \t<li data-start=\"827\" data-end=\"944\">\r\n<p data-start=\"829\" data-end=\"944\"><strong data-start=\"829\" data-end=\"843\">300 g\/m\u00b2<\/strong><br data-start=\"871\" data-end=\"874\" \/>\u00c9quilibre id\u00e9al entre l\u00e9g\u00e8ret\u00e9, r\u00e9sistance et confort haut de gamme.<\/p>\r\n<\/li>\r\n<\/ul>","_et_gb_content_width":""},"product_brand":[],"product_cat":[745,335],"product_tag":[],"class_list":{"0":"post-253160","1":"product","2":"type-product","3":"status-publish","4":"has-post-thumbnail","6":"product_cat-linge-de-lit-enfant","7":"product_cat-le-petit-bambou","9":"first","10":"instock","11":"taxable","12":"shipping-taxable","13":"purchasable","14":"product-type-variable"},"bundled_by":[],"bundle_stock_status":"instock","bundle_stock_quantity":null,"bundle_virtual":false,"bundle_layout":"","bundle_add_to_cart_form_location":"","bundle_editable_in_cart":false,"bundle_sold_individually_context":"","bundle_item_grouping":"","bundle_min_size":"","bundle_max_size":"","bundle_price":[],"bundled_items":[],"bundle_sell_ids":[],"yoast_head":"<!-- This site is optimized with the Yoast SEO plugin v27.4 - https:\/\/yoast.com\/product\/yoast-seo-wordpress\/ -->\n<title>Housse de Couette Enfant - Comptoir du Bambou<\/title>\n<meta name=\"description\" content=\"Offrez \u00e0 votre enfant un sommeil paisible avec notre housse de couette en bambou. Hypoallerg\u00e9nique, douce et \u00e9cologique, id\u00e9ale pour les peaux sensibles. D\u00e9couvrez la qualit\u00e9 exceptionnelle de Comptoir du Bambou.\" \/>\n<meta name=\"robots\" content=\"index, follow, max-snippet:-1, max-image-preview:large, max-video-preview:-1\" \/>\n<link rel=\"canonical\" href=\"https:\/\/www.comptoirdubambou.com\/it\/boutique-en-ligne\/le-petit-bambou\/linge-de-lit-enfant\/housse-couette-enfant-bambou\/\" \/>\n<meta property=\"og:locale\" content=\"it_IT\" \/>\n<meta property=\"og:type\" content=\"article\" \/>\n<meta property=\"og:title\" content=\"Housse de Couette Enfant - Comptoir du Bambou\" \/>\n<meta property=\"og:description\" content=\"Offrez \u00e0 votre enfant un sommeil paisible avec notre housse de couette en bambou. Hypoallerg\u00e9nique, douce et \u00e9cologique, id\u00e9ale pour les peaux sensibles. D\u00e9couvrez la qualit\u00e9 exceptionnelle de Comptoir du Bambou.\" \/>\n<meta property=\"og:url\" content=\"https:\/\/www.comptoirdubambou.com\/it\/boutique-en-ligne\/le-petit-bambou\/linge-de-lit-enfant\/housse-couette-enfant-bambou\/\" \/>\n<meta property=\"og:site_name\" content=\"Comptoir du Bambou\" \/>\n<meta property=\"article:publisher\" content=\"https:\/\/www.facebook.com\/comptoirdubambou\/\" \/>\n<meta property=\"article:modified_time\" content=\"2026-05-13T01:22:59+00:00\" \/>\n<meta property=\"og:image\" content=\"https:\/\/www.comptoirdubambou.com\/wp-content\/uploads\/2023\/04\/housse-de-couette-min.jpg\" \/>\n\t<meta property=\"og:image:width\" content=\"1040\" \/>\n\t<meta property=\"og:image:height\" content=\"1040\" \/>\n\t<meta property=\"og:image:type\" content=\"image\/jpeg\" \/>\n<meta name=\"twitter:card\" content=\"summary_large_image\" \/>\n<meta name=\"twitter:label1\" content=\"Tempo di lettura stimato\" \/>\n\t<meta name=\"twitter:data1\" content=\"1 minuto\" \/>\n<script type=\"application\/ld+json\" class=\"yoast-schema-graph\">{\"@context\":\"https:\\\/\\\/schema.org\",\"@graph\":[{\"@type\":\"WebPage\",\"@id\":\"https:\\\/\\\/www.comptoirdubambou.com\\\/boutique-en-ligne\\\/le-petit-bambou\\\/linge-de-lit-enfant\\\/housse-couette-enfant-bambou\\\/\",\"url\":\"https:\\\/\\\/www.comptoirdubambou.com\\\/boutique-en-ligne\\\/le-petit-bambou\\\/linge-de-lit-enfant\\\/housse-couette-enfant-bambou\\\/\",\"name\":\"Housse de Couette Enfant - Comptoir du Bambou\",\"isPartOf\":{\"@id\":\"https:\\\/\\\/www.comptoirdubambou.com\\\/#website\"},\"primaryImageOfPage\":{\"@id\":\"https:\\\/\\\/www.comptoirdubambou.com\\\/boutique-en-ligne\\\/le-petit-bambou\\\/linge-de-lit-enfant\\\/housse-couette-enfant-bambou\\\/#primaryimage\"},\"image\":{\"@id\":\"https:\\\/\\\/www.comptoirdubambou.com\\\/boutique-en-ligne\\\/le-petit-bambou\\\/linge-de-lit-enfant\\\/housse-couette-enfant-bambou\\\/#primaryimage\"},\"thumbnailUrl\":\"https:\\\/\\\/www.comptoirdubambou.com\\\/wp-content\\\/uploads\\\/2023\\\/04\\\/housse-de-couette-min.jpg\",\"datePublished\":\"2024-09-05T12:03:01+00:00\",\"dateModified\":\"2026-05-13T01:22:59+00:00\",\"description\":\"Offrez \u00e0 votre enfant un sommeil paisible avec notre housse de couette en bambou. Hypoallerg\u00e9nique, douce et \u00e9cologique, id\u00e9ale pour les peaux sensibles. D\u00e9couvrez la qualit\u00e9 exceptionnelle de Comptoir du Bambou.\",\"breadcrumb\":{\"@id\":\"https:\\\/\\\/www.comptoirdubambou.com\\\/boutique-en-ligne\\\/le-petit-bambou\\\/linge-de-lit-enfant\\\/housse-couette-enfant-bambou\\\/#breadcrumb\"},\"inLanguage\":\"it-IT\",\"potentialAction\":[{\"@type\":\"ReadAction\",\"target\":[\"https:\\\/\\\/www.comptoirdubambou.com\\\/boutique-en-ligne\\\/le-petit-bambou\\\/linge-de-lit-enfant\\\/housse-couette-enfant-bambou\\\/\"]}]},{\"@type\":\"ImageObject\",\"inLanguage\":\"it-IT\",\"@id\":\"https:\\\/\\\/www.comptoirdubambou.com\\\/boutique-en-ligne\\\/le-petit-bambou\\\/linge-de-lit-enfant\\\/housse-couette-enfant-bambou\\\/#primaryimage\",\"url\":\"https:\\\/\\\/www.comptoirdubambou.com\\\/wp-content\\\/uploads\\\/2023\\\/04\\\/housse-de-couette-min.jpg\",\"contentUrl\":\"https:\\\/\\\/www.comptoirdubambou.com\\\/wp-content\\\/uploads\\\/2023\\\/04\\\/housse-de-couette-min.jpg\",\"width\":1040,\"height\":1040,\"caption\":\"housse de couette blanche\"},{\"@type\":\"BreadcrumbList\",\"@id\":\"https:\\\/\\\/www.comptoirdubambou.com\\\/boutique-en-ligne\\\/le-petit-bambou\\\/linge-de-lit-enfant\\\/housse-couette-enfant-bambou\\\/#breadcrumb\",\"itemListElement\":[{\"@type\":\"ListItem\",\"position\":1,\"name\":\"Accueil\",\"item\":\"https:\\\/\\\/www.comptoirdubambou.com\\\/\"},{\"@type\":\"ListItem\",\"position\":2,\"name\":\"Boutique en ligne\",\"item\":\"https:\\\/\\\/www.comptoirdubambou.com\\\/linge-maison-fibre-bambou-luxe\\\/\"},{\"@type\":\"ListItem\",\"position\":3,\"name\":\"Housse de Couette Enfant\"}]},{\"@type\":\"WebSite\",\"@id\":\"https:\\\/\\\/www.comptoirdubambou.com\\\/#website\",\"url\":\"https:\\\/\\\/www.comptoirdubambou.com\\\/\",\"name\":\"Comptoir du Bambou\",\"description\":\"Linge de maison haut de gamme en fibre de bambou\",\"publisher\":{\"@id\":\"https:\\\/\\\/www.comptoirdubambou.com\\\/#organization\"},\"potentialAction\":[{\"@type\":\"SearchAction\",\"target\":{\"@type\":\"EntryPoint\",\"urlTemplate\":\"https:\\\/\\\/www.comptoirdubambou.com\\\/?s={search_term_string}\"},\"query-input\":{\"@type\":\"PropertyValueSpecification\",\"valueRequired\":true,\"valueName\":\"search_term_string\"}}],\"inLanguage\":\"it-IT\"},{\"@type\":\"Organization\",\"@id\":\"https:\\\/\\\/www.comptoirdubambou.com\\\/#organization\",\"name\":\"Comptoir du Bambou\",\"url\":\"https:\\\/\\\/www.comptoirdubambou.com\\\/\",\"logo\":{\"@type\":\"ImageObject\",\"inLanguage\":\"it-IT\",\"@id\":\"https:\\\/\\\/www.comptoirdubambou.com\\\/#\\\/schema\\\/logo\\\/image\\\/\",\"url\":\"https:\\\/\\\/www.comptoirdubambou.com\\\/wp-content\\\/uploads\\\/2021\\\/06\\\/Logo_Comptoir_du_Bambou_2019_V_CMJN.png\",\"contentUrl\":\"https:\\\/\\\/www.comptoirdubambou.com\\\/wp-content\\\/uploads\\\/2021\\\/06\\\/Logo_Comptoir_du_Bambou_2019_V_CMJN.png\",\"width\":644,\"height\":183,\"caption\":\"Comptoir du Bambou\"},\"image\":{\"@id\":\"https:\\\/\\\/www.comptoirdubambou.com\\\/#\\\/schema\\\/logo\\\/image\\\/\"},\"sameAs\":[\"https:\\\/\\\/www.facebook.com\\\/comptoirdubambou\\\/\",\"https:\\\/\\\/www.instagram.com\\\/comptoirdubambou\\\/\",\"https:\\\/\\\/www.linkedin.com\\\/company\\\/18254596\\\/\"]}]}<\/script>\n<!-- \/ Yoast SEO plugin. -->","yoast_head_json":{"title":"Housse de Couette Enfant - Comptoir du Bambou","description":"Offrez \u00e0 votre enfant un sommeil paisible avec notre housse de couette en bambou. Hypoallerg\u00e9nique, douce et \u00e9cologique, id\u00e9ale pour les peaux sensibles. D\u00e9couvrez la qualit\u00e9 exceptionnelle de Comptoir du Bambou.","robots":{"index":"index","follow":"follow","max-snippet":"max-snippet:-1","max-image-preview":"max-image-preview:large","max-video-preview":"max-video-preview:-1"},"canonical":"https:\/\/www.comptoirdubambou.com\/it\/boutique-en-ligne\/le-petit-bambou\/linge-de-lit-enfant\/housse-couette-enfant-bambou\/","og_locale":"it_IT","og_type":"article","og_title":"Housse de Couette Enfant - Comptoir du Bambou","og_description":"Offrez \u00e0 votre enfant un sommeil paisible avec notre housse de couette en bambou. Hypoallerg\u00e9nique, douce et \u00e9cologique, id\u00e9ale pour les peaux sensibles. D\u00e9couvrez la qualit\u00e9 exceptionnelle de Comptoir du Bambou.","og_url":"https:\/\/www.comptoirdubambou.com\/it\/boutique-en-ligne\/le-petit-bambou\/linge-de-lit-enfant\/housse-couette-enfant-bambou\/","og_site_name":"Comptoir du Bambou","article_publisher":"https:\/\/www.facebook.com\/comptoirdubambou\/","article_modified_time":"2026-05-13T01:22:59+00:00","og_image":[{"width":1040,"height":1040,"url":"https:\/\/www.comptoirdubambou.com\/wp-content\/uploads\/2023\/04\/housse-de-couette-min.jpg","type":"image\/jpeg"}],"twitter_card":"summary_large_image","twitter_misc":{"Tempo di lettura stimato":"1 minuto"},"schema":{"@context":"https:\/\/schema.org","@graph":[{"@type":"WebPage","@id":"https:\/\/www.comptoirdubambou.com\/boutique-en-ligne\/le-petit-bambou\/linge-de-lit-enfant\/housse-couette-enfant-bambou\/","url":"https:\/\/www.comptoirdubambou.com\/boutique-en-ligne\/le-petit-bambou\/linge-de-lit-enfant\/housse-couette-enfant-bambou\/","name":"Housse de Couette Enfant - Comptoir du Bambou","isPartOf":{"@id":"https:\/\/www.comptoirdubambou.com\/#website"},"primaryImageOfPage":{"@id":"https:\/\/www.comptoirdubambou.com\/boutique-en-ligne\/le-petit-bambou\/linge-de-lit-enfant\/housse-couette-enfant-bambou\/#primaryimage"},"image":{"@id":"https:\/\/www.comptoirdubambou.com\/boutique-en-ligne\/le-petit-bambou\/linge-de-lit-enfant\/housse-couette-enfant-bambou\/#primaryimage"},"thumbnailUrl":"https:\/\/www.comptoirdubambou.com\/wp-content\/uploads\/2023\/04\/housse-de-couette-min.jpg","datePublished":"2024-09-05T12:03:01+00:00","dateModified":"2026-05-13T01:22:59+00:00","description":"Offrez \u00e0 votre enfant un sommeil paisible avec notre housse de couette en bambou. Hypoallerg\u00e9nique, douce et \u00e9cologique, id\u00e9ale pour les peaux sensibles. D\u00e9couvrez la qualit\u00e9 exceptionnelle de Comptoir du Bambou.","breadcrumb":{"@id":"https:\/\/www.comptoirdubambou.com\/boutique-en-ligne\/le-petit-bambou\/linge-de-lit-enfant\/housse-couette-enfant-bambou\/#breadcrumb"},"inLanguage":"it-IT","potentialAction":[{"@type":"ReadAction","target":["https:\/\/www.comptoirdubambou.com\/boutique-en-ligne\/le-petit-bambou\/linge-de-lit-enfant\/housse-couette-enfant-bambou\/"]}]},{"@type":"ImageObject","inLanguage":"it-IT","@id":"https:\/\/www.comptoirdubambou.com\/boutique-en-ligne\/le-petit-bambou\/linge-de-lit-enfant\/housse-couette-enfant-bambou\/#primaryimage","url":"https:\/\/www.comptoirdubambou.com\/wp-content\/uploads\/2023\/04\/housse-de-couette-min.jpg","contentUrl":"https:\/\/www.comptoirdubambou.com\/wp-content\/uploads\/2023\/04\/housse-de-couette-min.jpg","width":1040,"height":1040,"caption":"housse de couette blanche"},{"@type":"BreadcrumbList","@id":"https:\/\/www.comptoirdubambou.com\/boutique-en-ligne\/le-petit-bambou\/linge-de-lit-enfant\/housse-couette-enfant-bambou\/#breadcrumb","itemListElement":[{"@type":"ListItem","position":1,"name":"Accueil","item":"https:\/\/www.comptoirdubambou.com\/"},{"@type":"ListItem","position":2,"name":"Boutique en ligne","item":"https:\/\/www.comptoirdubambou.com\/linge-maison-fibre-bambou-luxe\/"},{"@type":"ListItem","position":3,"name":"Housse de Couette Enfant"}]},{"@type":"WebSite","@id":"https:\/\/www.comptoirdubambou.com\/#website","url":"https:\/\/www.comptoirdubambou.com\/","name":"Comptoir du Bambou","description":"Biancheria per la casa di alta qualit\u00e0 in fibra di bamb\u00f9","publisher":{"@id":"https:\/\/www.comptoirdubambou.com\/#organization"},"potentialAction":[{"@type":"SearchAction","target":{"@type":"EntryPoint","urlTemplate":"https:\/\/www.comptoirdubambou.com\/?s={search_term_string}"},"query-input":{"@type":"PropertyValueSpecification","valueRequired":true,"valueName":"search_term_string"}}],"inLanguage":"it-IT"},{"@type":"Organization","@id":"https:\/\/www.comptoirdubambou.com\/#organization","name":"Comptoir du Bambou","url":"https:\/\/www.comptoirdubambou.com\/","logo":{"@type":"ImageObject","inLanguage":"it-IT","@id":"https:\/\/www.comptoirdubambou.com\/#\/schema\/logo\/image\/","url":"https:\/\/www.comptoirdubambou.com\/wp-content\/uploads\/2021\/06\/Logo_Comptoir_du_Bambou_2019_V_CMJN.png","contentUrl":"https:\/\/www.comptoirdubambou.com\/wp-content\/uploads\/2021\/06\/Logo_Comptoir_du_Bambou_2019_V_CMJN.png","width":644,"height":183,"caption":"Comptoir du Bambou"},"image":{"@id":"https:\/\/www.comptoirdubambou.com\/#\/schema\/logo\/image\/"},"sameAs":["https:\/\/www.facebook.com\/comptoirdubambou\/","https:\/\/www.instagram.com\/comptoirdubambou\/","https:\/\/www.linkedin.com\/company\/18254596\/"]}]}},"_links":{"self":[{"href":"https:\/\/www.comptoirdubambou.com\/it\/wp-json\/wp\/v2\/product\/253160","targetHints":{"allow":["GET"]}}],"collection":[{"href":"https:\/\/www.comptoirdubambou.com\/it\/wp-json\/wp\/v2\/product"}],"about":[{"href":"https:\/\/www.comptoirdubambou.com\/it\/wp-json\/wp\/v2\/types\/product"}],"replies":[{"embeddable":true,"href":"https:\/\/www.comptoirdubambou.com\/it\/wp-json\/wp\/v2\/comments?post=253160"}],"wp:featuredmedia":[{"embeddable":true,"href":"https:\/\/www.comptoirdubambou.com\/it\/wp-json\/wp\/v2\/media\/249961"}],"wp:attachment":[{"href":"https:\/\/www.comptoirdubambou.com\/it\/wp-json\/wp\/v2\/media?parent=253160"}],"wp:term":[{"taxonomy":"product_brand","embeddable":true,"href":"https:\/\/www.comptoirdubambou.com\/it\/wp-json\/wp\/v2\/product_brand?post=253160"},{"taxonomy":"product_cat","embeddable":true,"href":"https:\/\/www.comptoirdubambou.com\/it\/wp-json\/wp\/v2\/product_cat?post=253160"},{"taxonomy":"product_tag","embeddable":true,"href":"https:\/\/www.comptoirdubambou.com\/it\/wp-json\/wp\/v2\/product_tag?post=253160"}],"curies":[{"name":"wp","href":"https:\/\/api.w.org\/{rel}","templated":true}]}}