{"id":252050,"date":"2024-02-06T09:01:18","date_gmt":"2024-02-06T08:01:18","guid":{"rendered":"https:\/\/www.comptoirdubambou.com\/?post_type=product&#038;p=252050"},"modified":"2024-10-03T10:15:37","modified_gmt":"2024-10-03T08:15:37","slug":"drap-de-bain-i-victoria","status":"publish","type":"product","link":"https:\/\/www.comptoirdubambou.com\/it\/boutique-en-ligne\/linge-de-bain\/draps-de-bain\/drap-de-bain-i-victoria\/","title":{"rendered":"I Victoria asciugamano da bagno"},"content":{"rendered":"<div class=\"et_pb_module et_pb_toggle et_pb_toggle_0_tb_body et_pb_toggle_item et_pb_toggle_open\">\n<div class=\"et_pb_toggle_content clearfix\">\n<div class=\"woocommerce et-dynamic-content-woo et-dynamic-content-woo--product_description\">\n<p><b>Collezione\u00a0 \u00a0 \u00a0 \u00a0 \u00a0<\/b>Vittoria<\/p>\n<p><b>Dimensioni\u00a0 \u00a0 \u00a0\u00a0<\/b>Lenzuolo da bagno 90\u00d7150 cm<\/p>\n<p><b>Grammatura\u00a0 \u00a0 \u00a0 \u00a0<\/b>550 g\/m2<\/p>\n<p><b>Composizione\u00a0 \u00a0\u00a0<\/b>Fibra B. | Bamb\u00f9 e cotone egiziano<\/p>\n<\/div>\n<\/div>\n<\/div>","protected":false},"excerpt":{"rendered":"<p>Immergetevi in un mondo dove\u00a0<strong>Lo stile incontra il comfort<\/strong> con il nostro telo da bagno Victoria Collection. Grazie alla sua incomparabile morbidezza e alle propriet\u00e0 ecologiche del bamb\u00f9, l'asciugatura dopo la doccia sar\u00e0 il momento clou della vostra routine quotidiana.<\/p>\n<div class=\"et_pb_module et_pb_wc_description et_pb_wc_description_0_tb_body et_pb_bg_layout_light et_pb_text_align_left\">\n<div class=\"et_pb_module_inner\">\n<p>Un centrotavola che unisce comfort, eleganza e durata: un'aggiunta essenziale alla vostra collezione di biancheria.<\/p>\n<\/div>\n<\/div>","protected":false},"featured_media":252053,"comment_status":"open","ping_status":"closed","template":"","meta":{"_et_pb_use_builder":"","_et_pb_old_content":"","_et_gb_content_width":""},"product_brand":[],"product_cat":[459,286],"product_tag":[],"class_list":{"0":"post-252050","1":"product","2":"type-product","3":"status-publish","4":"has-post-thumbnail","6":"product_cat-draps-de-bain","7":"product_cat-linge-de-bain","9":"first","10":"onbackorder","11":"taxable","12":"shipping-taxable","13":"purchasable","14":"product-type-variable"},"bundled_by":[],"bundle_stock_status":"onbackorder","bundle_stock_quantity":null,"bundle_virtual":false,"bundle_layout":"","bundle_add_to_cart_form_location":"","bundle_editable_in_cart":false,"bundle_sold_individually_context":"","bundle_item_grouping":"","bundle_min_size":"","bundle_max_size":"","bundle_price":[],"bundled_items":[],"bundle_sell_ids":[],"yoast_head":"<!-- This site is optimized with the Yoast SEO plugin v27.4 - https:\/\/yoast.com\/product\/yoast-seo-wordpress\/ -->\n<title>Drap de bain I Victoria - Comptoir du Bambou<\/title>\n<meta name=\"robots\" content=\"index, follow, max-snippet:-1, max-image-preview:large, max-video-preview:-1\" \/>\n<link rel=\"canonical\" href=\"https:\/\/www.comptoirdubambou.com\/it\/boutique-en-ligne\/linge-de-bain\/draps-de-bain\/drap-de-bain-i-victoria\/\" \/>\n<meta property=\"og:locale\" content=\"it_IT\" \/>\n<meta property=\"og:type\" content=\"article\" \/>\n<meta property=\"og:title\" content=\"Drap de bain I Victoria - Comptoir du Bambou\" \/>\n<meta property=\"og:description\" content=\"Plongez dans un monde o\u00f9\u00a0le style rencontre le confort avec notre drap de bain de la Collection Victoria. Gr\u00e2ce \u00e0 sa douceur incomparable et les propri\u00e9t\u00e9s \u00e9cologiques du bambou, vous s\u00e9cher \u00e0 la sortie de votre douche sera le meilleur moment de votre routine quotidienne.    Une pi\u00e8ce ma\u00eetresse qui allie confort, \u00e9l\u00e9gance et durabilit\u00e9 \u2013 un ajout indispensable \u00e0 votre collection de linge de maison.\" \/>\n<meta property=\"og:url\" content=\"https:\/\/www.comptoirdubambou.com\/it\/boutique-en-ligne\/linge-de-bain\/draps-de-bain\/drap-de-bain-i-victoria\/\" \/>\n<meta property=\"og:site_name\" content=\"Comptoir du Bambou\" \/>\n<meta property=\"article:publisher\" content=\"https:\/\/www.facebook.com\/comptoirdubambou\/\" \/>\n<meta property=\"article:modified_time\" content=\"2024-10-03T08:15:37+00:00\" \/>\n<meta property=\"og:image\" content=\"https:\/\/www.comptoirdubambou.com\/wp-content\/uploads\/2024\/02\/Draps-de-bain-Victoria.jpg\" \/>\n\t<meta property=\"og:image:width\" content=\"1040\" \/>\n\t<meta property=\"og:image:height\" content=\"1040\" \/>\n\t<meta property=\"og:image:type\" content=\"image\/jpeg\" \/>\n<meta name=\"twitter:card\" content=\"summary_large_image\" \/>\n<meta name=\"twitter:label1\" content=\"Tempo di lettura stimato\" \/>\n\t<meta name=\"twitter:data1\" content=\"1 minuto\" \/>\n<script type=\"application\/ld+json\" class=\"yoast-schema-graph\">{\"@context\":\"https:\\\/\\\/schema.org\",\"@graph\":[{\"@type\":\"WebPage\",\"@id\":\"https:\\\/\\\/www.comptoirdubambou.com\\\/en\\\/boutique-en-ligne\\\/linge-de-bain\\\/draps-de-bain\\\/drap-de-bain-i-victoria\\\/\",\"url\":\"https:\\\/\\\/www.comptoirdubambou.com\\\/en\\\/boutique-en-ligne\\\/linge-de-bain\\\/draps-de-bain\\\/drap-de-bain-i-victoria\\\/\",\"name\":\"Drap de bain I Victoria - Comptoir du Bambou\",\"isPartOf\":{\"@id\":\"https:\\\/\\\/www.comptoirdubambou.com\\\/#website\"},\"primaryImageOfPage\":{\"@id\":\"https:\\\/\\\/www.comptoirdubambou.com\\\/en\\\/boutique-en-ligne\\\/linge-de-bain\\\/draps-de-bain\\\/drap-de-bain-i-victoria\\\/#primaryimage\"},\"image\":{\"@id\":\"https:\\\/\\\/www.comptoirdubambou.com\\\/en\\\/boutique-en-ligne\\\/linge-de-bain\\\/draps-de-bain\\\/drap-de-bain-i-victoria\\\/#primaryimage\"},\"thumbnailUrl\":\"https:\\\/\\\/www.comptoirdubambou.com\\\/wp-content\\\/uploads\\\/2024\\\/02\\\/Draps-de-bain-Victoria.jpg\",\"datePublished\":\"2024-02-06T08:01:18+00:00\",\"dateModified\":\"2024-10-03T08:15:37+00:00\",\"breadcrumb\":{\"@id\":\"https:\\\/\\\/www.comptoirdubambou.com\\\/en\\\/boutique-en-ligne\\\/linge-de-bain\\\/draps-de-bain\\\/drap-de-bain-i-victoria\\\/#breadcrumb\"},\"inLanguage\":\"it-IT\",\"potentialAction\":[{\"@type\":\"ReadAction\",\"target\":[\"https:\\\/\\\/www.comptoirdubambou.com\\\/en\\\/boutique-en-ligne\\\/linge-de-bain\\\/draps-de-bain\\\/drap-de-bain-i-victoria\\\/\"]}]},{\"@type\":\"ImageObject\",\"inLanguage\":\"it-IT\",\"@id\":\"https:\\\/\\\/www.comptoirdubambou.com\\\/en\\\/boutique-en-ligne\\\/linge-de-bain\\\/draps-de-bain\\\/drap-de-bain-i-victoria\\\/#primaryimage\",\"url\":\"https:\\\/\\\/www.comptoirdubambou.com\\\/wp-content\\\/uploads\\\/2024\\\/02\\\/Draps-de-bain-Victoria.jpg\",\"contentUrl\":\"https:\\\/\\\/www.comptoirdubambou.com\\\/wp-content\\\/uploads\\\/2024\\\/02\\\/Draps-de-bain-Victoria.jpg\",\"width\":1040,\"height\":1040,\"caption\":\"Draps de bain Victoria\"},{\"@type\":\"BreadcrumbList\",\"@id\":\"https:\\\/\\\/www.comptoirdubambou.com\\\/en\\\/boutique-en-ligne\\\/linge-de-bain\\\/draps-de-bain\\\/drap-de-bain-i-victoria\\\/#breadcrumb\",\"itemListElement\":[{\"@type\":\"ListItem\",\"position\":1,\"name\":\"Accueil\",\"item\":\"https:\\\/\\\/www.comptoirdubambou.com\\\/\"},{\"@type\":\"ListItem\",\"position\":2,\"name\":\"Boutique en ligne\",\"item\":\"https:\\\/\\\/www.comptoirdubambou.com\\\/linge-maison-fibre-bambou-luxe\\\/\"},{\"@type\":\"ListItem\",\"position\":3,\"name\":\"Drap de bain I Victoria\"}]},{\"@type\":\"WebSite\",\"@id\":\"https:\\\/\\\/www.comptoirdubambou.com\\\/#website\",\"url\":\"https:\\\/\\\/www.comptoirdubambou.com\\\/\",\"name\":\"Comptoir du Bambou\",\"description\":\"Linge de maison haut de gamme en fibre de bambou\",\"publisher\":{\"@id\":\"https:\\\/\\\/www.comptoirdubambou.com\\\/#organization\"},\"potentialAction\":[{\"@type\":\"SearchAction\",\"target\":{\"@type\":\"EntryPoint\",\"urlTemplate\":\"https:\\\/\\\/www.comptoirdubambou.com\\\/?s={search_term_string}\"},\"query-input\":{\"@type\":\"PropertyValueSpecification\",\"valueRequired\":true,\"valueName\":\"search_term_string\"}}],\"inLanguage\":\"it-IT\"},{\"@type\":\"Organization\",\"@id\":\"https:\\\/\\\/www.comptoirdubambou.com\\\/#organization\",\"name\":\"Comptoir du Bambou\",\"url\":\"https:\\\/\\\/www.comptoirdubambou.com\\\/\",\"logo\":{\"@type\":\"ImageObject\",\"inLanguage\":\"it-IT\",\"@id\":\"https:\\\/\\\/www.comptoirdubambou.com\\\/#\\\/schema\\\/logo\\\/image\\\/\",\"url\":\"https:\\\/\\\/www.comptoirdubambou.com\\\/wp-content\\\/uploads\\\/2021\\\/06\\\/Logo_Comptoir_du_Bambou_2019_V_CMJN.png\",\"contentUrl\":\"https:\\\/\\\/www.comptoirdubambou.com\\\/wp-content\\\/uploads\\\/2021\\\/06\\\/Logo_Comptoir_du_Bambou_2019_V_CMJN.png\",\"width\":644,\"height\":183,\"caption\":\"Comptoir du Bambou\"},\"image\":{\"@id\":\"https:\\\/\\\/www.comptoirdubambou.com\\\/#\\\/schema\\\/logo\\\/image\\\/\"},\"sameAs\":[\"https:\\\/\\\/www.facebook.com\\\/comptoirdubambou\\\/\",\"https:\\\/\\\/www.instagram.com\\\/comptoirdubambou\\\/\",\"https:\\\/\\\/www.linkedin.com\\\/company\\\/18254596\\\/\"]}]}<\/script>\n<!-- \/ Yoast SEO plugin. -->","yoast_head_json":{"title":"Drap de bain I Victoria - Comptoir du Bambou","robots":{"index":"index","follow":"follow","max-snippet":"max-snippet:-1","max-image-preview":"max-image-preview:large","max-video-preview":"max-video-preview:-1"},"canonical":"https:\/\/www.comptoirdubambou.com\/it\/boutique-en-ligne\/linge-de-bain\/draps-de-bain\/drap-de-bain-i-victoria\/","og_locale":"it_IT","og_type":"article","og_title":"Drap de bain I Victoria - Comptoir du Bambou","og_description":"Plongez dans un monde o\u00f9\u00a0le style rencontre le confort avec notre drap de bain de la Collection Victoria. Gr\u00e2ce \u00e0 sa douceur incomparable et les propri\u00e9t\u00e9s \u00e9cologiques du bambou, vous s\u00e9cher \u00e0 la sortie de votre douche sera le meilleur moment de votre routine quotidienne.    Une pi\u00e8ce ma\u00eetresse qui allie confort, \u00e9l\u00e9gance et durabilit\u00e9 \u2013 un ajout indispensable \u00e0 votre collection de linge de maison.","og_url":"https:\/\/www.comptoirdubambou.com\/it\/boutique-en-ligne\/linge-de-bain\/draps-de-bain\/drap-de-bain-i-victoria\/","og_site_name":"Comptoir du Bambou","article_publisher":"https:\/\/www.facebook.com\/comptoirdubambou\/","article_modified_time":"2024-10-03T08:15:37+00:00","og_image":[{"width":1040,"height":1040,"url":"https:\/\/www.comptoirdubambou.com\/wp-content\/uploads\/2024\/02\/Draps-de-bain-Victoria.jpg","type":"image\/jpeg"}],"twitter_card":"summary_large_image","twitter_misc":{"Tempo di lettura stimato":"1 minuto"},"schema":{"@context":"https:\/\/schema.org","@graph":[{"@type":"WebPage","@id":"https:\/\/www.comptoirdubambou.com\/en\/boutique-en-ligne\/linge-de-bain\/draps-de-bain\/drap-de-bain-i-victoria\/","url":"https:\/\/www.comptoirdubambou.com\/en\/boutique-en-ligne\/linge-de-bain\/draps-de-bain\/drap-de-bain-i-victoria\/","name":"Drap de bain I Victoria - Comptoir du Bambou","isPartOf":{"@id":"https:\/\/www.comptoirdubambou.com\/#website"},"primaryImageOfPage":{"@id":"https:\/\/www.comptoirdubambou.com\/en\/boutique-en-ligne\/linge-de-bain\/draps-de-bain\/drap-de-bain-i-victoria\/#primaryimage"},"image":{"@id":"https:\/\/www.comptoirdubambou.com\/en\/boutique-en-ligne\/linge-de-bain\/draps-de-bain\/drap-de-bain-i-victoria\/#primaryimage"},"thumbnailUrl":"https:\/\/www.comptoirdubambou.com\/wp-content\/uploads\/2024\/02\/Draps-de-bain-Victoria.jpg","datePublished":"2024-02-06T08:01:18+00:00","dateModified":"2024-10-03T08:15:37+00:00","breadcrumb":{"@id":"https:\/\/www.comptoirdubambou.com\/en\/boutique-en-ligne\/linge-de-bain\/draps-de-bain\/drap-de-bain-i-victoria\/#breadcrumb"},"inLanguage":"it-IT","potentialAction":[{"@type":"ReadAction","target":["https:\/\/www.comptoirdubambou.com\/en\/boutique-en-ligne\/linge-de-bain\/draps-de-bain\/drap-de-bain-i-victoria\/"]}]},{"@type":"ImageObject","inLanguage":"it-IT","@id":"https:\/\/www.comptoirdubambou.com\/en\/boutique-en-ligne\/linge-de-bain\/draps-de-bain\/drap-de-bain-i-victoria\/#primaryimage","url":"https:\/\/www.comptoirdubambou.com\/wp-content\/uploads\/2024\/02\/Draps-de-bain-Victoria.jpg","contentUrl":"https:\/\/www.comptoirdubambou.com\/wp-content\/uploads\/2024\/02\/Draps-de-bain-Victoria.jpg","width":1040,"height":1040,"caption":"Draps de bain Victoria"},{"@type":"BreadcrumbList","@id":"https:\/\/www.comptoirdubambou.com\/en\/boutique-en-ligne\/linge-de-bain\/draps-de-bain\/drap-de-bain-i-victoria\/#breadcrumb","itemListElement":[{"@type":"ListItem","position":1,"name":"Accueil","item":"https:\/\/www.comptoirdubambou.com\/"},{"@type":"ListItem","position":2,"name":"Boutique en ligne","item":"https:\/\/www.comptoirdubambou.com\/linge-maison-fibre-bambou-luxe\/"},{"@type":"ListItem","position":3,"name":"Drap de bain I Victoria"}]},{"@type":"WebSite","@id":"https:\/\/www.comptoirdubambou.com\/#website","url":"https:\/\/www.comptoirdubambou.com\/","name":"Comptoir du Bambou","description":"Biancheria per la casa di alta qualit\u00e0 in fibra di bamb\u00f9","publisher":{"@id":"https:\/\/www.comptoirdubambou.com\/#organization"},"potentialAction":[{"@type":"SearchAction","target":{"@type":"EntryPoint","urlTemplate":"https:\/\/www.comptoirdubambou.com\/?s={search_term_string}"},"query-input":{"@type":"PropertyValueSpecification","valueRequired":true,"valueName":"search_term_string"}}],"inLanguage":"it-IT"},{"@type":"Organization","@id":"https:\/\/www.comptoirdubambou.com\/#organization","name":"Comptoir du Bambou","url":"https:\/\/www.comptoirdubambou.com\/","logo":{"@type":"ImageObject","inLanguage":"it-IT","@id":"https:\/\/www.comptoirdubambou.com\/#\/schema\/logo\/image\/","url":"https:\/\/www.comptoirdubambou.com\/wp-content\/uploads\/2021\/06\/Logo_Comptoir_du_Bambou_2019_V_CMJN.png","contentUrl":"https:\/\/www.comptoirdubambou.com\/wp-content\/uploads\/2021\/06\/Logo_Comptoir_du_Bambou_2019_V_CMJN.png","width":644,"height":183,"caption":"Comptoir du Bambou"},"image":{"@id":"https:\/\/www.comptoirdubambou.com\/#\/schema\/logo\/image\/"},"sameAs":["https:\/\/www.facebook.com\/comptoirdubambou\/","https:\/\/www.instagram.com\/comptoirdubambou\/","https:\/\/www.linkedin.com\/company\/18254596\/"]}]}},"_links":{"self":[{"href":"https:\/\/www.comptoirdubambou.com\/it\/wp-json\/wp\/v2\/product\/252050","targetHints":{"allow":["GET"]}}],"collection":[{"href":"https:\/\/www.comptoirdubambou.com\/it\/wp-json\/wp\/v2\/product"}],"about":[{"href":"https:\/\/www.comptoirdubambou.com\/it\/wp-json\/wp\/v2\/types\/product"}],"replies":[{"embeddable":true,"href":"https:\/\/www.comptoirdubambou.com\/it\/wp-json\/wp\/v2\/comments?post=252050"}],"wp:featuredmedia":[{"embeddable":true,"href":"https:\/\/www.comptoirdubambou.com\/it\/wp-json\/wp\/v2\/media\/252053"}],"wp:attachment":[{"href":"https:\/\/www.comptoirdubambou.com\/it\/wp-json\/wp\/v2\/media?parent=252050"}],"wp:term":[{"taxonomy":"product_brand","embeddable":true,"href":"https:\/\/www.comptoirdubambou.com\/it\/wp-json\/wp\/v2\/product_brand?post=252050"},{"taxonomy":"product_cat","embeddable":true,"href":"https:\/\/www.comptoirdubambou.com\/it\/wp-json\/wp\/v2\/product_cat?post=252050"},{"taxonomy":"product_tag","embeddable":true,"href":"https:\/\/www.comptoirdubambou.com\/it\/wp-json\/wp\/v2\/product_tag?post=252050"}],"curies":[{"name":"wp","href":"https:\/\/api.w.org\/{rel}","templated":true}]}}