{"id":245724,"date":"2023-04-04T15:02:40","date_gmt":"2023-04-04T13:02:40","guid":{"rendered":"https:\/\/www.comptoirdubambou.com\/?post_type=product&#038;p=245724"},"modified":"2026-05-01T03:22:57","modified_gmt":"2026-05-01T01:22:57","slug":"housse-de-couette-satin-bambou","status":"publish","type":"product","link":"https:\/\/www.comptoirdubambou.com\/it\/boutique-en-ligne\/linge-de-lit-en-bambou\/housses-de-couette\/housse-de-couette-satin-bambou\/","title":{"rendered":"Housse de Couette | Satin de Bambou | Ivoire"},"content":{"rendered":"<p>[et_pb_section fb_built=\u00a0\u00bb1&Prime; _builder_version=\u00a0\u00bb4.16&Prime; custom_padding=\u00a0\u00bb0px||||false|false\u00a0\u00bb global_colors_info=\u00a0\u00bb{}\u00a0\u00bb][et_pb_row _builder_version=\u00a0\u00bb4.16&Prime; background_size=\u00a0\u00bbinitial\u00a0\u00bb background_position=\u00a0\u00bbtop_left\u00a0\u00bb background_repeat=\u00a0\u00bbrepeat\u00a0\u00bb width=\u00a0\u00bb100%\u00a0\u00bb custom_padding=\u00a0\u00bb0px||0px||false|false\u00a0\u00bb global_colors_info=\u00a0\u00bb{}\u00a0\u00bb][et_pb_column type=\u00a0\u00bb4_4&Prime; _builder_version=\u00a0\u00bb4.16&Prime; custom_padding=\u00a0\u00bb|||\u00a0\u00bb global_colors_info=\u00a0\u00bb{}\u00a0\u00bb custom_padding__hover=\u00a0\u00bb|||\u00a0\u00bb][et_pb_wc_breadcrumb _builder_version=\u00a0\u00bb4.16&Prime; global_colors_info=\u00a0\u00bb{}\u00a0\u00bb][\/et_pb_wc_breadcrumb][et_pb_wc_cart_notice _builder_version=\u00a0\u00bb4.16&Prime; global_colors_info=\u00a0\u00bb{}\u00a0\u00bb][\/et_pb_wc_cart_notice][\/et_pb_column][\/et_pb_row][et_pb_row column_structure=\u00a0\u00bb1_2,1_2&Prime; _builder_version=\u00a0\u00bb4.16&Prime; background_size=\u00a0\u00bbinitial\u00a0\u00bb background_position=\u00a0\u00bbtop_left\u00a0\u00bb background_repeat=\u00a0\u00bbrepeat\u00a0\u00bb width=\u00a0\u00bb100%\u00a0\u00bb custom_padding=\u00a0\u00bb0px||||false|false\u00a0\u00bb global_colors_info=\u00a0\u00bb{}\u00a0\u00bb][et_pb_column type=\u00a0\u00bb1_2&Prime; _builder_version=\u00a0\u00bb4.16&Prime; custom_padding=\u00a0\u00bb|||\u00a0\u00bb global_colors_info=\u00a0\u00bb{}\u00a0\u00bb custom_padding__hover=\u00a0\u00bb|||\u00a0\u00bb][et_pb_wc_images _builder_version=\u00a0\u00bb4.21.0&Prime; global_colors_info=\u00a0\u00bb{}\u00a0\u00bb][\/et_pb_wc_images][\/et_pb_column][et_pb_column type=\u00a0\u00bb1_2&Prime; _builder_version=\u00a0\u00bb4.16&Prime; custom_padding=\u00a0\u00bb|||\u00a0\u00bb global_colors_info=\u00a0\u00bb{}\u00a0\u00bb custom_padding__hover=\u00a0\u00bb|||\u00a0\u00bb][et_pb_wc_title _builder_version=\u00a0\u00bb4.16&Prime; global_colors_info=\u00a0\u00bb{}\u00a0\u00bb][\/et_pb_wc_title][et_pb_wc_rating _builder_version=\u00a0\u00bb4.16&Prime; global_colors_info=\u00a0\u00bb{}\u00a0\u00bb][\/et_pb_wc_rating][et_pb_wc_price _builder_version=\u00a0\u00bb4.16&Prime; global_colors_info=\u00a0\u00bb{}\u00a0\u00bb][\/et_pb_wc_price][et_pb_wc_description _builder_version=\u00a0\u00bb4.16&Prime; global_colors_info=\u00a0\u00bb{}\u00a0\u00bb][\/et_pb_wc_description][et_pb_wc_add_to_cart _builder_version=\u00a0\u00bb4.16&Prime; global_colors_info=\u00a0\u00bb{}\u00a0\u00bb][\/et_pb_wc_add_to_cart][et_pb_wc_meta _builder_version=\u00a0\u00bb4.16&Prime; global_colors_info=\u00a0\u00bb{}\u00a0\u00bb][\/et_pb_wc_meta][\/et_pb_column][\/et_pb_row][et_pb_row _builder_version=\u00a0\u00bb4.16&Prime; background_size=\u00a0\u00bbinitial\u00a0\u00bb background_position=\u00a0\u00bbtop_left\u00a0\u00bb background_repeat=\u00a0\u00bbrepeat\u00a0\u00bb width=\u00a0\u00bb100%\u00a0\u00bb global_colors_info=\u00a0\u00bb{}\u00a0\u00bb][et_pb_column type=\u00a0\u00bb4_4&Prime; _builder_version=\u00a0\u00bb4.16&Prime; custom_padding=\u00a0\u00bb|||\u00a0\u00bb global_colors_info=\u00a0\u00bb{}\u00a0\u00bb custom_padding__hover=\u00a0\u00bb|||\u00a0\u00bb][et_pb_wc_tabs _builder_version=\u00a0\u00bb4.16&Prime; global_colors_info=\u00a0\u00bb{}\u00a0\u00bb] [\/et_pb_wc_tabs][et_pb_wc_upsells _builder_version=\u00a0\u00bb4.16&Prime; global_colors_info=\u00a0\u00bb{}\u00a0\u00bb][\/et_pb_wc_upsells][et_pb_wc_related_products _builder_version=\u00a0\u00bb4.16&Prime; global_colors_info=\u00a0\u00bb{}\u00a0\u00bb][\/et_pb_wc_related_products][\/et_pb_column][\/et_pb_row][\/et_pb_section]<\/p>\n","protected":false},"excerpt":{"rendered":"<div class=\"group final-completion w-full text-token-text-primary border-b border-black\/10 gizmo:border-0 dark:border-gray-900\/50 gizmo:dark:border-0 bg-gray-50 gizmo:bg-transparent dark:bg-[#444654] gizmo:dark:bg-transparent\" data-testid=\"conversation-turn-5\">\n<div class=\"p-4 justify-center text-base md:gap-6 md:py-6 m-auto\">\n<div class=\"flex flex-1 gap-4 text-base mx-auto md:gap-6 gizmo:gap-3 gizmo:md:px-5 gizmo:lg:px-1 gizmo:xl:px-5 md:max-w-2xl lg:max-w-[38rem] gizmo:md:max-w-3xl gizmo:lg:max-w-[40rem] gizmo:xl:max-w-[48rem] xl:max-w-3xl }\">\n<div class=\"relative flex w-[calc(100%-50px)] flex-col gizmo:w-full lg:w-[calc(100%-115px)] agent-turn\">\n<div class=\"flex-col gap-1 md:gap-3\">\n<div class=\"flex flex-grow flex-col gap-3 max-w-full\">\n<div class=\"min-h-[20px] flex flex-col items-start gap-3 whitespace-pre-wrap break-words overflow-x-auto\">\n<div class=\"markdown prose w-full break-words dark:prose-invert light\">\n<p>Une mati\u00e8re exceptionnelle pour des nuits de r\u00eave. Nos housses de couette en satin de bambou combinent sans effort luxe et confort. Fabriqu\u00e9es \u00e0 partir d\u2019une des fibres naturelles les plus nobles, la Fibre B, elles offrent une sensation de douceur et de confort gr\u00e2ce \u00e0 leur finition satin\u00e9e.<\/p>\n<div class=\"et_pb_module et_pb_wc_description et_pb_wc_description_0_tb_body et_pb_bg_layout_light et_pb_text_align_left\">\n<div class=\"et_pb_module_inner\">\n<div class=\"et_pb_module et_pb_wc_description et_pb_wc_description_0_tb_body et_pb_bg_layout_light et_pb_text_align_left\">\n<div class=\"et_pb_module_inner\">\n<p>Une pi\u00e8ce ma\u00eetresse qui allie confort, \u00e9l\u00e9gance et durabilit\u00e9 \u2013 un ajout indispensable \u00e0 votre collection de linge de maison \u2013 pour profiter du luxe de l\u2019h\u00f4tel \u00e0 la maison.<\/p>\n<\/div>\n<\/div>\n<\/div>\n<\/div>\n<\/div>\n<\/div>\n<\/div>\n<\/div>\n<\/div>\n<\/div>\n<\/div>\n<\/div>\n","protected":false},"featured_media":269732,"comment_status":"open","ping_status":"closed","template":"","meta":{"_et_pb_use_builder":"on","_et_pb_old_content":"<h3 data-start=\"534\" data-end=\"545\">Mati\u00e8re<\/h3>\r\n<ul data-start=\"546\" data-end=\"672\">\r\n \t<li data-start=\"546\" data-end=\"672\">\r\n<p data-start=\"548\" data-end=\"672\"><strong data-start=\"548\" data-end=\"575\">Fibre B. 50% Pulpe de bambou \/ 50% Coton Egyptien<\/strong><br data-start=\"575\" data-end=\"578\" \/>Fibre issue de pulpe de bambou, reconnue pour sa douceur, sa respirabilit\u00e9 et sa durabilit\u00e9. C'est l'\u00e9quilibre parfait pour offrir un confort exceptionnel.<\/p>\r\n<\/li>\r\n<\/ul>\r\n<h3 data-start=\"674\" data-end=\"685\">Tissage<\/h3>\r\n<ul data-start=\"686\" data-end=\"812\">\r\n \t<li data-start=\"686\" data-end=\"812\">\r\n<p data-start=\"688\" data-end=\"812\"><strong data-start=\"688\" data-end=\"707\">Satin de bambou<\/strong><br data-start=\"707\" data-end=\"710\" \/>Tissage serr\u00e9 offrant un toucher soyeux, fluide et \u00e9l\u00e9gant, avec une excellente tenue dans le temps.<\/p>\r\n<\/li>\r\n<\/ul>\r\n<h3 data-start=\"814\" data-end=\"826\">Grammage<\/h3>\r\n<ul data-start=\"827\" data-end=\"944\">\r\n \t<li data-start=\"827\" data-end=\"944\">\r\n<p data-start=\"829\" data-end=\"944\"><strong data-start=\"829\" data-end=\"843\">300 g\/m\u00b2<\/strong><br data-start=\"871\" data-end=\"874\" \/>\u00c9quilibre id\u00e9al entre l\u00e9g\u00e8ret\u00e9, r\u00e9sistance et confort haut de gamme.<\/p>\r\n<\/li>\r\n<\/ul>","_et_gb_content_width":""},"product_brand":[],"product_cat":[454,452,138],"product_tag":[401],"class_list":{"0":"post-245724","1":"product","2":"type-product","3":"status-publish","4":"has-post-thumbnail","6":"product_cat-housses-de-couette","7":"product_cat-linge-de-lit-en-bambou","8":"product_cat-tous-nos-produits","9":"product_tag-drap-de-douche-grand-hotel","11":"first","12":"instock","13":"taxable","14":"shipping-taxable","15":"purchasable","16":"product-type-variable"},"bundled_by":["247919","269851","269853","269854","269855","269856","269857"],"bundle_stock_status":"instock","bundle_stock_quantity":null,"bundle_virtual":false,"bundle_layout":"","bundle_add_to_cart_form_location":"","bundle_editable_in_cart":false,"bundle_sold_individually_context":"","bundle_item_grouping":"","bundle_min_size":"","bundle_max_size":"","bundle_price":[],"bundled_items":[],"bundle_sell_ids":[],"yoast_head":"<!-- This site is optimized with the Yoast SEO plugin v27.4 - https:\/\/yoast.com\/product\/yoast-seo-wordpress\/ -->\n<title>Housse de Couette | Satin de Bambou | Ivoire - Comptoir du Bambou<\/title>\n<meta name=\"description\" content=\"D\u00e9couvrez une marque fran\u00e7aise pl\u00e9biscit\u00e9e par les plus grands h\u00f4tels de luxe. Offrez-vous une housse de couette haut de gamme. Livraison offerte\" \/>\n<meta name=\"robots\" content=\"index, follow, max-snippet:-1, max-image-preview:large, max-video-preview:-1\" \/>\n<link rel=\"canonical\" href=\"https:\/\/www.comptoirdubambou.com\/it\/boutique-en-ligne\/linge-de-lit-en-bambou\/housses-de-couette\/housse-de-couette-satin-bambou\/\" \/>\n<meta property=\"og:locale\" content=\"it_IT\" \/>\n<meta property=\"og:type\" content=\"article\" \/>\n<meta property=\"og:title\" content=\"Housse de Couette | Satin de Bambou | Ivoire - Comptoir du Bambou\" \/>\n<meta property=\"og:description\" content=\"D\u00e9couvrez une marque fran\u00e7aise pl\u00e9biscit\u00e9e par les plus grands h\u00f4tels de luxe. Offrez-vous une housse de couette haut de gamme. Livraison offerte\" \/>\n<meta property=\"og:url\" content=\"https:\/\/www.comptoirdubambou.com\/it\/boutique-en-ligne\/linge-de-lit-en-bambou\/housses-de-couette\/housse-de-couette-satin-bambou\/\" \/>\n<meta property=\"og:site_name\" content=\"Comptoir du Bambou\" \/>\n<meta property=\"article:publisher\" content=\"https:\/\/www.facebook.com\/comptoirdubambou\/\" \/>\n<meta property=\"article:modified_time\" content=\"2026-05-01T01:22:57+00:00\" \/>\n<meta property=\"og:image\" content=\"https:\/\/www.comptoirdubambou.com\/wp-content\/uploads\/2025\/11\/IMG3284.jpg\" \/>\n\t<meta property=\"og:image:width\" content=\"1024\" \/>\n\t<meta property=\"og:image:height\" content=\"1024\" \/>\n\t<meta property=\"og:image:type\" content=\"image\/jpeg\" \/>\n<meta name=\"twitter:card\" content=\"summary_large_image\" \/>\n<meta name=\"twitter:label1\" content=\"Tempo di lettura stimato\" \/>\n\t<meta name=\"twitter:data1\" content=\"27 minuti\" \/>\n<script type=\"application\/ld+json\" class=\"yoast-schema-graph\">{\"@context\":\"https:\\\/\\\/schema.org\",\"@graph\":[{\"@type\":\"WebPage\",\"@id\":\"https:\\\/\\\/www.comptoirdubambou.com\\\/boutique-en-ligne\\\/linge-de-lit-en-bambou\\\/housses-de-couette\\\/housse-de-couette-satin-bambou\\\/\",\"url\":\"https:\\\/\\\/www.comptoirdubambou.com\\\/boutique-en-ligne\\\/linge-de-lit-en-bambou\\\/housses-de-couette\\\/housse-de-couette-satin-bambou\\\/\",\"name\":\"Housse de Couette | Satin de Bambou | Ivoire - Comptoir du Bambou\",\"isPartOf\":{\"@id\":\"https:\\\/\\\/www.comptoirdubambou.com\\\/#website\"},\"primaryImageOfPage\":{\"@id\":\"https:\\\/\\\/www.comptoirdubambou.com\\\/boutique-en-ligne\\\/linge-de-lit-en-bambou\\\/housses-de-couette\\\/housse-de-couette-satin-bambou\\\/#primaryimage\"},\"image\":{\"@id\":\"https:\\\/\\\/www.comptoirdubambou.com\\\/boutique-en-ligne\\\/linge-de-lit-en-bambou\\\/housses-de-couette\\\/housse-de-couette-satin-bambou\\\/#primaryimage\"},\"thumbnailUrl\":\"https:\\\/\\\/www.comptoirdubambou.com\\\/wp-content\\\/uploads\\\/2025\\\/11\\\/IMG3284.jpg\",\"datePublished\":\"2023-04-04T13:02:40+00:00\",\"dateModified\":\"2026-05-01T01:22:57+00:00\",\"description\":\"D\u00e9couvrez une marque fran\u00e7aise pl\u00e9biscit\u00e9e par les plus grands h\u00f4tels de luxe. Offrez-vous une housse de couette haut de gamme. Livraison offerte\",\"breadcrumb\":{\"@id\":\"https:\\\/\\\/www.comptoirdubambou.com\\\/boutique-en-ligne\\\/linge-de-lit-en-bambou\\\/housses-de-couette\\\/housse-de-couette-satin-bambou\\\/#breadcrumb\"},\"inLanguage\":\"it-IT\",\"potentialAction\":[{\"@type\":\"ReadAction\",\"target\":[\"https:\\\/\\\/www.comptoirdubambou.com\\\/boutique-en-ligne\\\/linge-de-lit-en-bambou\\\/housses-de-couette\\\/housse-de-couette-satin-bambou\\\/\"]}]},{\"@type\":\"ImageObject\",\"inLanguage\":\"it-IT\",\"@id\":\"https:\\\/\\\/www.comptoirdubambou.com\\\/boutique-en-ligne\\\/linge-de-lit-en-bambou\\\/housses-de-couette\\\/housse-de-couette-satin-bambou\\\/#primaryimage\",\"url\":\"https:\\\/\\\/www.comptoirdubambou.com\\\/wp-content\\\/uploads\\\/2025\\\/11\\\/IMG3284.jpg\",\"contentUrl\":\"https:\\\/\\\/www.comptoirdubambou.com\\\/wp-content\\\/uploads\\\/2025\\\/11\\\/IMG3284.jpg\",\"width\":1024,\"height\":1024,\"caption\":\"Chambre \u00e9l\u00e9gante habill\u00e9e d\u2019une parure de lit en bambou.\"},{\"@type\":\"BreadcrumbList\",\"@id\":\"https:\\\/\\\/www.comptoirdubambou.com\\\/boutique-en-ligne\\\/linge-de-lit-en-bambou\\\/housses-de-couette\\\/housse-de-couette-satin-bambou\\\/#breadcrumb\",\"itemListElement\":[{\"@type\":\"ListItem\",\"position\":1,\"name\":\"Accueil\",\"item\":\"https:\\\/\\\/www.comptoirdubambou.com\\\/\"},{\"@type\":\"ListItem\",\"position\":2,\"name\":\"Boutique en ligne\",\"item\":\"https:\\\/\\\/www.comptoirdubambou.com\\\/linge-maison-fibre-bambou-luxe\\\/\"},{\"@type\":\"ListItem\",\"position\":3,\"name\":\"Housse de Couette | Satin de Bambou | Ivoire\"}]},{\"@type\":\"WebSite\",\"@id\":\"https:\\\/\\\/www.comptoirdubambou.com\\\/#website\",\"url\":\"https:\\\/\\\/www.comptoirdubambou.com\\\/\",\"name\":\"Comptoir du Bambou\",\"description\":\"Linge de maison haut de gamme en fibre de bambou\",\"publisher\":{\"@id\":\"https:\\\/\\\/www.comptoirdubambou.com\\\/#organization\"},\"potentialAction\":[{\"@type\":\"SearchAction\",\"target\":{\"@type\":\"EntryPoint\",\"urlTemplate\":\"https:\\\/\\\/www.comptoirdubambou.com\\\/?s={search_term_string}\"},\"query-input\":{\"@type\":\"PropertyValueSpecification\",\"valueRequired\":true,\"valueName\":\"search_term_string\"}}],\"inLanguage\":\"it-IT\"},{\"@type\":\"Organization\",\"@id\":\"https:\\\/\\\/www.comptoirdubambou.com\\\/#organization\",\"name\":\"Comptoir du Bambou\",\"url\":\"https:\\\/\\\/www.comptoirdubambou.com\\\/\",\"logo\":{\"@type\":\"ImageObject\",\"inLanguage\":\"it-IT\",\"@id\":\"https:\\\/\\\/www.comptoirdubambou.com\\\/#\\\/schema\\\/logo\\\/image\\\/\",\"url\":\"https:\\\/\\\/www.comptoirdubambou.com\\\/wp-content\\\/uploads\\\/2021\\\/06\\\/Logo_Comptoir_du_Bambou_2019_V_CMJN.png\",\"contentUrl\":\"https:\\\/\\\/www.comptoirdubambou.com\\\/wp-content\\\/uploads\\\/2021\\\/06\\\/Logo_Comptoir_du_Bambou_2019_V_CMJN.png\",\"width\":644,\"height\":183,\"caption\":\"Comptoir du Bambou\"},\"image\":{\"@id\":\"https:\\\/\\\/www.comptoirdubambou.com\\\/#\\\/schema\\\/logo\\\/image\\\/\"},\"sameAs\":[\"https:\\\/\\\/www.facebook.com\\\/comptoirdubambou\\\/\",\"https:\\\/\\\/www.instagram.com\\\/comptoirdubambou\\\/\",\"https:\\\/\\\/www.linkedin.com\\\/company\\\/18254596\\\/\"]}]}<\/script>\n<!-- \/ Yoast SEO plugin. -->","yoast_head_json":{"title":"Housse de Couette | Satin de Bambou | Ivoire - Comptoir du Bambou","description":"D\u00e9couvrez une marque fran\u00e7aise pl\u00e9biscit\u00e9e par les plus grands h\u00f4tels de luxe. Offrez-vous une housse de couette haut de gamme. Livraison offerte","robots":{"index":"index","follow":"follow","max-snippet":"max-snippet:-1","max-image-preview":"max-image-preview:large","max-video-preview":"max-video-preview:-1"},"canonical":"https:\/\/www.comptoirdubambou.com\/it\/boutique-en-ligne\/linge-de-lit-en-bambou\/housses-de-couette\/housse-de-couette-satin-bambou\/","og_locale":"it_IT","og_type":"article","og_title":"Housse de Couette | Satin de Bambou | Ivoire - Comptoir du Bambou","og_description":"D\u00e9couvrez une marque fran\u00e7aise pl\u00e9biscit\u00e9e par les plus grands h\u00f4tels de luxe. Offrez-vous une housse de couette haut de gamme. Livraison offerte","og_url":"https:\/\/www.comptoirdubambou.com\/it\/boutique-en-ligne\/linge-de-lit-en-bambou\/housses-de-couette\/housse-de-couette-satin-bambou\/","og_site_name":"Comptoir du Bambou","article_publisher":"https:\/\/www.facebook.com\/comptoirdubambou\/","article_modified_time":"2026-05-01T01:22:57+00:00","og_image":[{"width":1024,"height":1024,"url":"https:\/\/www.comptoirdubambou.com\/wp-content\/uploads\/2025\/11\/IMG3284.jpg","type":"image\/jpeg"}],"twitter_card":"summary_large_image","twitter_misc":{"Tempo di lettura stimato":"27 minuti"},"schema":{"@context":"https:\/\/schema.org","@graph":[{"@type":"WebPage","@id":"https:\/\/www.comptoirdubambou.com\/boutique-en-ligne\/linge-de-lit-en-bambou\/housses-de-couette\/housse-de-couette-satin-bambou\/","url":"https:\/\/www.comptoirdubambou.com\/boutique-en-ligne\/linge-de-lit-en-bambou\/housses-de-couette\/housse-de-couette-satin-bambou\/","name":"Housse de Couette | Satin de Bambou | Ivoire - Comptoir du Bambou","isPartOf":{"@id":"https:\/\/www.comptoirdubambou.com\/#website"},"primaryImageOfPage":{"@id":"https:\/\/www.comptoirdubambou.com\/boutique-en-ligne\/linge-de-lit-en-bambou\/housses-de-couette\/housse-de-couette-satin-bambou\/#primaryimage"},"image":{"@id":"https:\/\/www.comptoirdubambou.com\/boutique-en-ligne\/linge-de-lit-en-bambou\/housses-de-couette\/housse-de-couette-satin-bambou\/#primaryimage"},"thumbnailUrl":"https:\/\/www.comptoirdubambou.com\/wp-content\/uploads\/2025\/11\/IMG3284.jpg","datePublished":"2023-04-04T13:02:40+00:00","dateModified":"2026-05-01T01:22:57+00:00","description":"D\u00e9couvrez une marque fran\u00e7aise pl\u00e9biscit\u00e9e par les plus grands h\u00f4tels de luxe. Offrez-vous une housse de couette haut de gamme. Livraison offerte","breadcrumb":{"@id":"https:\/\/www.comptoirdubambou.com\/boutique-en-ligne\/linge-de-lit-en-bambou\/housses-de-couette\/housse-de-couette-satin-bambou\/#breadcrumb"},"inLanguage":"it-IT","potentialAction":[{"@type":"ReadAction","target":["https:\/\/www.comptoirdubambou.com\/boutique-en-ligne\/linge-de-lit-en-bambou\/housses-de-couette\/housse-de-couette-satin-bambou\/"]}]},{"@type":"ImageObject","inLanguage":"it-IT","@id":"https:\/\/www.comptoirdubambou.com\/boutique-en-ligne\/linge-de-lit-en-bambou\/housses-de-couette\/housse-de-couette-satin-bambou\/#primaryimage","url":"https:\/\/www.comptoirdubambou.com\/wp-content\/uploads\/2025\/11\/IMG3284.jpg","contentUrl":"https:\/\/www.comptoirdubambou.com\/wp-content\/uploads\/2025\/11\/IMG3284.jpg","width":1024,"height":1024,"caption":"Chambre \u00e9l\u00e9gante habill\u00e9e d\u2019une parure de lit en bambou."},{"@type":"BreadcrumbList","@id":"https:\/\/www.comptoirdubambou.com\/boutique-en-ligne\/linge-de-lit-en-bambou\/housses-de-couette\/housse-de-couette-satin-bambou\/#breadcrumb","itemListElement":[{"@type":"ListItem","position":1,"name":"Accueil","item":"https:\/\/www.comptoirdubambou.com\/"},{"@type":"ListItem","position":2,"name":"Boutique en ligne","item":"https:\/\/www.comptoirdubambou.com\/linge-maison-fibre-bambou-luxe\/"},{"@type":"ListItem","position":3,"name":"Housse de Couette | Satin de Bambou | Ivoire"}]},{"@type":"WebSite","@id":"https:\/\/www.comptoirdubambou.com\/#website","url":"https:\/\/www.comptoirdubambou.com\/","name":"Comptoir du Bambou","description":"Biancheria per la casa di alta qualit\u00e0 in fibra di bamb\u00f9","publisher":{"@id":"https:\/\/www.comptoirdubambou.com\/#organization"},"potentialAction":[{"@type":"SearchAction","target":{"@type":"EntryPoint","urlTemplate":"https:\/\/www.comptoirdubambou.com\/?s={search_term_string}"},"query-input":{"@type":"PropertyValueSpecification","valueRequired":true,"valueName":"search_term_string"}}],"inLanguage":"it-IT"},{"@type":"Organization","@id":"https:\/\/www.comptoirdubambou.com\/#organization","name":"Comptoir du Bambou","url":"https:\/\/www.comptoirdubambou.com\/","logo":{"@type":"ImageObject","inLanguage":"it-IT","@id":"https:\/\/www.comptoirdubambou.com\/#\/schema\/logo\/image\/","url":"https:\/\/www.comptoirdubambou.com\/wp-content\/uploads\/2021\/06\/Logo_Comptoir_du_Bambou_2019_V_CMJN.png","contentUrl":"https:\/\/www.comptoirdubambou.com\/wp-content\/uploads\/2021\/06\/Logo_Comptoir_du_Bambou_2019_V_CMJN.png","width":644,"height":183,"caption":"Comptoir du Bambou"},"image":{"@id":"https:\/\/www.comptoirdubambou.com\/#\/schema\/logo\/image\/"},"sameAs":["https:\/\/www.facebook.com\/comptoirdubambou\/","https:\/\/www.instagram.com\/comptoirdubambou\/","https:\/\/www.linkedin.com\/company\/18254596\/"]}]}},"_links":{"self":[{"href":"https:\/\/www.comptoirdubambou.com\/it\/wp-json\/wp\/v2\/product\/245724","targetHints":{"allow":["GET"]}}],"collection":[{"href":"https:\/\/www.comptoirdubambou.com\/it\/wp-json\/wp\/v2\/product"}],"about":[{"href":"https:\/\/www.comptoirdubambou.com\/it\/wp-json\/wp\/v2\/types\/product"}],"replies":[{"embeddable":true,"href":"https:\/\/www.comptoirdubambou.com\/it\/wp-json\/wp\/v2\/comments?post=245724"}],"wp:featuredmedia":[{"embeddable":true,"href":"https:\/\/www.comptoirdubambou.com\/it\/wp-json\/wp\/v2\/media\/269732"}],"wp:attachment":[{"href":"https:\/\/www.comptoirdubambou.com\/it\/wp-json\/wp\/v2\/media?parent=245724"}],"wp:term":[{"taxonomy":"product_brand","embeddable":true,"href":"https:\/\/www.comptoirdubambou.com\/it\/wp-json\/wp\/v2\/product_brand?post=245724"},{"taxonomy":"product_cat","embeddable":true,"href":"https:\/\/www.comptoirdubambou.com\/it\/wp-json\/wp\/v2\/product_cat?post=245724"},{"taxonomy":"product_tag","embeddable":true,"href":"https:\/\/www.comptoirdubambou.com\/it\/wp-json\/wp\/v2\/product_tag?post=245724"}],"curies":[{"name":"wp","href":"https:\/\/api.w.org\/{rel}","templated":true}]}}