{"id":243482,"date":"2022-12-22T10:55:48","date_gmt":"2022-12-22T09:55:48","guid":{"rendered":"https:\/\/www.comptoirdubambou.com\/?post_type=product&#038;p=243482"},"modified":"2026-04-22T03:12:33","modified_gmt":"2026-04-22T01:12:33","slug":"peignoir-a-capuche","status":"publish","type":"product","link":"https:\/\/www.comptoirdubambou.com\/it\/boutique-en-ligne\/peignoirs-de-luxe\/eponge\/peignoir-a-capuche\/","title":{"rendered":"Accappatoio con cappuccio | Grand Hotel Collection"},"content":{"rendered":"<p>Collezione di accappatoi con cappuccio<\/p>\n<p>Dimensioni: S, M, L, XL<\/p>\n<p>Grammatura 500 g\/m2<\/p>\n<p>Composizione fibra B. | Bamb\u00f9 e cotone egiziano<\/p>","protected":false},"excerpt":{"rendered":"<p><strong>Dolce<\/strong>, <strong>leggero<\/strong> e <strong>lussuoso<\/strong>Questo accappatoio con cappuccio \u00e8 fantastico <strong>confortevole<\/strong>. Il girovita \u00e8 cucito e le rifiniture sono ben fatte. Il taglio \u00e8 <strong>casuale<\/strong> e <strong>moderno<\/strong> avere uno stile <strong>accogliente<\/strong> e <strong>contemporaneo<\/strong> quando si esce dal bagno. Realizzato con una delle fibre pi\u00f9 pregiate, la Fibra B., questo accappatoio \u00e8 <strong>ultra-morbido<\/strong>,\u00a0<strong>assorbente<\/strong>\u00a0e\u00a0<strong>si asciuga rapidamente<\/strong>.<\/p>\n<div class=\"et_pb_module et_pb_wc_description et_pb_wc_description_0_tb_body et_pb_bg_layout_light et_pb_text_align_left\">\n<div class=\"et_pb_module_inner\">\n<p>La nostra biancheria da bagno contribuisce con stile al tuo\u00a0<strong>benessere<\/strong>\u00a0e alla\u00a0<strong>protezione del pianeta<\/strong>.<\/p>\n<p>Le nostre collezioni di biancheria da bagno sono prodotte nei migliori stabilimenti di<strong>Europa<\/strong>.<\/p>\n<\/div>\n<\/div>","protected":false},"featured_media":243491,"comment_status":"open","ping_status":"closed","template":"","meta":{"_et_pb_use_builder":"","_et_pb_old_content":"","_et_gb_content_width":""},"product_brand":[],"product_cat":[481,480,138],"product_tag":[404],"class_list":{"0":"post-243482","1":"product","2":"type-product","3":"status-publish","4":"has-post-thumbnail","6":"product_cat-eponge","7":"product_cat-peignoirs-de-luxe","8":"product_cat-tous-nos-produits","9":"product_tag-peignoir-eponge-grand-hotel","11":"first","12":"instock","13":"featured","14":"taxable","15":"shipping-taxable","16":"purchasable","17":"product-type-variable"},"bundled_by":[],"bundle_stock_status":"instock","bundle_stock_quantity":null,"bundle_virtual":false,"bundle_layout":"","bundle_add_to_cart_form_location":"","bundle_editable_in_cart":false,"bundle_sold_individually_context":"","bundle_item_grouping":"","bundle_min_size":"","bundle_max_size":"","bundle_price":[],"bundled_items":[],"bundle_sell_ids":[],"yoast_head":"<!-- This site is optimized with the Yoast SEO plugin v27.4 - https:\/\/yoast.com\/product\/yoast-seo-wordpress\/ -->\n<title>Peignoir \u00e0 capuche | Collection Grand H\u00f4tel - Comptoir du Bambou<\/title>\n<meta name=\"description\" content=\"Le peignoir \u00e0 capuche pour adopter un style moderne et contemporain en sortant du bain. Le linge de maison haut de gamme. Livraison gratuite en France.\" \/>\n<meta name=\"robots\" content=\"index, follow, max-snippet:-1, max-image-preview:large, max-video-preview:-1\" \/>\n<link rel=\"canonical\" href=\"https:\/\/www.comptoirdubambou.com\/it\/boutique-en-ligne\/peignoirs-de-luxe\/eponge\/peignoir-a-capuche\/\" \/>\n<meta property=\"og:locale\" content=\"it_IT\" \/>\n<meta property=\"og:type\" content=\"article\" \/>\n<meta property=\"og:title\" content=\"Peignoir \u00e0 capuche | Collection Grand H\u00f4tel - Comptoir du Bambou\" \/>\n<meta property=\"og:description\" content=\"Le peignoir \u00e0 capuche pour adopter un style moderne et contemporain en sortant du bain. Le linge de maison haut de gamme. Livraison gratuite en France.\" \/>\n<meta property=\"og:url\" content=\"https:\/\/www.comptoirdubambou.com\/it\/boutique-en-ligne\/peignoirs-de-luxe\/eponge\/peignoir-a-capuche\/\" \/>\n<meta property=\"og:site_name\" content=\"Comptoir du Bambou\" \/>\n<meta property=\"article:publisher\" content=\"https:\/\/www.facebook.com\/comptoirdubambou\/\" \/>\n<meta property=\"article:modified_time\" content=\"2026-04-22T01:12:33+00:00\" \/>\n<meta property=\"og:image\" content=\"https:\/\/www.comptoirdubambou.com\/wp-content\/uploads\/2022\/12\/Peignoir-enfant-ok-1-e1671714071723.jpg\" \/>\n\t<meta property=\"og:image:width\" content=\"860\" \/>\n\t<meta property=\"og:image:height\" content=\"860\" \/>\n\t<meta property=\"og:image:type\" content=\"image\/jpeg\" \/>\n<meta name=\"twitter:card\" content=\"summary_large_image\" \/>\n<meta name=\"twitter:label1\" content=\"Tempo di lettura stimato\" \/>\n\t<meta name=\"twitter:data1\" content=\"1 minuto\" \/>\n<script type=\"application\/ld+json\" class=\"yoast-schema-graph\">{\"@context\":\"https:\\\/\\\/schema.org\",\"@graph\":[{\"@type\":\"WebPage\",\"@id\":\"https:\\\/\\\/www.comptoirdubambou.com\\\/boutique-en-ligne\\\/peignoirs-de-luxe\\\/eponge\\\/peignoir-a-capuche\\\/\",\"url\":\"https:\\\/\\\/www.comptoirdubambou.com\\\/boutique-en-ligne\\\/peignoirs-de-luxe\\\/eponge\\\/peignoir-a-capuche\\\/\",\"name\":\"Peignoir \u00e0 capuche | Collection Grand H\u00f4tel - Comptoir du Bambou\",\"isPartOf\":{\"@id\":\"https:\\\/\\\/www.comptoirdubambou.com\\\/#website\"},\"primaryImageOfPage\":{\"@id\":\"https:\\\/\\\/www.comptoirdubambou.com\\\/boutique-en-ligne\\\/peignoirs-de-luxe\\\/eponge\\\/peignoir-a-capuche\\\/#primaryimage\"},\"image\":{\"@id\":\"https:\\\/\\\/www.comptoirdubambou.com\\\/boutique-en-ligne\\\/peignoirs-de-luxe\\\/eponge\\\/peignoir-a-capuche\\\/#primaryimage\"},\"thumbnailUrl\":\"https:\\\/\\\/www.comptoirdubambou.com\\\/wp-content\\\/uploads\\\/2022\\\/12\\\/Peignoir-enfant-ok-1-e1671714071723.jpg\",\"datePublished\":\"2022-12-22T09:55:48+00:00\",\"dateModified\":\"2026-04-22T01:12:33+00:00\",\"description\":\"Le peignoir \u00e0 capuche pour adopter un style moderne et contemporain en sortant du bain. Le linge de maison haut de gamme. Livraison gratuite en France.\",\"breadcrumb\":{\"@id\":\"https:\\\/\\\/www.comptoirdubambou.com\\\/boutique-en-ligne\\\/peignoirs-de-luxe\\\/eponge\\\/peignoir-a-capuche\\\/#breadcrumb\"},\"inLanguage\":\"it-IT\",\"potentialAction\":[{\"@type\":\"ReadAction\",\"target\":[\"https:\\\/\\\/www.comptoirdubambou.com\\\/boutique-en-ligne\\\/peignoirs-de-luxe\\\/eponge\\\/peignoir-a-capuche\\\/\"]}]},{\"@type\":\"ImageObject\",\"inLanguage\":\"it-IT\",\"@id\":\"https:\\\/\\\/www.comptoirdubambou.com\\\/boutique-en-ligne\\\/peignoirs-de-luxe\\\/eponge\\\/peignoir-a-capuche\\\/#primaryimage\",\"url\":\"https:\\\/\\\/www.comptoirdubambou.com\\\/wp-content\\\/uploads\\\/2022\\\/12\\\/Peignoir-enfant-ok-1-e1671714071723.jpg\",\"contentUrl\":\"https:\\\/\\\/www.comptoirdubambou.com\\\/wp-content\\\/uploads\\\/2022\\\/12\\\/Peignoir-enfant-ok-1-e1671714071723.jpg\",\"width\":860,\"height\":860,\"caption\":\"peignoir capuche luxe\"},{\"@type\":\"BreadcrumbList\",\"@id\":\"https:\\\/\\\/www.comptoirdubambou.com\\\/boutique-en-ligne\\\/peignoirs-de-luxe\\\/eponge\\\/peignoir-a-capuche\\\/#breadcrumb\",\"itemListElement\":[{\"@type\":\"ListItem\",\"position\":1,\"name\":\"Accueil\",\"item\":\"https:\\\/\\\/www.comptoirdubambou.com\\\/\"},{\"@type\":\"ListItem\",\"position\":2,\"name\":\"Boutique en ligne\",\"item\":\"https:\\\/\\\/www.comptoirdubambou.com\\\/linge-maison-fibre-bambou-luxe\\\/\"},{\"@type\":\"ListItem\",\"position\":3,\"name\":\"Peignoir \u00e0 capuche | Collection Grand H\u00f4tel\"}]},{\"@type\":\"WebSite\",\"@id\":\"https:\\\/\\\/www.comptoirdubambou.com\\\/#website\",\"url\":\"https:\\\/\\\/www.comptoirdubambou.com\\\/\",\"name\":\"Comptoir du Bambou\",\"description\":\"Linge de maison haut de gamme en fibre de bambou\",\"publisher\":{\"@id\":\"https:\\\/\\\/www.comptoirdubambou.com\\\/#organization\"},\"potentialAction\":[{\"@type\":\"SearchAction\",\"target\":{\"@type\":\"EntryPoint\",\"urlTemplate\":\"https:\\\/\\\/www.comptoirdubambou.com\\\/?s={search_term_string}\"},\"query-input\":{\"@type\":\"PropertyValueSpecification\",\"valueRequired\":true,\"valueName\":\"search_term_string\"}}],\"inLanguage\":\"it-IT\"},{\"@type\":\"Organization\",\"@id\":\"https:\\\/\\\/www.comptoirdubambou.com\\\/#organization\",\"name\":\"Comptoir du Bambou\",\"url\":\"https:\\\/\\\/www.comptoirdubambou.com\\\/\",\"logo\":{\"@type\":\"ImageObject\",\"inLanguage\":\"it-IT\",\"@id\":\"https:\\\/\\\/www.comptoirdubambou.com\\\/#\\\/schema\\\/logo\\\/image\\\/\",\"url\":\"https:\\\/\\\/www.comptoirdubambou.com\\\/wp-content\\\/uploads\\\/2021\\\/06\\\/Logo_Comptoir_du_Bambou_2019_V_CMJN.png\",\"contentUrl\":\"https:\\\/\\\/www.comptoirdubambou.com\\\/wp-content\\\/uploads\\\/2021\\\/06\\\/Logo_Comptoir_du_Bambou_2019_V_CMJN.png\",\"width\":644,\"height\":183,\"caption\":\"Comptoir du Bambou\"},\"image\":{\"@id\":\"https:\\\/\\\/www.comptoirdubambou.com\\\/#\\\/schema\\\/logo\\\/image\\\/\"},\"sameAs\":[\"https:\\\/\\\/www.facebook.com\\\/comptoirdubambou\\\/\",\"https:\\\/\\\/www.instagram.com\\\/comptoirdubambou\\\/\",\"https:\\\/\\\/www.linkedin.com\\\/company\\\/18254596\\\/\"]}]}<\/script>\n<!-- \/ Yoast SEO plugin. -->","yoast_head_json":{"title":"Peignoir \u00e0 capuche | Collection Grand H\u00f4tel - Comptoir du Bambou","description":"Le peignoir \u00e0 capuche pour adopter un style moderne et contemporain en sortant du bain. Le linge de maison haut de gamme. Livraison gratuite en France.","robots":{"index":"index","follow":"follow","max-snippet":"max-snippet:-1","max-image-preview":"max-image-preview:large","max-video-preview":"max-video-preview:-1"},"canonical":"https:\/\/www.comptoirdubambou.com\/it\/boutique-en-ligne\/peignoirs-de-luxe\/eponge\/peignoir-a-capuche\/","og_locale":"it_IT","og_type":"article","og_title":"Peignoir \u00e0 capuche | Collection Grand H\u00f4tel - Comptoir du Bambou","og_description":"Le peignoir \u00e0 capuche pour adopter un style moderne et contemporain en sortant du bain. Le linge de maison haut de gamme. Livraison gratuite en France.","og_url":"https:\/\/www.comptoirdubambou.com\/it\/boutique-en-ligne\/peignoirs-de-luxe\/eponge\/peignoir-a-capuche\/","og_site_name":"Comptoir du Bambou","article_publisher":"https:\/\/www.facebook.com\/comptoirdubambou\/","article_modified_time":"2026-04-22T01:12:33+00:00","og_image":[{"width":860,"height":860,"url":"https:\/\/www.comptoirdubambou.com\/wp-content\/uploads\/2022\/12\/Peignoir-enfant-ok-1-e1671714071723.jpg","type":"image\/jpeg"}],"twitter_card":"summary_large_image","twitter_misc":{"Tempo di lettura stimato":"1 minuto"},"schema":{"@context":"https:\/\/schema.org","@graph":[{"@type":"WebPage","@id":"https:\/\/www.comptoirdubambou.com\/boutique-en-ligne\/peignoirs-de-luxe\/eponge\/peignoir-a-capuche\/","url":"https:\/\/www.comptoirdubambou.com\/boutique-en-ligne\/peignoirs-de-luxe\/eponge\/peignoir-a-capuche\/","name":"Peignoir \u00e0 capuche | Collection Grand H\u00f4tel - Comptoir du Bambou","isPartOf":{"@id":"https:\/\/www.comptoirdubambou.com\/#website"},"primaryImageOfPage":{"@id":"https:\/\/www.comptoirdubambou.com\/boutique-en-ligne\/peignoirs-de-luxe\/eponge\/peignoir-a-capuche\/#primaryimage"},"image":{"@id":"https:\/\/www.comptoirdubambou.com\/boutique-en-ligne\/peignoirs-de-luxe\/eponge\/peignoir-a-capuche\/#primaryimage"},"thumbnailUrl":"https:\/\/www.comptoirdubambou.com\/wp-content\/uploads\/2022\/12\/Peignoir-enfant-ok-1-e1671714071723.jpg","datePublished":"2022-12-22T09:55:48+00:00","dateModified":"2026-04-22T01:12:33+00:00","description":"Le peignoir \u00e0 capuche pour adopter un style moderne et contemporain en sortant du bain. Le linge de maison haut de gamme. Livraison gratuite en France.","breadcrumb":{"@id":"https:\/\/www.comptoirdubambou.com\/boutique-en-ligne\/peignoirs-de-luxe\/eponge\/peignoir-a-capuche\/#breadcrumb"},"inLanguage":"it-IT","potentialAction":[{"@type":"ReadAction","target":["https:\/\/www.comptoirdubambou.com\/boutique-en-ligne\/peignoirs-de-luxe\/eponge\/peignoir-a-capuche\/"]}]},{"@type":"ImageObject","inLanguage":"it-IT","@id":"https:\/\/www.comptoirdubambou.com\/boutique-en-ligne\/peignoirs-de-luxe\/eponge\/peignoir-a-capuche\/#primaryimage","url":"https:\/\/www.comptoirdubambou.com\/wp-content\/uploads\/2022\/12\/Peignoir-enfant-ok-1-e1671714071723.jpg","contentUrl":"https:\/\/www.comptoirdubambou.com\/wp-content\/uploads\/2022\/12\/Peignoir-enfant-ok-1-e1671714071723.jpg","width":860,"height":860,"caption":"peignoir capuche luxe"},{"@type":"BreadcrumbList","@id":"https:\/\/www.comptoirdubambou.com\/boutique-en-ligne\/peignoirs-de-luxe\/eponge\/peignoir-a-capuche\/#breadcrumb","itemListElement":[{"@type":"ListItem","position":1,"name":"Accueil","item":"https:\/\/www.comptoirdubambou.com\/"},{"@type":"ListItem","position":2,"name":"Boutique en ligne","item":"https:\/\/www.comptoirdubambou.com\/linge-maison-fibre-bambou-luxe\/"},{"@type":"ListItem","position":3,"name":"Peignoir \u00e0 capuche | Collection Grand H\u00f4tel"}]},{"@type":"WebSite","@id":"https:\/\/www.comptoirdubambou.com\/#website","url":"https:\/\/www.comptoirdubambou.com\/","name":"Comptoir du Bambou","description":"Biancheria per la casa di alta qualit\u00e0 in fibra di bamb\u00f9","publisher":{"@id":"https:\/\/www.comptoirdubambou.com\/#organization"},"potentialAction":[{"@type":"SearchAction","target":{"@type":"EntryPoint","urlTemplate":"https:\/\/www.comptoirdubambou.com\/?s={search_term_string}"},"query-input":{"@type":"PropertyValueSpecification","valueRequired":true,"valueName":"search_term_string"}}],"inLanguage":"it-IT"},{"@type":"Organization","@id":"https:\/\/www.comptoirdubambou.com\/#organization","name":"Comptoir du Bambou","url":"https:\/\/www.comptoirdubambou.com\/","logo":{"@type":"ImageObject","inLanguage":"it-IT","@id":"https:\/\/www.comptoirdubambou.com\/#\/schema\/logo\/image\/","url":"https:\/\/www.comptoirdubambou.com\/wp-content\/uploads\/2021\/06\/Logo_Comptoir_du_Bambou_2019_V_CMJN.png","contentUrl":"https:\/\/www.comptoirdubambou.com\/wp-content\/uploads\/2021\/06\/Logo_Comptoir_du_Bambou_2019_V_CMJN.png","width":644,"height":183,"caption":"Comptoir du Bambou"},"image":{"@id":"https:\/\/www.comptoirdubambou.com\/#\/schema\/logo\/image\/"},"sameAs":["https:\/\/www.facebook.com\/comptoirdubambou\/","https:\/\/www.instagram.com\/comptoirdubambou\/","https:\/\/www.linkedin.com\/company\/18254596\/"]}]}},"_links":{"self":[{"href":"https:\/\/www.comptoirdubambou.com\/it\/wp-json\/wp\/v2\/product\/243482","targetHints":{"allow":["GET"]}}],"collection":[{"href":"https:\/\/www.comptoirdubambou.com\/it\/wp-json\/wp\/v2\/product"}],"about":[{"href":"https:\/\/www.comptoirdubambou.com\/it\/wp-json\/wp\/v2\/types\/product"}],"replies":[{"embeddable":true,"href":"https:\/\/www.comptoirdubambou.com\/it\/wp-json\/wp\/v2\/comments?post=243482"}],"wp:featuredmedia":[{"embeddable":true,"href":"https:\/\/www.comptoirdubambou.com\/it\/wp-json\/wp\/v2\/media\/243491"}],"wp:attachment":[{"href":"https:\/\/www.comptoirdubambou.com\/it\/wp-json\/wp\/v2\/media?parent=243482"}],"wp:term":[{"taxonomy":"product_brand","embeddable":true,"href":"https:\/\/www.comptoirdubambou.com\/it\/wp-json\/wp\/v2\/product_brand?post=243482"},{"taxonomy":"product_cat","embeddable":true,"href":"https:\/\/www.comptoirdubambou.com\/it\/wp-json\/wp\/v2\/product_cat?post=243482"},{"taxonomy":"product_tag","embeddable":true,"href":"https:\/\/www.comptoirdubambou.com\/it\/wp-json\/wp\/v2\/product_tag?post=243482"}],"curies":[{"name":"wp","href":"https:\/\/api.w.org\/{rel}","templated":true}]}}