{"id":240472,"date":"2022-04-20T17:45:22","date_gmt":"2022-04-20T15:45:22","guid":{"rendered":"https:\/\/www.comptoirdubambou.com\/?post_type=product&#038;p=240472"},"modified":"2026-05-13T03:11:39","modified_gmt":"2026-05-13T01:11:39","slug":"savon-du-linge-saponnaire-entretien-de-linge","status":"publish","type":"product","link":"https:\/\/www.comptoirdubambou.com\/it\/boutique-en-ligne\/accessoires-comptoir-du-bambou\/entretien-du-linge\/savon-du-linge-saponnaire-entretien-de-linge\/","title":{"rendered":"Sapone per bucato con Saponnaire | Cura del bucato"},"content":{"rendered":"","protected":false},"excerpt":{"rendered":"<p>Il nostro sapone Cube du Linge al profumo di lavanda \u00e8 studiato per sbiancare i tessuti delicati nel lavaggio a mano. \u00c8 sufficiente strofinare il sapone sul tessuto, lasciarlo in ammollo in acqua da 30 minuti a 24 ore, quindi risciacquare con acqua o lavare in lavatrice. Nell'ambito del nostro approccio a spreco zero, questo sapone \u00e8 privo di imballaggi inutili. \u00c8 inoltre importante notare che i saponi hanno propriet\u00e0 battericide, eliminando il rischio di proliferazione batterica. Contribuiamo a proteggere l'ambiente adottando questo prodotto ecologico.<\/p>","protected":false},"featured_media":240599,"comment_status":"open","ping_status":"closed","template":"","meta":{"_et_pb_use_builder":"","_et_pb_old_content":"","_et_gb_content_width":""},"product_brand":[],"product_cat":[476,479],"product_tag":[],"class_list":{"0":"post-240472","1":"product","2":"type-product","3":"status-publish","4":"has-post-thumbnail","6":"product_cat-accessoires-comptoir-du-bambou","7":"product_cat-entretien-du-linge","9":"first","10":"instock","11":"taxable","12":"shipping-taxable","13":"purchasable","14":"product-type-simple"},"bundled_by":[],"bundle_stock_status":"instock","bundle_stock_quantity":null,"bundle_virtual":false,"bundle_layout":"","bundle_add_to_cart_form_location":"","bundle_editable_in_cart":false,"bundle_sold_individually_context":"","bundle_item_grouping":"","bundle_min_size":"","bundle_max_size":"","bundle_price":[],"bundled_items":[],"bundle_sell_ids":[],"yoast_head":"<!-- This site is optimized with the Yoast SEO plugin v27.4 - https:\/\/yoast.com\/product\/yoast-seo-wordpress\/ -->\n<title>Savon du Linge \u00e0 la Saponnaire | Entretien du linge - Comptoir du Bambou<\/title>\n<meta name=\"description\" content=\"Savon pour l&#039;entretien du linge \u00e0 la saponaire, pour prendre soin de son linge tout en respectant l&#039;environnement\" \/>\n<meta name=\"robots\" content=\"index, follow, max-snippet:-1, max-image-preview:large, max-video-preview:-1\" \/>\n<link rel=\"canonical\" href=\"https:\/\/www.comptoirdubambou.com\/it\/boutique-en-ligne\/accessoires-comptoir-du-bambou\/entretien-du-linge\/savon-du-linge-saponnaire-entretien-de-linge\/\" \/>\n<meta property=\"og:locale\" content=\"it_IT\" \/>\n<meta property=\"og:type\" content=\"article\" \/>\n<meta property=\"og:title\" content=\"Savon du Linge \u00e0 la Saponnaire | Entretien du linge - Comptoir du Bambou\" \/>\n<meta property=\"og:description\" content=\"Savon pour l&#039;entretien du linge \u00e0 la saponaire, pour prendre soin de son linge tout en respectant l&#039;environnement\" \/>\n<meta property=\"og:url\" content=\"https:\/\/www.comptoirdubambou.com\/it\/boutique-en-ligne\/accessoires-comptoir-du-bambou\/entretien-du-linge\/savon-du-linge-saponnaire-entretien-de-linge\/\" \/>\n<meta property=\"og:site_name\" content=\"Comptoir du Bambou\" \/>\n<meta property=\"article:publisher\" content=\"https:\/\/www.facebook.com\/comptoirdubambou\/\" \/>\n<meta property=\"article:modified_time\" content=\"2026-05-13T01:11:39+00:00\" \/>\n<meta property=\"og:image\" content=\"https:\/\/www.comptoirdubambou.com\/wp-content\/uploads\/2022\/04\/CG_29-07-2021_5-1.jpg\" \/>\n\t<meta property=\"og:image:width\" content=\"1040\" \/>\n\t<meta property=\"og:image:height\" content=\"1040\" \/>\n\t<meta property=\"og:image:type\" content=\"image\/jpeg\" \/>\n<meta name=\"twitter:card\" content=\"summary_large_image\" \/>\n<script type=\"application\/ld+json\" class=\"yoast-schema-graph\">{\"@context\":\"https:\\\/\\\/schema.org\",\"@graph\":[{\"@type\":\"WebPage\",\"@id\":\"https:\\\/\\\/www.comptoirdubambou.com\\\/boutique-en-ligne\\\/accessoires-comptoir-du-bambou\\\/entretien-du-linge\\\/savon-du-linge-saponnaire-entretien-de-linge\\\/\",\"url\":\"https:\\\/\\\/www.comptoirdubambou.com\\\/boutique-en-ligne\\\/accessoires-comptoir-du-bambou\\\/entretien-du-linge\\\/savon-du-linge-saponnaire-entretien-de-linge\\\/\",\"name\":\"Savon du Linge \u00e0 la Saponnaire | Entretien du linge - Comptoir du Bambou\",\"isPartOf\":{\"@id\":\"https:\\\/\\\/www.comptoirdubambou.com\\\/#website\"},\"primaryImageOfPage\":{\"@id\":\"https:\\\/\\\/www.comptoirdubambou.com\\\/boutique-en-ligne\\\/accessoires-comptoir-du-bambou\\\/entretien-du-linge\\\/savon-du-linge-saponnaire-entretien-de-linge\\\/#primaryimage\"},\"image\":{\"@id\":\"https:\\\/\\\/www.comptoirdubambou.com\\\/boutique-en-ligne\\\/accessoires-comptoir-du-bambou\\\/entretien-du-linge\\\/savon-du-linge-saponnaire-entretien-de-linge\\\/#primaryimage\"},\"thumbnailUrl\":\"https:\\\/\\\/www.comptoirdubambou.com\\\/wp-content\\\/uploads\\\/2022\\\/04\\\/CG_29-07-2021_5-1.jpg\",\"datePublished\":\"2022-04-20T15:45:22+00:00\",\"dateModified\":\"2026-05-13T01:11:39+00:00\",\"description\":\"Savon pour l'entretien du linge \u00e0 la saponaire, pour prendre soin de son linge tout en respectant l'environnement\",\"breadcrumb\":{\"@id\":\"https:\\\/\\\/www.comptoirdubambou.com\\\/boutique-en-ligne\\\/accessoires-comptoir-du-bambou\\\/entretien-du-linge\\\/savon-du-linge-saponnaire-entretien-de-linge\\\/#breadcrumb\"},\"inLanguage\":\"it-IT\",\"potentialAction\":[{\"@type\":\"ReadAction\",\"target\":[\"https:\\\/\\\/www.comptoirdubambou.com\\\/boutique-en-ligne\\\/accessoires-comptoir-du-bambou\\\/entretien-du-linge\\\/savon-du-linge-saponnaire-entretien-de-linge\\\/\"]}]},{\"@type\":\"ImageObject\",\"inLanguage\":\"it-IT\",\"@id\":\"https:\\\/\\\/www.comptoirdubambou.com\\\/boutique-en-ligne\\\/accessoires-comptoir-du-bambou\\\/entretien-du-linge\\\/savon-du-linge-saponnaire-entretien-de-linge\\\/#primaryimage\",\"url\":\"https:\\\/\\\/www.comptoirdubambou.com\\\/wp-content\\\/uploads\\\/2022\\\/04\\\/CG_29-07-2021_5-1.jpg\",\"contentUrl\":\"https:\\\/\\\/www.comptoirdubambou.com\\\/wp-content\\\/uploads\\\/2022\\\/04\\\/CG_29-07-2021_5-1.jpg\",\"width\":1040,\"height\":1040,\"caption\":\"savon du linge \u00e0 la saponnaire\"},{\"@type\":\"BreadcrumbList\",\"@id\":\"https:\\\/\\\/www.comptoirdubambou.com\\\/boutique-en-ligne\\\/accessoires-comptoir-du-bambou\\\/entretien-du-linge\\\/savon-du-linge-saponnaire-entretien-de-linge\\\/#breadcrumb\",\"itemListElement\":[{\"@type\":\"ListItem\",\"position\":1,\"name\":\"Accueil\",\"item\":\"https:\\\/\\\/www.comptoirdubambou.com\\\/\"},{\"@type\":\"ListItem\",\"position\":2,\"name\":\"Boutique en ligne\",\"item\":\"https:\\\/\\\/www.comptoirdubambou.com\\\/linge-maison-fibre-bambou-luxe\\\/\"},{\"@type\":\"ListItem\",\"position\":3,\"name\":\"Savon du Linge \u00e0 la Saponnaire | Entretien du linge\"}]},{\"@type\":\"WebSite\",\"@id\":\"https:\\\/\\\/www.comptoirdubambou.com\\\/#website\",\"url\":\"https:\\\/\\\/www.comptoirdubambou.com\\\/\",\"name\":\"Comptoir du Bambou\",\"description\":\"Linge de maison haut de gamme en fibre de bambou\",\"publisher\":{\"@id\":\"https:\\\/\\\/www.comptoirdubambou.com\\\/#organization\"},\"potentialAction\":[{\"@type\":\"SearchAction\",\"target\":{\"@type\":\"EntryPoint\",\"urlTemplate\":\"https:\\\/\\\/www.comptoirdubambou.com\\\/?s={search_term_string}\"},\"query-input\":{\"@type\":\"PropertyValueSpecification\",\"valueRequired\":true,\"valueName\":\"search_term_string\"}}],\"inLanguage\":\"it-IT\"},{\"@type\":\"Organization\",\"@id\":\"https:\\\/\\\/www.comptoirdubambou.com\\\/#organization\",\"name\":\"Comptoir du Bambou\",\"url\":\"https:\\\/\\\/www.comptoirdubambou.com\\\/\",\"logo\":{\"@type\":\"ImageObject\",\"inLanguage\":\"it-IT\",\"@id\":\"https:\\\/\\\/www.comptoirdubambou.com\\\/#\\\/schema\\\/logo\\\/image\\\/\",\"url\":\"https:\\\/\\\/www.comptoirdubambou.com\\\/wp-content\\\/uploads\\\/2021\\\/06\\\/Logo_Comptoir_du_Bambou_2019_V_CMJN.png\",\"contentUrl\":\"https:\\\/\\\/www.comptoirdubambou.com\\\/wp-content\\\/uploads\\\/2021\\\/06\\\/Logo_Comptoir_du_Bambou_2019_V_CMJN.png\",\"width\":644,\"height\":183,\"caption\":\"Comptoir du Bambou\"},\"image\":{\"@id\":\"https:\\\/\\\/www.comptoirdubambou.com\\\/#\\\/schema\\\/logo\\\/image\\\/\"},\"sameAs\":[\"https:\\\/\\\/www.facebook.com\\\/comptoirdubambou\\\/\",\"https:\\\/\\\/www.instagram.com\\\/comptoirdubambou\\\/\",\"https:\\\/\\\/www.linkedin.com\\\/company\\\/18254596\\\/\"]}]}<\/script>\n<!-- \/ Yoast SEO plugin. -->","yoast_head_json":{"title":"Savon du Linge \u00e0 la Saponnaire | Entretien du linge - Comptoir du Bambou","description":"Savon pour l'entretien du linge \u00e0 la saponaire, pour prendre soin de son linge tout en respectant l'environnement","robots":{"index":"index","follow":"follow","max-snippet":"max-snippet:-1","max-image-preview":"max-image-preview:large","max-video-preview":"max-video-preview:-1"},"canonical":"https:\/\/www.comptoirdubambou.com\/it\/boutique-en-ligne\/accessoires-comptoir-du-bambou\/entretien-du-linge\/savon-du-linge-saponnaire-entretien-de-linge\/","og_locale":"it_IT","og_type":"article","og_title":"Savon du Linge \u00e0 la Saponnaire | Entretien du linge - Comptoir du Bambou","og_description":"Savon pour l'entretien du linge \u00e0 la saponaire, pour prendre soin de son linge tout en respectant l'environnement","og_url":"https:\/\/www.comptoirdubambou.com\/it\/boutique-en-ligne\/accessoires-comptoir-du-bambou\/entretien-du-linge\/savon-du-linge-saponnaire-entretien-de-linge\/","og_site_name":"Comptoir du Bambou","article_publisher":"https:\/\/www.facebook.com\/comptoirdubambou\/","article_modified_time":"2026-05-13T01:11:39+00:00","og_image":[{"width":1040,"height":1040,"url":"https:\/\/www.comptoirdubambou.com\/wp-content\/uploads\/2022\/04\/CG_29-07-2021_5-1.jpg","type":"image\/jpeg"}],"twitter_card":"summary_large_image","schema":{"@context":"https:\/\/schema.org","@graph":[{"@type":"WebPage","@id":"https:\/\/www.comptoirdubambou.com\/boutique-en-ligne\/accessoires-comptoir-du-bambou\/entretien-du-linge\/savon-du-linge-saponnaire-entretien-de-linge\/","url":"https:\/\/www.comptoirdubambou.com\/boutique-en-ligne\/accessoires-comptoir-du-bambou\/entretien-du-linge\/savon-du-linge-saponnaire-entretien-de-linge\/","name":"Savon du Linge \u00e0 la Saponnaire | Entretien du linge - Comptoir du Bambou","isPartOf":{"@id":"https:\/\/www.comptoirdubambou.com\/#website"},"primaryImageOfPage":{"@id":"https:\/\/www.comptoirdubambou.com\/boutique-en-ligne\/accessoires-comptoir-du-bambou\/entretien-du-linge\/savon-du-linge-saponnaire-entretien-de-linge\/#primaryimage"},"image":{"@id":"https:\/\/www.comptoirdubambou.com\/boutique-en-ligne\/accessoires-comptoir-du-bambou\/entretien-du-linge\/savon-du-linge-saponnaire-entretien-de-linge\/#primaryimage"},"thumbnailUrl":"https:\/\/www.comptoirdubambou.com\/wp-content\/uploads\/2022\/04\/CG_29-07-2021_5-1.jpg","datePublished":"2022-04-20T15:45:22+00:00","dateModified":"2026-05-13T01:11:39+00:00","description":"Savon pour l'entretien du linge \u00e0 la saponaire, pour prendre soin de son linge tout en respectant l'environnement","breadcrumb":{"@id":"https:\/\/www.comptoirdubambou.com\/boutique-en-ligne\/accessoires-comptoir-du-bambou\/entretien-du-linge\/savon-du-linge-saponnaire-entretien-de-linge\/#breadcrumb"},"inLanguage":"it-IT","potentialAction":[{"@type":"ReadAction","target":["https:\/\/www.comptoirdubambou.com\/boutique-en-ligne\/accessoires-comptoir-du-bambou\/entretien-du-linge\/savon-du-linge-saponnaire-entretien-de-linge\/"]}]},{"@type":"ImageObject","inLanguage":"it-IT","@id":"https:\/\/www.comptoirdubambou.com\/boutique-en-ligne\/accessoires-comptoir-du-bambou\/entretien-du-linge\/savon-du-linge-saponnaire-entretien-de-linge\/#primaryimage","url":"https:\/\/www.comptoirdubambou.com\/wp-content\/uploads\/2022\/04\/CG_29-07-2021_5-1.jpg","contentUrl":"https:\/\/www.comptoirdubambou.com\/wp-content\/uploads\/2022\/04\/CG_29-07-2021_5-1.jpg","width":1040,"height":1040,"caption":"savon du linge \u00e0 la saponnaire"},{"@type":"BreadcrumbList","@id":"https:\/\/www.comptoirdubambou.com\/boutique-en-ligne\/accessoires-comptoir-du-bambou\/entretien-du-linge\/savon-du-linge-saponnaire-entretien-de-linge\/#breadcrumb","itemListElement":[{"@type":"ListItem","position":1,"name":"Accueil","item":"https:\/\/www.comptoirdubambou.com\/"},{"@type":"ListItem","position":2,"name":"Boutique en ligne","item":"https:\/\/www.comptoirdubambou.com\/linge-maison-fibre-bambou-luxe\/"},{"@type":"ListItem","position":3,"name":"Savon du Linge \u00e0 la Saponnaire | Entretien du linge"}]},{"@type":"WebSite","@id":"https:\/\/www.comptoirdubambou.com\/#website","url":"https:\/\/www.comptoirdubambou.com\/","name":"Comptoir du Bambou","description":"Biancheria per la casa di alta qualit\u00e0 in fibra di bamb\u00f9","publisher":{"@id":"https:\/\/www.comptoirdubambou.com\/#organization"},"potentialAction":[{"@type":"SearchAction","target":{"@type":"EntryPoint","urlTemplate":"https:\/\/www.comptoirdubambou.com\/?s={search_term_string}"},"query-input":{"@type":"PropertyValueSpecification","valueRequired":true,"valueName":"search_term_string"}}],"inLanguage":"it-IT"},{"@type":"Organization","@id":"https:\/\/www.comptoirdubambou.com\/#organization","name":"Comptoir du Bambou","url":"https:\/\/www.comptoirdubambou.com\/","logo":{"@type":"ImageObject","inLanguage":"it-IT","@id":"https:\/\/www.comptoirdubambou.com\/#\/schema\/logo\/image\/","url":"https:\/\/www.comptoirdubambou.com\/wp-content\/uploads\/2021\/06\/Logo_Comptoir_du_Bambou_2019_V_CMJN.png","contentUrl":"https:\/\/www.comptoirdubambou.com\/wp-content\/uploads\/2021\/06\/Logo_Comptoir_du_Bambou_2019_V_CMJN.png","width":644,"height":183,"caption":"Comptoir du Bambou"},"image":{"@id":"https:\/\/www.comptoirdubambou.com\/#\/schema\/logo\/image\/"},"sameAs":["https:\/\/www.facebook.com\/comptoirdubambou\/","https:\/\/www.instagram.com\/comptoirdubambou\/","https:\/\/www.linkedin.com\/company\/18254596\/"]}]}},"_links":{"self":[{"href":"https:\/\/www.comptoirdubambou.com\/it\/wp-json\/wp\/v2\/product\/240472","targetHints":{"allow":["GET"]}}],"collection":[{"href":"https:\/\/www.comptoirdubambou.com\/it\/wp-json\/wp\/v2\/product"}],"about":[{"href":"https:\/\/www.comptoirdubambou.com\/it\/wp-json\/wp\/v2\/types\/product"}],"replies":[{"embeddable":true,"href":"https:\/\/www.comptoirdubambou.com\/it\/wp-json\/wp\/v2\/comments?post=240472"}],"wp:featuredmedia":[{"embeddable":true,"href":"https:\/\/www.comptoirdubambou.com\/it\/wp-json\/wp\/v2\/media\/240599"}],"wp:attachment":[{"href":"https:\/\/www.comptoirdubambou.com\/it\/wp-json\/wp\/v2\/media?parent=240472"}],"wp:term":[{"taxonomy":"product_brand","embeddable":true,"href":"https:\/\/www.comptoirdubambou.com\/it\/wp-json\/wp\/v2\/product_brand?post=240472"},{"taxonomy":"product_cat","embeddable":true,"href":"https:\/\/www.comptoirdubambou.com\/it\/wp-json\/wp\/v2\/product_cat?post=240472"},{"taxonomy":"product_tag","embeddable":true,"href":"https:\/\/www.comptoirdubambou.com\/it\/wp-json\/wp\/v2\/product_tag?post=240472"}],"curies":[{"name":"wp","href":"https:\/\/api.w.org\/{rel}","templated":true}]}}