{"id":240464,"date":"2022-04-20T17:00:50","date_gmt":"2022-04-20T15:00:50","guid":{"rendered":"https:\/\/www.comptoirdubambou.com\/?post_type=product&#038;p=240464"},"modified":"2026-04-21T03:20:32","modified_gmt":"2026-04-21T01:20:32","slug":"thym-romarin-lavandin-cartes-de-provence","status":"publish","type":"product","link":"https:\/\/www.comptoirdubambou.com\/it\/boutique-en-ligne\/accessoires-comptoir-du-bambou\/savons\/thym-romarin-lavandin-cartes-de-provence\/","title":{"rendered":"Timo-Romarino-Lavanda | Cartes de Provence"},"content":{"rendered":"","protected":false},"excerpt":{"rendered":"<div class=\"tabs__head product-tabs__head\">Il nostro sapone esfoliante rivela i benefici della natura per migliorare la vostra pelle. Arricchito con olio di vinaccioli, \u00e8 accuratamente formulato su una base di olio di oliva e di cocco, senza coloranti artificiali. Le particelle di fiori di erica essiccati forniscono una delicata esfoliazione, lasciando la pelle luminosa. Gli oli essenziali biologici di timo, rosmarino e lavanda apportano benefici antisettici, rigeneranti e lenitivi. Realizzato con il 99,70% di ingredienti naturali, questo sapone offre un'esperienza di bellezza responsabile, ideale anche per le pelli sensibili. Trasformate la vostra routine in un lussuoso rituale di ringiovanimento per una pelle dall'aspetto sano e sublime.<\/div>\n<div class=\"rte tab-content tab-content-0 current\">\n<div class=\"tab-content__holder tab-content__holder--truncate is-visible\" data-truncated-holder=\"\">\n<div class=\"tab-content__inner\">\n<div class=\"tab-content__entry\" data-truncated-content=\"tab-content__entry--truncate\">\n<p>Peso: 100 g<\/p>\n<\/div>\n<\/div>\n<\/div>\n<\/div>","protected":false},"featured_media":240528,"comment_status":"open","ping_status":"closed","template":"","meta":{"_et_pb_use_builder":"","_et_pb_old_content":"","_et_gb_content_width":""},"product_cat":[476,478],"product_tag":[],"bundled_by":[],"bundle_stock_status":"instock","bundle_stock_quantity":null,"bundle_virtual":false,"bundle_layout":"","bundle_add_to_cart_form_location":"","bundle_editable_in_cart":false,"bundle_sold_individually_context":"","bundle_item_grouping":"","bundle_min_size":"","bundle_max_size":"","bundle_price":[],"bundled_items":[],"bundle_sell_ids":[],"yoast_head":"<!-- This site is optimized with the Yoast SEO plugin v22.1 - https:\/\/yoast.com\/wordpress\/plugins\/seo\/ -->\n<title>Thym-Romarin-Lavandin | Cartes de Provence - Comptoir du Bambou<\/title>\n<meta name=\"description\" content=\"AQUI D&#039;AIA - Savon solide exfoliant au thym et au romarin - Fabriqu\u00e9 \u00e0 partir d&#039;ingr\u00e9dients naturels dans un atelier proven\u00e7al\" \/>\n<meta name=\"robots\" content=\"index, follow, max-snippet:-1, max-image-preview:large, max-video-preview:-1\" \/>\n<link rel=\"canonical\" href=\"https:\/\/www.comptoirdubambou.com\/it\/boutique-en-ligne\/accessoires-comptoir-du-bambou\/savons\/thym-romarin-lavandin-cartes-de-provence\/\" \/>\n<meta property=\"og:locale\" content=\"it_IT\" \/>\n<meta property=\"og:type\" content=\"article\" \/>\n<meta property=\"og:title\" content=\"Thym-Romarin-Lavandin | Cartes de Provence - Comptoir du Bambou\" \/>\n<meta property=\"og:description\" content=\"AQUI D&#039;AIA - Savon solide exfoliant au thym et au romarin - Fabriqu\u00e9 \u00e0 partir d&#039;ingr\u00e9dients naturels dans un atelier proven\u00e7al\" \/>\n<meta property=\"og:url\" content=\"https:\/\/www.comptoirdubambou.com\/it\/boutique-en-ligne\/accessoires-comptoir-du-bambou\/savons\/thym-romarin-lavandin-cartes-de-provence\/\" \/>\n<meta property=\"og:site_name\" content=\"Comptoir du Bambou\" \/>\n<meta property=\"article:publisher\" content=\"https:\/\/www.facebook.com\/comptoirdubambou\/\" \/>\n<meta property=\"article:modified_time\" content=\"2026-04-21T01:20:32+00:00\" \/>\n<meta property=\"og:image\" content=\"https:\/\/www.comptoirdubambou.com\/wp-content\/uploads\/2022\/04\/AQUI-DAIA-Thym-romarin-lavandin.jpg\" \/>\n\t<meta property=\"og:image:width\" content=\"1040\" \/>\n\t<meta property=\"og:image:height\" content=\"1040\" \/>\n\t<meta property=\"og:image:type\" content=\"image\/jpeg\" \/>\n<meta name=\"twitter:card\" content=\"summary_large_image\" \/>\n<script type=\"application\/ld+json\" class=\"yoast-schema-graph\">{\"@context\":\"https:\/\/schema.org\",\"@graph\":[{\"@type\":\"WebPage\",\"@id\":\"https:\/\/www.comptoirdubambou.com\/boutique-en-ligne\/accessoires-comptoir-du-bambou\/savons\/thym-romarin-lavandin-cartes-de-provence\/\",\"url\":\"https:\/\/www.comptoirdubambou.com\/boutique-en-ligne\/accessoires-comptoir-du-bambou\/savons\/thym-romarin-lavandin-cartes-de-provence\/\",\"name\":\"Thym-Romarin-Lavandin | Cartes de Provence - Comptoir du Bambou\",\"isPartOf\":{\"@id\":\"https:\/\/www.comptoirdubambou.com\/#website\"},\"datePublished\":\"2022-04-20T15:00:50+00:00\",\"dateModified\":\"2026-04-21T01:20:32+00:00\",\"description\":\"AQUI D'AIA - Savon solide exfoliant au thym et au romarin - Fabriqu\u00e9 \u00e0 partir d'ingr\u00e9dients naturels dans un atelier proven\u00e7al\",\"breadcrumb\":{\"@id\":\"https:\/\/www.comptoirdubambou.com\/boutique-en-ligne\/accessoires-comptoir-du-bambou\/savons\/thym-romarin-lavandin-cartes-de-provence\/#breadcrumb\"},\"inLanguage\":\"it-IT\",\"potentialAction\":[{\"@type\":\"ReadAction\",\"target\":[\"https:\/\/www.comptoirdubambou.com\/boutique-en-ligne\/accessoires-comptoir-du-bambou\/savons\/thym-romarin-lavandin-cartes-de-provence\/\"]}]},{\"@type\":\"BreadcrumbList\",\"@id\":\"https:\/\/www.comptoirdubambou.com\/boutique-en-ligne\/accessoires-comptoir-du-bambou\/savons\/thym-romarin-lavandin-cartes-de-provence\/#breadcrumb\",\"itemListElement\":[{\"@type\":\"ListItem\",\"position\":1,\"name\":\"Accueil\",\"item\":\"https:\/\/www.comptoirdubambou.com\/\"},{\"@type\":\"ListItem\",\"position\":2,\"name\":\"Boutique en ligne\",\"item\":\"https:\/\/www.comptoirdubambou.com\/linge-maison-fibre-bambou-luxe\/\"},{\"@type\":\"ListItem\",\"position\":3,\"name\":\"Thym-Romarin-Lavandin | Cartes de Provence\"}]},{\"@type\":\"WebSite\",\"@id\":\"https:\/\/www.comptoirdubambou.com\/#website\",\"url\":\"https:\/\/www.comptoirdubambou.com\/\",\"name\":\"Comptoir du Bambou\",\"description\":\"Linge de maison haut de gamme en fibre de bambou\",\"publisher\":{\"@id\":\"https:\/\/www.comptoirdubambou.com\/#organization\"},\"potentialAction\":[{\"@type\":\"SearchAction\",\"target\":{\"@type\":\"EntryPoint\",\"urlTemplate\":\"https:\/\/www.comptoirdubambou.com\/?s={search_term_string}\"},\"query-input\":\"required name=search_term_string\"}],\"inLanguage\":\"it-IT\"},{\"@type\":\"Organization\",\"@id\":\"https:\/\/www.comptoirdubambou.com\/#organization\",\"name\":\"Comptoir du Bambou\",\"url\":\"https:\/\/www.comptoirdubambou.com\/\",\"logo\":{\"@type\":\"ImageObject\",\"inLanguage\":\"it-IT\",\"@id\":\"https:\/\/www.comptoirdubambou.com\/#\/schema\/logo\/image\/\",\"url\":\"https:\/\/www.comptoirdubambou.com\/wp-content\/uploads\/2021\/06\/Logo_Comptoir_du_Bambou_2019_V_CMJN.png\",\"contentUrl\":\"https:\/\/www.comptoirdubambou.com\/wp-content\/uploads\/2021\/06\/Logo_Comptoir_du_Bambou_2019_V_CMJN.png\",\"width\":644,\"height\":183,\"caption\":\"Comptoir du Bambou\"},\"image\":{\"@id\":\"https:\/\/www.comptoirdubambou.com\/#\/schema\/logo\/image\/\"},\"sameAs\":[\"https:\/\/www.facebook.com\/comptoirdubambou\/\",\"https:\/\/www.instagram.com\/comptoirdubambou\/\",\"https:\/\/www.linkedin.com\/company\/18254596\/\"]}]}<\/script>\n<!-- \/ Yoast SEO plugin. -->","yoast_head_json":{"title":"Thym-Romarin-Lavandin | Cartes de Provence - Comptoir du Bambou","description":"AQUI D'AIA - Savon solide exfoliant au thym et au romarin - Fabriqu\u00e9 \u00e0 partir d'ingr\u00e9dients naturels dans un atelier proven\u00e7al","robots":{"index":"index","follow":"follow","max-snippet":"max-snippet:-1","max-image-preview":"max-image-preview:large","max-video-preview":"max-video-preview:-1"},"canonical":"https:\/\/www.comptoirdubambou.com\/it\/boutique-en-ligne\/accessoires-comptoir-du-bambou\/savons\/thym-romarin-lavandin-cartes-de-provence\/","og_locale":"it_IT","og_type":"article","og_title":"Thym-Romarin-Lavandin | Cartes de Provence - Comptoir du Bambou","og_description":"AQUI D'AIA - Savon solide exfoliant au thym et au romarin - Fabriqu\u00e9 \u00e0 partir d'ingr\u00e9dients naturels dans un atelier proven\u00e7al","og_url":"https:\/\/www.comptoirdubambou.com\/it\/boutique-en-ligne\/accessoires-comptoir-du-bambou\/savons\/thym-romarin-lavandin-cartes-de-provence\/","og_site_name":"Comptoir du Bambou","article_publisher":"https:\/\/www.facebook.com\/comptoirdubambou\/","article_modified_time":"2026-04-21T01:20:32+00:00","og_image":[{"width":1040,"height":1040,"url":"https:\/\/www.comptoirdubambou.com\/wp-content\/uploads\/2022\/04\/AQUI-DAIA-Thym-romarin-lavandin.jpg","type":"image\/jpeg"}],"twitter_card":"summary_large_image","schema":{"@context":"https:\/\/schema.org","@graph":[{"@type":"WebPage","@id":"https:\/\/www.comptoirdubambou.com\/boutique-en-ligne\/accessoires-comptoir-du-bambou\/savons\/thym-romarin-lavandin-cartes-de-provence\/","url":"https:\/\/www.comptoirdubambou.com\/boutique-en-ligne\/accessoires-comptoir-du-bambou\/savons\/thym-romarin-lavandin-cartes-de-provence\/","name":"Thym-Romarin-Lavandin | Cartes de Provence - Comptoir du Bambou","isPartOf":{"@id":"https:\/\/www.comptoirdubambou.com\/#website"},"datePublished":"2022-04-20T15:00:50+00:00","dateModified":"2026-04-21T01:20:32+00:00","description":"AQUI D'AIA - Savon solide exfoliant au thym et au romarin - Fabriqu\u00e9 \u00e0 partir d'ingr\u00e9dients naturels dans un atelier proven\u00e7al","breadcrumb":{"@id":"https:\/\/www.comptoirdubambou.com\/boutique-en-ligne\/accessoires-comptoir-du-bambou\/savons\/thym-romarin-lavandin-cartes-de-provence\/#breadcrumb"},"inLanguage":"it-IT","potentialAction":[{"@type":"ReadAction","target":["https:\/\/www.comptoirdubambou.com\/boutique-en-ligne\/accessoires-comptoir-du-bambou\/savons\/thym-romarin-lavandin-cartes-de-provence\/"]}]},{"@type":"BreadcrumbList","@id":"https:\/\/www.comptoirdubambou.com\/boutique-en-ligne\/accessoires-comptoir-du-bambou\/savons\/thym-romarin-lavandin-cartes-de-provence\/#breadcrumb","itemListElement":[{"@type":"ListItem","position":1,"name":"Accueil","item":"https:\/\/www.comptoirdubambou.com\/"},{"@type":"ListItem","position":2,"name":"Boutique en ligne","item":"https:\/\/www.comptoirdubambou.com\/linge-maison-fibre-bambou-luxe\/"},{"@type":"ListItem","position":3,"name":"Thym-Romarin-Lavandin | Cartes de Provence"}]},{"@type":"WebSite","@id":"https:\/\/www.comptoirdubambou.com\/#website","url":"https:\/\/www.comptoirdubambou.com\/","name":"Comptoir du Bambou","description":"Linge de maison haut de gamme en fibre de bambou","publisher":{"@id":"https:\/\/www.comptoirdubambou.com\/#organization"},"potentialAction":[{"@type":"SearchAction","target":{"@type":"EntryPoint","urlTemplate":"https:\/\/www.comptoirdubambou.com\/?s={search_term_string}"},"query-input":"required name=search_term_string"}],"inLanguage":"it-IT"},{"@type":"Organization","@id":"https:\/\/www.comptoirdubambou.com\/#organization","name":"Comptoir du Bambou","url":"https:\/\/www.comptoirdubambou.com\/","logo":{"@type":"ImageObject","inLanguage":"it-IT","@id":"https:\/\/www.comptoirdubambou.com\/#\/schema\/logo\/image\/","url":"https:\/\/www.comptoirdubambou.com\/wp-content\/uploads\/2021\/06\/Logo_Comptoir_du_Bambou_2019_V_CMJN.png","contentUrl":"https:\/\/www.comptoirdubambou.com\/wp-content\/uploads\/2021\/06\/Logo_Comptoir_du_Bambou_2019_V_CMJN.png","width":644,"height":183,"caption":"Comptoir du Bambou"},"image":{"@id":"https:\/\/www.comptoirdubambou.com\/#\/schema\/logo\/image\/"},"sameAs":["https:\/\/www.facebook.com\/comptoirdubambou\/","https:\/\/www.instagram.com\/comptoirdubambou\/","https:\/\/www.linkedin.com\/company\/18254596\/"]}]}},"_links":{"self":[{"href":"https:\/\/www.comptoirdubambou.com\/it\/wp-json\/wp\/v2\/product\/240464"}],"collection":[{"href":"https:\/\/www.comptoirdubambou.com\/it\/wp-json\/wp\/v2\/product"}],"about":[{"href":"https:\/\/www.comptoirdubambou.com\/it\/wp-json\/wp\/v2\/types\/product"}],"replies":[{"embeddable":true,"href":"https:\/\/www.comptoirdubambou.com\/it\/wp-json\/wp\/v2\/comments?post=240464"}],"wp:featuredmedia":[{"embeddable":true,"href":"https:\/\/www.comptoirdubambou.com\/it\/wp-json\/wp\/v2\/media\/240528"}],"wp:attachment":[{"href":"https:\/\/www.comptoirdubambou.com\/it\/wp-json\/wp\/v2\/media?parent=240464"}],"wp:term":[{"taxonomy":"product_cat","embeddable":true,"href":"https:\/\/www.comptoirdubambou.com\/it\/wp-json\/wp\/v2\/product_cat?post=240464"},{"taxonomy":"product_tag","embeddable":true,"href":"https:\/\/www.comptoirdubambou.com\/it\/wp-json\/wp\/v2\/product_tag?post=240464"}],"curies":[{"name":"wp","href":"https:\/\/api.w.org\/{rel}","templated":true}]}}