{"id":29397,"date":"2020-12-22T11:16:16","date_gmt":"2020-12-22T10:16:16","guid":{"rendered":"https:\/\/www.comptoirdubambou.com\/?page_id=29397"},"modified":"2026-03-27T13:17:32","modified_gmt":"2026-03-27T12:17:32","slug":"linge-maison-fibre-bambou-luxe","status":"publish","type":"page","link":"https:\/\/www.comptoirdubambou.com\/it\/linge-maison-fibre-bambou-luxe\/","title":{"rendered":"Negozio online"},"content":{"rendered":"","protected":false},"excerpt":{"rendered":"","protected":false},"author":1,"featured_media":250751,"parent":0,"menu_order":0,"comment_status":"closed","ping_status":"closed","template":"","meta":{"_et_pb_use_builder":"on","_et_pb_old_content":"","_et_gb_content_width":"","footnotes":""},"yoast_head":"<!-- This site is optimized with the Yoast SEO plugin v22.1 - https:\/\/yoast.com\/wordpress\/plugins\/seo\/ -->\n<title>#1 Linge de Maison Haut de Gamme &amp; Durable en Bambou | Comptoir du Bambou<\/title>\n<meta name=\"description\" content=\"Boutique linge de maison en bambou haut de gamme. Serviettes, peignoirs, draps de qualit\u00e9 h\u00f4tel. Livraison offerte d\u00e8s 100\u20ac.\" \/>\n<meta name=\"robots\" content=\"index, follow, max-snippet:-1, max-image-preview:large, max-video-preview:-1\" \/>\n<link rel=\"canonical\" href=\"https:\/\/www.comptoirdubambou.com\/it\/linge-maison-fibre-bambou-luxe\/\" \/>\n<meta property=\"og:locale\" content=\"it_IT\" \/>\n<meta property=\"og:type\" content=\"article\" \/>\n<meta property=\"og:title\" content=\"#1 Linge de Maison Haut de Gamme &amp; Durable en Bambou | Comptoir du Bambou\" \/>\n<meta property=\"og:description\" content=\"Boutique linge de maison en bambou haut de gamme. Serviettes, peignoirs, draps de qualit\u00e9 h\u00f4tel. Livraison offerte d\u00e8s 100\u20ac.\" \/>\n<meta property=\"og:url\" content=\"https:\/\/www.comptoirdubambou.com\/it\/linge-maison-fibre-bambou-luxe\/\" \/>\n<meta property=\"og:site_name\" content=\"Comptoir du Bambou\" \/>\n<meta property=\"article:publisher\" content=\"https:\/\/www.facebook.com\/comptoirdubambou\/\" \/>\n<meta property=\"article:modified_time\" content=\"2026-03-27T12:17:32+00:00\" \/>\n<meta property=\"og:image\" content=\"https:\/\/www.comptoirdubambou.com\/wp-content\/uploads\/2023\/10\/45.jpg\" \/>\n\t<meta property=\"og:image:width\" content=\"1040\" \/>\n\t<meta property=\"og:image:height\" content=\"1040\" \/>\n\t<meta property=\"og:image:type\" content=\"image\/jpeg\" \/>\n<meta name=\"twitter:card\" content=\"summary_large_image\" \/>\n<meta name=\"twitter:label1\" content=\"Tempo di lettura stimato\" \/>\n\t<meta name=\"twitter:data1\" content=\"1 minuto\" \/>\n<script type=\"application\/ld+json\" class=\"yoast-schema-graph\">{\"@context\":\"https:\/\/schema.org\",\"@graph\":[{\"@type\":\"WebPage\",\"@id\":\"https:\/\/www.comptoirdubambou.com\/linge-maison-fibre-bambou-luxe\/\",\"url\":\"https:\/\/www.comptoirdubambou.com\/linge-maison-fibre-bambou-luxe\/\",\"name\":\"#1 Linge de Maison Haut de Gamme & Durable en Bambou | Comptoir du Bambou\",\"isPartOf\":{\"@id\":\"https:\/\/www.comptoirdubambou.com\/#website\"},\"datePublished\":\"2020-12-22T10:16:16+00:00\",\"dateModified\":\"2026-03-27T12:17:32+00:00\",\"description\":\"Boutique linge de maison en bambou haut de gamme. Serviettes, peignoirs, draps de qualit\u00e9 h\u00f4tel. Livraison offerte d\u00e8s 100\u20ac.\",\"breadcrumb\":{\"@id\":\"https:\/\/www.comptoirdubambou.com\/linge-maison-fibre-bambou-luxe\/#breadcrumb\"},\"inLanguage\":\"it-IT\",\"potentialAction\":[{\"@type\":\"ReadAction\",\"target\":[\"https:\/\/www.comptoirdubambou.com\/linge-maison-fibre-bambou-luxe\/\"]}]},{\"@type\":\"BreadcrumbList\",\"@id\":\"https:\/\/www.comptoirdubambou.com\/linge-maison-fibre-bambou-luxe\/#breadcrumb\",\"itemListElement\":[{\"@type\":\"ListItem\",\"position\":1,\"name\":\"Accueil\",\"item\":\"https:\/\/www.comptoirdubambou.com\/\"},{\"@type\":\"ListItem\",\"position\":2,\"name\":\"Boutique en ligne\"}]},{\"@type\":\"WebSite\",\"@id\":\"https:\/\/www.comptoirdubambou.com\/#website\",\"url\":\"https:\/\/www.comptoirdubambou.com\/\",\"name\":\"Comptoir du Bambou\",\"description\":\"Linge de maison haut de gamme en fibre de bambou\",\"publisher\":{\"@id\":\"https:\/\/www.comptoirdubambou.com\/#organization\"},\"potentialAction\":[{\"@type\":\"SearchAction\",\"target\":{\"@type\":\"EntryPoint\",\"urlTemplate\":\"https:\/\/www.comptoirdubambou.com\/?s={search_term_string}\"},\"query-input\":\"required name=search_term_string\"}],\"inLanguage\":\"it-IT\"},{\"@type\":\"Organization\",\"@id\":\"https:\/\/www.comptoirdubambou.com\/#organization\",\"name\":\"Comptoir du Bambou\",\"url\":\"https:\/\/www.comptoirdubambou.com\/\",\"logo\":{\"@type\":\"ImageObject\",\"inLanguage\":\"it-IT\",\"@id\":\"https:\/\/www.comptoirdubambou.com\/#\/schema\/logo\/image\/\",\"url\":\"https:\/\/www.comptoirdubambou.com\/wp-content\/uploads\/2021\/06\/Logo_Comptoir_du_Bambou_2019_V_CMJN.png\",\"contentUrl\":\"https:\/\/www.comptoirdubambou.com\/wp-content\/uploads\/2021\/06\/Logo_Comptoir_du_Bambou_2019_V_CMJN.png\",\"width\":644,\"height\":183,\"caption\":\"Comptoir du Bambou\"},\"image\":{\"@id\":\"https:\/\/www.comptoirdubambou.com\/#\/schema\/logo\/image\/\"},\"sameAs\":[\"https:\/\/www.facebook.com\/comptoirdubambou\/\",\"https:\/\/www.instagram.com\/comptoirdubambou\/\",\"https:\/\/www.linkedin.com\/company\/18254596\/\"]}]}<\/script>\n<!-- \/ Yoast SEO plugin. -->","yoast_head_json":{"title":"#1 Linge de Maison Haut de Gamme & Durable en Bambou | Comptoir du Bambou","description":"Boutique linge de maison en bambou haut de gamme. Serviettes, peignoirs, draps de qualit\u00e9 h\u00f4tel. Livraison offerte d\u00e8s 100\u20ac.","robots":{"index":"index","follow":"follow","max-snippet":"max-snippet:-1","max-image-preview":"max-image-preview:large","max-video-preview":"max-video-preview:-1"},"canonical":"https:\/\/www.comptoirdubambou.com\/it\/linge-maison-fibre-bambou-luxe\/","og_locale":"it_IT","og_type":"article","og_title":"#1 Linge de Maison Haut de Gamme & Durable en Bambou | Comptoir du Bambou","og_description":"Boutique linge de maison en bambou haut de gamme. Serviettes, peignoirs, draps de qualit\u00e9 h\u00f4tel. Livraison offerte d\u00e8s 100\u20ac.","og_url":"https:\/\/www.comptoirdubambou.com\/it\/linge-maison-fibre-bambou-luxe\/","og_site_name":"Comptoir du Bambou","article_publisher":"https:\/\/www.facebook.com\/comptoirdubambou\/","article_modified_time":"2026-03-27T12:17:32+00:00","og_image":[{"width":1040,"height":1040,"url":"https:\/\/www.comptoirdubambou.com\/wp-content\/uploads\/2023\/10\/45.jpg","type":"image\/jpeg"}],"twitter_card":"summary_large_image","twitter_misc":{"Tempo di lettura stimato":"1 minuto"},"schema":{"@context":"https:\/\/schema.org","@graph":[{"@type":"WebPage","@id":"https:\/\/www.comptoirdubambou.com\/linge-maison-fibre-bambou-luxe\/","url":"https:\/\/www.comptoirdubambou.com\/linge-maison-fibre-bambou-luxe\/","name":"#1 Linge de Maison Haut de Gamme & Durable en Bambou | Comptoir du Bambou","isPartOf":{"@id":"https:\/\/www.comptoirdubambou.com\/#website"},"datePublished":"2020-12-22T10:16:16+00:00","dateModified":"2026-03-27T12:17:32+00:00","description":"Boutique linge de maison en bambou haut de gamme. Serviettes, peignoirs, draps de qualit\u00e9 h\u00f4tel. Livraison offerte d\u00e8s 100\u20ac.","breadcrumb":{"@id":"https:\/\/www.comptoirdubambou.com\/linge-maison-fibre-bambou-luxe\/#breadcrumb"},"inLanguage":"it-IT","potentialAction":[{"@type":"ReadAction","target":["https:\/\/www.comptoirdubambou.com\/linge-maison-fibre-bambou-luxe\/"]}]},{"@type":"BreadcrumbList","@id":"https:\/\/www.comptoirdubambou.com\/linge-maison-fibre-bambou-luxe\/#breadcrumb","itemListElement":[{"@type":"ListItem","position":1,"name":"Accueil","item":"https:\/\/www.comptoirdubambou.com\/"},{"@type":"ListItem","position":2,"name":"Boutique en ligne"}]},{"@type":"WebSite","@id":"https:\/\/www.comptoirdubambou.com\/#website","url":"https:\/\/www.comptoirdubambou.com\/","name":"Comptoir du Bambou","description":"Linge de maison haut de gamme en fibre de bambou","publisher":{"@id":"https:\/\/www.comptoirdubambou.com\/#organization"},"potentialAction":[{"@type":"SearchAction","target":{"@type":"EntryPoint","urlTemplate":"https:\/\/www.comptoirdubambou.com\/?s={search_term_string}"},"query-input":"required name=search_term_string"}],"inLanguage":"it-IT"},{"@type":"Organization","@id":"https:\/\/www.comptoirdubambou.com\/#organization","name":"Comptoir du Bambou","url":"https:\/\/www.comptoirdubambou.com\/","logo":{"@type":"ImageObject","inLanguage":"it-IT","@id":"https:\/\/www.comptoirdubambou.com\/#\/schema\/logo\/image\/","url":"https:\/\/www.comptoirdubambou.com\/wp-content\/uploads\/2021\/06\/Logo_Comptoir_du_Bambou_2019_V_CMJN.png","contentUrl":"https:\/\/www.comptoirdubambou.com\/wp-content\/uploads\/2021\/06\/Logo_Comptoir_du_Bambou_2019_V_CMJN.png","width":644,"height":183,"caption":"Comptoir du Bambou"},"image":{"@id":"https:\/\/www.comptoirdubambou.com\/#\/schema\/logo\/image\/"},"sameAs":["https:\/\/www.facebook.com\/comptoirdubambou\/","https:\/\/www.instagram.com\/comptoirdubambou\/","https:\/\/www.linkedin.com\/company\/18254596\/"]}]}},"_links":{"self":[{"href":"https:\/\/www.comptoirdubambou.com\/it\/wp-json\/wp\/v2\/pages\/29397"}],"collection":[{"href":"https:\/\/www.comptoirdubambou.com\/it\/wp-json\/wp\/v2\/pages"}],"about":[{"href":"https:\/\/www.comptoirdubambou.com\/it\/wp-json\/wp\/v2\/types\/page"}],"author":[{"embeddable":true,"href":"https:\/\/www.comptoirdubambou.com\/it\/wp-json\/wp\/v2\/users\/1"}],"replies":[{"embeddable":true,"href":"https:\/\/www.comptoirdubambou.com\/it\/wp-json\/wp\/v2\/comments?post=29397"}],"version-history":[{"count":0,"href":"https:\/\/www.comptoirdubambou.com\/it\/wp-json\/wp\/v2\/pages\/29397\/revisions"}],"wp:featuredmedia":[{"embeddable":true,"href":"https:\/\/www.comptoirdubambou.com\/it\/wp-json\/wp\/v2\/media\/250751"}],"wp:attachment":[{"href":"https:\/\/www.comptoirdubambou.com\/it\/wp-json\/wp\/v2\/media?parent=29397"}],"curies":[{"name":"wp","href":"https:\/\/api.w.org\/{rel}","templated":true}]}}