{"id":270521,"date":"2026-01-19T11:29:43","date_gmt":"2026-01-19T10:29:43","guid":{"rendered":"https:\/\/www.comptoirdubambou.com\/?post_type=product&#038;p=270521"},"modified":"2026-04-03T04:32:08","modified_gmt":"2026-04-03T02:32:08","slug":"taie-oreiller-satin-bambou-luxe","status":"publish","type":"product","link":"https:\/\/www.comptoirdubambou.com\/en\/boutique-en-ligne\/linge-de-lit-en-bambou\/taies-doreiller\/taie-oreiller-satin-bambou-luxe\/","title":{"rendered":"Taies d&rsquo;Oreiller Unies | Satin de Bambou | Bleu givr\u00e9"},"content":{"rendered":"<h3 data-start=\"534\" data-end=\"545\">Les taies d&rsquo;oreiller sont vendues par lot de 2<\/h3>\n<h3 data-start=\"534\" data-end=\"545\">Mati\u00e8re<\/h3>\n<ul data-start=\"546\" data-end=\"672\">\n<li data-start=\"546\" data-end=\"672\">\n<p data-start=\"548\" data-end=\"672\"><strong data-start=\"548\" data-end=\"575\">Fibre B. 50% Pulpe de bambou \/ 50% Coton Egyptien<\/strong><br data-start=\"575\" data-end=\"578\" \/>Fibre issue de pulpe de bambou, reconnue pour sa douceur, sa respirabilit\u00e9 et sa durabilit\u00e9. C&rsquo;est l&rsquo;\u00e9quilibre parfait pour offrir un confort exceptionnel.<\/p>\n<\/li>\n<\/ul>\n<h3 data-start=\"674\" data-end=\"685\">Tissage<\/h3>\n<ul data-start=\"686\" data-end=\"812\">\n<li data-start=\"686\" data-end=\"812\">\n<p data-start=\"688\" data-end=\"812\"><strong data-start=\"688\" data-end=\"707\">Satin de bambou<\/strong><br data-start=\"707\" data-end=\"710\" \/>Tissage serr\u00e9 offrant un toucher soyeux, fluide et \u00e9l\u00e9gant, avec une excellente tenue dans le temps.<\/p>\n<\/li>\n<\/ul>\n<h3 data-start=\"814\" data-end=\"826\">Grammage<\/h3>\n<ul data-start=\"827\" data-end=\"944\">\n<li data-start=\"827\" data-end=\"944\">\n<p data-start=\"829\" data-end=\"944\"><strong data-start=\"829\" data-end=\"843\">300 g\/m\u00b2<\/strong><br data-start=\"871\" data-end=\"874\" \/>\u00c9quilibre id\u00e9al entre l\u00e9g\u00e8ret\u00e9, r\u00e9sistance et confort haut de gamme.<\/p>\n<\/li>\n<\/ul>","protected":false},"excerpt":{"rendered":"<p>An exceptional material for dreamy nights. Our bamboo satin pillowcases effortlessly combine luxury and comfort. Made from one of the finest natural fibres, Fibre B, they offer a soft, comfortable feel thanks to their satin finish.<\/p>\n<div class=\"et_pb_module et_pb_wc_description et_pb_wc_description_0_tb_body et_pb_bg_layout_light et_pb_text_align_left\">\n<div class=\"et_pb_module_inner\">\n<div class=\"et_pb_module et_pb_wc_description et_pb_wc_description_0_tb_body et_pb_bg_layout_light et_pb_text_align_left\">\n<div class=\"et_pb_module_inner\">\n<p>A centrepiece that combines comfort, elegance and durability - a must-have addition to your linen collection - for enjoying hotel luxury at home.<\/p>\n<\/div>\n<\/div>\n<\/div>\n<\/div>","protected":false},"featured_media":269778,"comment_status":"open","ping_status":"closed","template":"","meta":{"_et_pb_use_builder":"","_et_pb_old_content":"","_et_gb_content_width":""},"product_cat":[452,455,138],"product_tag":[447,450,448],"bundled_by":[],"bundle_stock_status":"instock","bundle_stock_quantity":null,"bundle_virtual":false,"bundle_layout":"","bundle_add_to_cart_form_location":"","bundle_editable_in_cart":false,"bundle_sold_individually_context":"","bundle_item_grouping":"","bundle_min_size":"","bundle_max_size":"","bundle_price":[],"bundled_items":[],"bundle_sell_ids":[],"yoast_head":"<!-- This site is optimized with the Yoast SEO plugin v22.1 - https:\/\/yoast.com\/wordpress\/plugins\/seo\/ -->\n<title>Taies d&#039;Oreiller Unies | Satin de Bambou | Bleu givr\u00e9 - Comptoir du Bambou<\/title>\n<meta name=\"description\" content=\"Offrez-vous une taie d\u2019oreiller en satin de bambou luxe, douce et respirante, inspir\u00e9e du confort des plus beaux h\u00f4tels. Linge de lit le plus confortable.\" \/>\n<meta name=\"robots\" content=\"index, follow, max-snippet:-1, max-image-preview:large, max-video-preview:-1\" \/>\n<link rel=\"canonical\" href=\"https:\/\/www.comptoirdubambou.com\/en\/boutique-en-ligne\/linge-de-lit-en-bambou\/taies-doreiller\/taie-oreiller-satin-bambou-luxe\/\" \/>\n<meta property=\"og:locale\" content=\"en_GB\" \/>\n<meta property=\"og:type\" content=\"article\" \/>\n<meta property=\"og:title\" content=\"Taies d&#039;Oreiller Unies | Satin de Bambou | Bleu givr\u00e9 - Comptoir du Bambou\" \/>\n<meta property=\"og:description\" content=\"Offrez-vous une taie d\u2019oreiller en satin de bambou luxe, douce et respirante, inspir\u00e9e du confort des plus beaux h\u00f4tels. Linge de lit le plus confortable.\" \/>\n<meta property=\"og:url\" content=\"https:\/\/www.comptoirdubambou.com\/en\/boutique-en-ligne\/linge-de-lit-en-bambou\/taies-doreiller\/taie-oreiller-satin-bambou-luxe\/\" \/>\n<meta property=\"og:site_name\" content=\"Comptoir du Bambou\" \/>\n<meta property=\"article:publisher\" content=\"https:\/\/www.facebook.com\/comptoirdubambou\/\" \/>\n<meta property=\"article:modified_time\" content=\"2026-04-03T02:32:08+00:00\" \/>\n<meta property=\"og:image\" content=\"https:\/\/www.comptoirdubambou.com\/wp-content\/uploads\/2025\/11\/IMG10235.jpg\" \/>\n\t<meta property=\"og:image:width\" content=\"1024\" \/>\n\t<meta property=\"og:image:height\" content=\"1024\" \/>\n\t<meta property=\"og:image:type\" content=\"image\/jpeg\" \/>\n<meta name=\"twitter:card\" content=\"summary_large_image\" \/>\n<meta name=\"twitter:label1\" content=\"Estimated reading time\" \/>\n\t<meta name=\"twitter:data1\" content=\"1 minute\" \/>\n<script type=\"application\/ld+json\" class=\"yoast-schema-graph\">{\"@context\":\"https:\/\/schema.org\",\"@graph\":[{\"@type\":\"WebPage\",\"@id\":\"https:\/\/www.comptoirdubambou.com\/boutique-en-ligne\/linge-de-lit-en-bambou\/taies-doreiller\/taie-oreiller-satin-bambou-luxe\/\",\"url\":\"https:\/\/www.comptoirdubambou.com\/boutique-en-ligne\/linge-de-lit-en-bambou\/taies-doreiller\/taie-oreiller-satin-bambou-luxe\/\",\"name\":\"Taies d'Oreiller Unies | Satin de Bambou | Bleu givr\u00e9 - Comptoir du Bambou\",\"isPartOf\":{\"@id\":\"https:\/\/www.comptoirdubambou.com\/#website\"},\"datePublished\":\"2026-01-19T10:29:43+00:00\",\"dateModified\":\"2026-04-03T02:32:08+00:00\",\"description\":\"Offrez-vous une taie d\u2019oreiller en satin de bambou luxe, douce et respirante, inspir\u00e9e du confort des plus beaux h\u00f4tels. Linge de lit le plus confortable.\",\"breadcrumb\":{\"@id\":\"https:\/\/www.comptoirdubambou.com\/boutique-en-ligne\/linge-de-lit-en-bambou\/taies-doreiller\/taie-oreiller-satin-bambou-luxe\/#breadcrumb\"},\"inLanguage\":\"en-GB\",\"potentialAction\":[{\"@type\":\"ReadAction\",\"target\":[\"https:\/\/www.comptoirdubambou.com\/boutique-en-ligne\/linge-de-lit-en-bambou\/taies-doreiller\/taie-oreiller-satin-bambou-luxe\/\"]}]},{\"@type\":\"BreadcrumbList\",\"@id\":\"https:\/\/www.comptoirdubambou.com\/boutique-en-ligne\/linge-de-lit-en-bambou\/taies-doreiller\/taie-oreiller-satin-bambou-luxe\/#breadcrumb\",\"itemListElement\":[{\"@type\":\"ListItem\",\"position\":1,\"name\":\"Accueil\",\"item\":\"https:\/\/www.comptoirdubambou.com\/\"},{\"@type\":\"ListItem\",\"position\":2,\"name\":\"Boutique en ligne\",\"item\":\"https:\/\/www.comptoirdubambou.com\/linge-maison-fibre-bambou-luxe\/\"},{\"@type\":\"ListItem\",\"position\":3,\"name\":\"Taies d&#8217;Oreiller Unies | Satin de Bambou | Bleu givr\u00e9\"}]},{\"@type\":\"WebSite\",\"@id\":\"https:\/\/www.comptoirdubambou.com\/#website\",\"url\":\"https:\/\/www.comptoirdubambou.com\/\",\"name\":\"Comptoir du Bambou\",\"description\":\"Linge de maison haut de gamme en fibre de bambou\",\"publisher\":{\"@id\":\"https:\/\/www.comptoirdubambou.com\/#organization\"},\"potentialAction\":[{\"@type\":\"SearchAction\",\"target\":{\"@type\":\"EntryPoint\",\"urlTemplate\":\"https:\/\/www.comptoirdubambou.com\/?s={search_term_string}\"},\"query-input\":\"required name=search_term_string\"}],\"inLanguage\":\"en-GB\"},{\"@type\":\"Organization\",\"@id\":\"https:\/\/www.comptoirdubambou.com\/#organization\",\"name\":\"Comptoir du Bambou\",\"url\":\"https:\/\/www.comptoirdubambou.com\/\",\"logo\":{\"@type\":\"ImageObject\",\"inLanguage\":\"en-GB\",\"@id\":\"https:\/\/www.comptoirdubambou.com\/#\/schema\/logo\/image\/\",\"url\":\"https:\/\/www.comptoirdubambou.com\/wp-content\/uploads\/2021\/06\/Logo_Comptoir_du_Bambou_2019_V_CMJN.png\",\"contentUrl\":\"https:\/\/www.comptoirdubambou.com\/wp-content\/uploads\/2021\/06\/Logo_Comptoir_du_Bambou_2019_V_CMJN.png\",\"width\":644,\"height\":183,\"caption\":\"Comptoir du Bambou\"},\"image\":{\"@id\":\"https:\/\/www.comptoirdubambou.com\/#\/schema\/logo\/image\/\"},\"sameAs\":[\"https:\/\/www.facebook.com\/comptoirdubambou\/\",\"https:\/\/www.instagram.com\/comptoirdubambou\/\",\"https:\/\/www.linkedin.com\/company\/18254596\/\"]}]}<\/script>\n<!-- \/ Yoast SEO plugin. -->","yoast_head_json":{"title":"Taies d'Oreiller Unies | Satin de Bambou | Bleu givr\u00e9 - Comptoir du Bambou","description":"Offrez-vous une taie d\u2019oreiller en satin de bambou luxe, douce et respirante, inspir\u00e9e du confort des plus beaux h\u00f4tels. Linge de lit le plus confortable.","robots":{"index":"index","follow":"follow","max-snippet":"max-snippet:-1","max-image-preview":"max-image-preview:large","max-video-preview":"max-video-preview:-1"},"canonical":"https:\/\/www.comptoirdubambou.com\/en\/boutique-en-ligne\/linge-de-lit-en-bambou\/taies-doreiller\/taie-oreiller-satin-bambou-luxe\/","og_locale":"en_GB","og_type":"article","og_title":"Taies d'Oreiller Unies | Satin de Bambou | Bleu givr\u00e9 - Comptoir du Bambou","og_description":"Offrez-vous une taie d\u2019oreiller en satin de bambou luxe, douce et respirante, inspir\u00e9e du confort des plus beaux h\u00f4tels. Linge de lit le plus confortable.","og_url":"https:\/\/www.comptoirdubambou.com\/en\/boutique-en-ligne\/linge-de-lit-en-bambou\/taies-doreiller\/taie-oreiller-satin-bambou-luxe\/","og_site_name":"Comptoir du Bambou","article_publisher":"https:\/\/www.facebook.com\/comptoirdubambou\/","article_modified_time":"2026-04-03T02:32:08+00:00","og_image":[{"width":1024,"height":1024,"url":"https:\/\/www.comptoirdubambou.com\/wp-content\/uploads\/2025\/11\/IMG10235.jpg","type":"image\/jpeg"}],"twitter_card":"summary_large_image","twitter_misc":{"Estimated reading time":"1 minute"},"schema":{"@context":"https:\/\/schema.org","@graph":[{"@type":"WebPage","@id":"https:\/\/www.comptoirdubambou.com\/boutique-en-ligne\/linge-de-lit-en-bambou\/taies-doreiller\/taie-oreiller-satin-bambou-luxe\/","url":"https:\/\/www.comptoirdubambou.com\/boutique-en-ligne\/linge-de-lit-en-bambou\/taies-doreiller\/taie-oreiller-satin-bambou-luxe\/","name":"Taies d'Oreiller Unies | Satin de Bambou | Bleu givr\u00e9 - Comptoir du Bambou","isPartOf":{"@id":"https:\/\/www.comptoirdubambou.com\/#website"},"datePublished":"2026-01-19T10:29:43+00:00","dateModified":"2026-04-03T02:32:08+00:00","description":"Offrez-vous une taie d\u2019oreiller en satin de bambou luxe, douce et respirante, inspir\u00e9e du confort des plus beaux h\u00f4tels. Linge de lit le plus confortable.","breadcrumb":{"@id":"https:\/\/www.comptoirdubambou.com\/boutique-en-ligne\/linge-de-lit-en-bambou\/taies-doreiller\/taie-oreiller-satin-bambou-luxe\/#breadcrumb"},"inLanguage":"en-GB","potentialAction":[{"@type":"ReadAction","target":["https:\/\/www.comptoirdubambou.com\/boutique-en-ligne\/linge-de-lit-en-bambou\/taies-doreiller\/taie-oreiller-satin-bambou-luxe\/"]}]},{"@type":"BreadcrumbList","@id":"https:\/\/www.comptoirdubambou.com\/boutique-en-ligne\/linge-de-lit-en-bambou\/taies-doreiller\/taie-oreiller-satin-bambou-luxe\/#breadcrumb","itemListElement":[{"@type":"ListItem","position":1,"name":"Accueil","item":"https:\/\/www.comptoirdubambou.com\/"},{"@type":"ListItem","position":2,"name":"Boutique en ligne","item":"https:\/\/www.comptoirdubambou.com\/linge-maison-fibre-bambou-luxe\/"},{"@type":"ListItem","position":3,"name":"Taies d&#8217;Oreiller Unies | Satin de Bambou | Bleu givr\u00e9"}]},{"@type":"WebSite","@id":"https:\/\/www.comptoirdubambou.com\/#website","url":"https:\/\/www.comptoirdubambou.com\/","name":"Comptoir du Bambou","description":"Linge de maison haut de gamme en fibre de bambou","publisher":{"@id":"https:\/\/www.comptoirdubambou.com\/#organization"},"potentialAction":[{"@type":"SearchAction","target":{"@type":"EntryPoint","urlTemplate":"https:\/\/www.comptoirdubambou.com\/?s={search_term_string}"},"query-input":"required name=search_term_string"}],"inLanguage":"en-GB"},{"@type":"Organization","@id":"https:\/\/www.comptoirdubambou.com\/#organization","name":"Comptoir du Bambou","url":"https:\/\/www.comptoirdubambou.com\/","logo":{"@type":"ImageObject","inLanguage":"en-GB","@id":"https:\/\/www.comptoirdubambou.com\/#\/schema\/logo\/image\/","url":"https:\/\/www.comptoirdubambou.com\/wp-content\/uploads\/2021\/06\/Logo_Comptoir_du_Bambou_2019_V_CMJN.png","contentUrl":"https:\/\/www.comptoirdubambou.com\/wp-content\/uploads\/2021\/06\/Logo_Comptoir_du_Bambou_2019_V_CMJN.png","width":644,"height":183,"caption":"Comptoir du Bambou"},"image":{"@id":"https:\/\/www.comptoirdubambou.com\/#\/schema\/logo\/image\/"},"sameAs":["https:\/\/www.facebook.com\/comptoirdubambou\/","https:\/\/www.instagram.com\/comptoirdubambou\/","https:\/\/www.linkedin.com\/company\/18254596\/"]}]}},"_links":{"self":[{"href":"https:\/\/www.comptoirdubambou.com\/en\/wp-json\/wp\/v2\/product\/270521"}],"collection":[{"href":"https:\/\/www.comptoirdubambou.com\/en\/wp-json\/wp\/v2\/product"}],"about":[{"href":"https:\/\/www.comptoirdubambou.com\/en\/wp-json\/wp\/v2\/types\/product"}],"replies":[{"embeddable":true,"href":"https:\/\/www.comptoirdubambou.com\/en\/wp-json\/wp\/v2\/comments?post=270521"}],"wp:featuredmedia":[{"embeddable":true,"href":"https:\/\/www.comptoirdubambou.com\/en\/wp-json\/wp\/v2\/media\/269778"}],"wp:attachment":[{"href":"https:\/\/www.comptoirdubambou.com\/en\/wp-json\/wp\/v2\/media?parent=270521"}],"wp:term":[{"taxonomy":"product_cat","embeddable":true,"href":"https:\/\/www.comptoirdubambou.com\/en\/wp-json\/wp\/v2\/product_cat?post=270521"},{"taxonomy":"product_tag","embeddable":true,"href":"https:\/\/www.comptoirdubambou.com\/en\/wp-json\/wp\/v2\/product_tag?post=270521"}],"curies":[{"name":"wp","href":"https:\/\/api.w.org\/{rel}","templated":true}]}}