{"id":252062,"date":"2024-02-06T09:25:51","date_gmt":"2024-02-06T08:25:51","guid":{"rendered":"https:\/\/www.comptoirdubambou.com\/?post_type=product&#038;p=252062"},"modified":"2026-05-01T03:20:16","modified_gmt":"2026-05-01T01:20:16","slug":"drap-de-bain-palazzio","status":"publish","type":"product","link":"https:\/\/www.comptoirdubambou.com\/en\/boutique-en-ligne\/linge-de-bain\/draps-de-bain\/drap-de-bain-palazzio\/","title":{"rendered":"I Palazzio bath towel"},"content":{"rendered":"<div class=\"et_pb_module et_pb_toggle et_pb_toggle_0_tb_body et_pb_toggle_item et_pb_toggle_open\">\n<div class=\"et_pb_toggle_content clearfix\">\n<div class=\"woocommerce et-dynamic-content-woo et-dynamic-content-woo--product_description\">\n<p><b>Collection\u00a0 \u00a0 \u00a0 \u00a0 <\/b>Palazzio<\/p>\n<p><b>Dimensions\u00a0 \u00a0 \u00a0\u00a0<\/b>Bath Sheet 90\u00d7150 cm<\/p>\n<p><b>Grammage\u00a0 \u00a0 \u00a0 \u00a0<\/b>550 g\/m2<\/p>\n<p><b>Composition\u00a0 \u00a0\u00a0<\/b>Fibre B. | Bamboo and Egyptian Cotton<\/p>\n<\/div>\n<\/div>\n<\/div>","protected":false},"excerpt":{"rendered":"<p>Dive into a world where\u00a0<strong>style meets comfort<\/strong> with our bath sheet from the Palazzio Collection. Thanks to its incomparable softness and the eco-friendly properties of bamboo, drying off after your shower will be the highlight of your daily routine.<\/p>\n<div class=\"et_pb_module et_pb_wc_description et_pb_wc_description_0_tb_body et_pb_bg_layout_light et_pb_text_align_left\">\n<div class=\"et_pb_module_inner\">\n<p>A centrepiece that combines comfort, elegance and durability - an essential addition to your linen collection.<\/p>\n<\/div>\n<\/div>","protected":false},"featured_media":252066,"comment_status":"open","ping_status":"closed","template":"","meta":{"_et_pb_use_builder":"","_et_pb_old_content":"","_et_gb_content_width":""},"product_brand":[],"product_cat":[459,286],"product_tag":[],"class_list":{"0":"post-252062","1":"product","2":"type-product","3":"status-publish","4":"has-post-thumbnail","6":"product_cat-draps-de-bain","7":"product_cat-linge-de-bain","9":"first","10":"instock","11":"taxable","12":"shipping-taxable","13":"purchasable","14":"product-type-variable"},"bundled_by":[],"bundle_stock_status":"instock","bundle_stock_quantity":null,"bundle_virtual":false,"bundle_layout":"","bundle_add_to_cart_form_location":"","bundle_editable_in_cart":false,"bundle_sold_individually_context":"","bundle_item_grouping":"","bundle_min_size":"","bundle_max_size":"","bundle_price":[],"bundled_items":[],"bundle_sell_ids":[],"yoast_head":"<!-- This site is optimized with the Yoast SEO plugin v27.4 - https:\/\/yoast.com\/product\/yoast-seo-wordpress\/ -->\n<title>Drap de bain I Palazzio - Comptoir du Bambou<\/title>\n<meta name=\"description\" content=\"Transformez votre salle de bains en un sanctuaire de luxe avec notre ensemble de linge de bain Palazzio. Chaque pi\u00e8ce est m\u00e9ticuleusement confectionn\u00e9e avec des mat\u00e9riaux de qualit\u00e9 sup\u00e9rieure pour offrir une exp\u00e9rience sensorielle incomparable. D\u00e9couvrez l&#039;harmonie entre style et confort avec Palazzio.\" \/>\n<meta name=\"robots\" content=\"index, follow, max-snippet:-1, max-image-preview:large, max-video-preview:-1\" \/>\n<link rel=\"canonical\" href=\"https:\/\/www.comptoirdubambou.com\/en\/boutique-en-ligne\/linge-de-bain\/draps-de-bain\/drap-de-bain-palazzio\/\" \/>\n<meta property=\"og:locale\" content=\"en_GB\" \/>\n<meta property=\"og:type\" content=\"article\" \/>\n<meta property=\"og:title\" content=\"Drap de bain I Palazzio - Comptoir du Bambou\" \/>\n<meta property=\"og:description\" content=\"Transformez votre salle de bains en un sanctuaire de luxe avec notre ensemble de linge de bain Palazzio. Chaque pi\u00e8ce est m\u00e9ticuleusement confectionn\u00e9e avec des mat\u00e9riaux de qualit\u00e9 sup\u00e9rieure pour offrir une exp\u00e9rience sensorielle incomparable. D\u00e9couvrez l&#039;harmonie entre style et confort avec Palazzio.\" \/>\n<meta property=\"og:url\" content=\"https:\/\/www.comptoirdubambou.com\/en\/boutique-en-ligne\/linge-de-bain\/draps-de-bain\/drap-de-bain-palazzio\/\" \/>\n<meta property=\"og:site_name\" content=\"Comptoir du Bambou\" \/>\n<meta property=\"article:publisher\" content=\"https:\/\/www.facebook.com\/comptoirdubambou\/\" \/>\n<meta property=\"article:modified_time\" content=\"2026-05-01T01:20:16+00:00\" \/>\n<meta property=\"og:image\" content=\"https:\/\/www.comptoirdubambou.com\/wp-content\/uploads\/2024\/02\/Draps-de-bain-palazzio.jpg\" \/>\n\t<meta property=\"og:image:width\" content=\"1040\" \/>\n\t<meta property=\"og:image:height\" content=\"1040\" \/>\n\t<meta property=\"og:image:type\" content=\"image\/jpeg\" \/>\n<meta name=\"twitter:card\" content=\"summary_large_image\" \/>\n<meta name=\"twitter:label1\" content=\"Estimated reading time\" \/>\n\t<meta name=\"twitter:data1\" content=\"1 minute\" \/>\n<script type=\"application\/ld+json\" class=\"yoast-schema-graph\">{\"@context\":\"https:\\\/\\\/schema.org\",\"@graph\":[{\"@type\":\"WebPage\",\"@id\":\"https:\\\/\\\/www.comptoirdubambou.com\\\/boutique-en-ligne\\\/linge-de-bain\\\/draps-de-bain\\\/drap-de-bain-palazzio\\\/\",\"url\":\"https:\\\/\\\/www.comptoirdubambou.com\\\/boutique-en-ligne\\\/linge-de-bain\\\/draps-de-bain\\\/drap-de-bain-palazzio\\\/\",\"name\":\"Drap de bain I Palazzio - Comptoir du Bambou\",\"isPartOf\":{\"@id\":\"https:\\\/\\\/www.comptoirdubambou.com\\\/#website\"},\"primaryImageOfPage\":{\"@id\":\"https:\\\/\\\/www.comptoirdubambou.com\\\/boutique-en-ligne\\\/linge-de-bain\\\/draps-de-bain\\\/drap-de-bain-palazzio\\\/#primaryimage\"},\"image\":{\"@id\":\"https:\\\/\\\/www.comptoirdubambou.com\\\/boutique-en-ligne\\\/linge-de-bain\\\/draps-de-bain\\\/drap-de-bain-palazzio\\\/#primaryimage\"},\"thumbnailUrl\":\"https:\\\/\\\/www.comptoirdubambou.com\\\/wp-content\\\/uploads\\\/2024\\\/02\\\/Draps-de-bain-palazzio.jpg\",\"datePublished\":\"2024-02-06T08:25:51+00:00\",\"dateModified\":\"2026-05-01T01:20:16+00:00\",\"description\":\"Transformez votre salle de bains en un sanctuaire de luxe avec notre ensemble de linge de bain Palazzio. Chaque pi\u00e8ce est m\u00e9ticuleusement confectionn\u00e9e avec des mat\u00e9riaux de qualit\u00e9 sup\u00e9rieure pour offrir une exp\u00e9rience sensorielle incomparable. D\u00e9couvrez l'harmonie entre style et confort avec Palazzio.\",\"breadcrumb\":{\"@id\":\"https:\\\/\\\/www.comptoirdubambou.com\\\/boutique-en-ligne\\\/linge-de-bain\\\/draps-de-bain\\\/drap-de-bain-palazzio\\\/#breadcrumb\"},\"inLanguage\":\"en-GB\",\"potentialAction\":[{\"@type\":\"ReadAction\",\"target\":[\"https:\\\/\\\/www.comptoirdubambou.com\\\/boutique-en-ligne\\\/linge-de-bain\\\/draps-de-bain\\\/drap-de-bain-palazzio\\\/\"]}]},{\"@type\":\"ImageObject\",\"inLanguage\":\"en-GB\",\"@id\":\"https:\\\/\\\/www.comptoirdubambou.com\\\/boutique-en-ligne\\\/linge-de-bain\\\/draps-de-bain\\\/drap-de-bain-palazzio\\\/#primaryimage\",\"url\":\"https:\\\/\\\/www.comptoirdubambou.com\\\/wp-content\\\/uploads\\\/2024\\\/02\\\/Draps-de-bain-palazzio.jpg\",\"contentUrl\":\"https:\\\/\\\/www.comptoirdubambou.com\\\/wp-content\\\/uploads\\\/2024\\\/02\\\/Draps-de-bain-palazzio.jpg\",\"width\":1040,\"height\":1040},{\"@type\":\"BreadcrumbList\",\"@id\":\"https:\\\/\\\/www.comptoirdubambou.com\\\/boutique-en-ligne\\\/linge-de-bain\\\/draps-de-bain\\\/drap-de-bain-palazzio\\\/#breadcrumb\",\"itemListElement\":[{\"@type\":\"ListItem\",\"position\":1,\"name\":\"Accueil\",\"item\":\"https:\\\/\\\/www.comptoirdubambou.com\\\/\"},{\"@type\":\"ListItem\",\"position\":2,\"name\":\"Boutique en ligne\",\"item\":\"https:\\\/\\\/www.comptoirdubambou.com\\\/linge-maison-fibre-bambou-luxe\\\/\"},{\"@type\":\"ListItem\",\"position\":3,\"name\":\"Drap de bain I Palazzio\"}]},{\"@type\":\"WebSite\",\"@id\":\"https:\\\/\\\/www.comptoirdubambou.com\\\/#website\",\"url\":\"https:\\\/\\\/www.comptoirdubambou.com\\\/\",\"name\":\"Comptoir du Bambou\",\"description\":\"Linge de maison haut de gamme en fibre de bambou\",\"publisher\":{\"@id\":\"https:\\\/\\\/www.comptoirdubambou.com\\\/#organization\"},\"potentialAction\":[{\"@type\":\"SearchAction\",\"target\":{\"@type\":\"EntryPoint\",\"urlTemplate\":\"https:\\\/\\\/www.comptoirdubambou.com\\\/?s={search_term_string}\"},\"query-input\":{\"@type\":\"PropertyValueSpecification\",\"valueRequired\":true,\"valueName\":\"search_term_string\"}}],\"inLanguage\":\"en-GB\"},{\"@type\":\"Organization\",\"@id\":\"https:\\\/\\\/www.comptoirdubambou.com\\\/#organization\",\"name\":\"Comptoir du Bambou\",\"url\":\"https:\\\/\\\/www.comptoirdubambou.com\\\/\",\"logo\":{\"@type\":\"ImageObject\",\"inLanguage\":\"en-GB\",\"@id\":\"https:\\\/\\\/www.comptoirdubambou.com\\\/#\\\/schema\\\/logo\\\/image\\\/\",\"url\":\"https:\\\/\\\/www.comptoirdubambou.com\\\/wp-content\\\/uploads\\\/2021\\\/06\\\/Logo_Comptoir_du_Bambou_2019_V_CMJN.png\",\"contentUrl\":\"https:\\\/\\\/www.comptoirdubambou.com\\\/wp-content\\\/uploads\\\/2021\\\/06\\\/Logo_Comptoir_du_Bambou_2019_V_CMJN.png\",\"width\":644,\"height\":183,\"caption\":\"Comptoir du Bambou\"},\"image\":{\"@id\":\"https:\\\/\\\/www.comptoirdubambou.com\\\/#\\\/schema\\\/logo\\\/image\\\/\"},\"sameAs\":[\"https:\\\/\\\/www.facebook.com\\\/comptoirdubambou\\\/\",\"https:\\\/\\\/www.instagram.com\\\/comptoirdubambou\\\/\",\"https:\\\/\\\/www.linkedin.com\\\/company\\\/18254596\\\/\"]}]}<\/script>\n<!-- \/ Yoast SEO plugin. -->","yoast_head_json":{"title":"Drap de bain I Palazzio - Comptoir du Bambou","description":"Transformez votre salle de bains en un sanctuaire de luxe avec notre ensemble de linge de bain Palazzio. Chaque pi\u00e8ce est m\u00e9ticuleusement confectionn\u00e9e avec des mat\u00e9riaux de qualit\u00e9 sup\u00e9rieure pour offrir une exp\u00e9rience sensorielle incomparable. D\u00e9couvrez l'harmonie entre style et confort avec Palazzio.","robots":{"index":"index","follow":"follow","max-snippet":"max-snippet:-1","max-image-preview":"max-image-preview:large","max-video-preview":"max-video-preview:-1"},"canonical":"https:\/\/www.comptoirdubambou.com\/en\/boutique-en-ligne\/linge-de-bain\/draps-de-bain\/drap-de-bain-palazzio\/","og_locale":"en_GB","og_type":"article","og_title":"Drap de bain I Palazzio - Comptoir du Bambou","og_description":"Transformez votre salle de bains en un sanctuaire de luxe avec notre ensemble de linge de bain Palazzio. Chaque pi\u00e8ce est m\u00e9ticuleusement confectionn\u00e9e avec des mat\u00e9riaux de qualit\u00e9 sup\u00e9rieure pour offrir une exp\u00e9rience sensorielle incomparable. D\u00e9couvrez l'harmonie entre style et confort avec Palazzio.","og_url":"https:\/\/www.comptoirdubambou.com\/en\/boutique-en-ligne\/linge-de-bain\/draps-de-bain\/drap-de-bain-palazzio\/","og_site_name":"Comptoir du Bambou","article_publisher":"https:\/\/www.facebook.com\/comptoirdubambou\/","article_modified_time":"2026-05-01T01:20:16+00:00","og_image":[{"width":1040,"height":1040,"url":"https:\/\/www.comptoirdubambou.com\/wp-content\/uploads\/2024\/02\/Draps-de-bain-palazzio.jpg","type":"image\/jpeg"}],"twitter_card":"summary_large_image","twitter_misc":{"Estimated reading time":"1 minute"},"schema":{"@context":"https:\/\/schema.org","@graph":[{"@type":"WebPage","@id":"https:\/\/www.comptoirdubambou.com\/boutique-en-ligne\/linge-de-bain\/draps-de-bain\/drap-de-bain-palazzio\/","url":"https:\/\/www.comptoirdubambou.com\/boutique-en-ligne\/linge-de-bain\/draps-de-bain\/drap-de-bain-palazzio\/","name":"Drap de bain I Palazzio - Comptoir du Bambou","isPartOf":{"@id":"https:\/\/www.comptoirdubambou.com\/#website"},"primaryImageOfPage":{"@id":"https:\/\/www.comptoirdubambou.com\/boutique-en-ligne\/linge-de-bain\/draps-de-bain\/drap-de-bain-palazzio\/#primaryimage"},"image":{"@id":"https:\/\/www.comptoirdubambou.com\/boutique-en-ligne\/linge-de-bain\/draps-de-bain\/drap-de-bain-palazzio\/#primaryimage"},"thumbnailUrl":"https:\/\/www.comptoirdubambou.com\/wp-content\/uploads\/2024\/02\/Draps-de-bain-palazzio.jpg","datePublished":"2024-02-06T08:25:51+00:00","dateModified":"2026-05-01T01:20:16+00:00","description":"Transformez votre salle de bains en un sanctuaire de luxe avec notre ensemble de linge de bain Palazzio. Chaque pi\u00e8ce est m\u00e9ticuleusement confectionn\u00e9e avec des mat\u00e9riaux de qualit\u00e9 sup\u00e9rieure pour offrir une exp\u00e9rience sensorielle incomparable. D\u00e9couvrez l'harmonie entre style et confort avec Palazzio.","breadcrumb":{"@id":"https:\/\/www.comptoirdubambou.com\/boutique-en-ligne\/linge-de-bain\/draps-de-bain\/drap-de-bain-palazzio\/#breadcrumb"},"inLanguage":"en-GB","potentialAction":[{"@type":"ReadAction","target":["https:\/\/www.comptoirdubambou.com\/boutique-en-ligne\/linge-de-bain\/draps-de-bain\/drap-de-bain-palazzio\/"]}]},{"@type":"ImageObject","inLanguage":"en-GB","@id":"https:\/\/www.comptoirdubambou.com\/boutique-en-ligne\/linge-de-bain\/draps-de-bain\/drap-de-bain-palazzio\/#primaryimage","url":"https:\/\/www.comptoirdubambou.com\/wp-content\/uploads\/2024\/02\/Draps-de-bain-palazzio.jpg","contentUrl":"https:\/\/www.comptoirdubambou.com\/wp-content\/uploads\/2024\/02\/Draps-de-bain-palazzio.jpg","width":1040,"height":1040},{"@type":"BreadcrumbList","@id":"https:\/\/www.comptoirdubambou.com\/boutique-en-ligne\/linge-de-bain\/draps-de-bain\/drap-de-bain-palazzio\/#breadcrumb","itemListElement":[{"@type":"ListItem","position":1,"name":"Accueil","item":"https:\/\/www.comptoirdubambou.com\/"},{"@type":"ListItem","position":2,"name":"Boutique en ligne","item":"https:\/\/www.comptoirdubambou.com\/linge-maison-fibre-bambou-luxe\/"},{"@type":"ListItem","position":3,"name":"Drap de bain I Palazzio"}]},{"@type":"WebSite","@id":"https:\/\/www.comptoirdubambou.com\/#website","url":"https:\/\/www.comptoirdubambou.com\/","name":"Comptoir du Bambou","description":"High quality household linen made of bamboo fibre","publisher":{"@id":"https:\/\/www.comptoirdubambou.com\/#organization"},"potentialAction":[{"@type":"SearchAction","target":{"@type":"EntryPoint","urlTemplate":"https:\/\/www.comptoirdubambou.com\/?s={search_term_string}"},"query-input":{"@type":"PropertyValueSpecification","valueRequired":true,"valueName":"search_term_string"}}],"inLanguage":"en-GB"},{"@type":"Organization","@id":"https:\/\/www.comptoirdubambou.com\/#organization","name":"Comptoir du Bambou","url":"https:\/\/www.comptoirdubambou.com\/","logo":{"@type":"ImageObject","inLanguage":"en-GB","@id":"https:\/\/www.comptoirdubambou.com\/#\/schema\/logo\/image\/","url":"https:\/\/www.comptoirdubambou.com\/wp-content\/uploads\/2021\/06\/Logo_Comptoir_du_Bambou_2019_V_CMJN.png","contentUrl":"https:\/\/www.comptoirdubambou.com\/wp-content\/uploads\/2021\/06\/Logo_Comptoir_du_Bambou_2019_V_CMJN.png","width":644,"height":183,"caption":"Comptoir du Bambou"},"image":{"@id":"https:\/\/www.comptoirdubambou.com\/#\/schema\/logo\/image\/"},"sameAs":["https:\/\/www.facebook.com\/comptoirdubambou\/","https:\/\/www.instagram.com\/comptoirdubambou\/","https:\/\/www.linkedin.com\/company\/18254596\/"]}]}},"_links":{"self":[{"href":"https:\/\/www.comptoirdubambou.com\/en\/wp-json\/wp\/v2\/product\/252062","targetHints":{"allow":["GET"]}}],"collection":[{"href":"https:\/\/www.comptoirdubambou.com\/en\/wp-json\/wp\/v2\/product"}],"about":[{"href":"https:\/\/www.comptoirdubambou.com\/en\/wp-json\/wp\/v2\/types\/product"}],"replies":[{"embeddable":true,"href":"https:\/\/www.comptoirdubambou.com\/en\/wp-json\/wp\/v2\/comments?post=252062"}],"wp:featuredmedia":[{"embeddable":true,"href":"https:\/\/www.comptoirdubambou.com\/en\/wp-json\/wp\/v2\/media\/252066"}],"wp:attachment":[{"href":"https:\/\/www.comptoirdubambou.com\/en\/wp-json\/wp\/v2\/media?parent=252062"}],"wp:term":[{"taxonomy":"product_brand","embeddable":true,"href":"https:\/\/www.comptoirdubambou.com\/en\/wp-json\/wp\/v2\/product_brand?post=252062"},{"taxonomy":"product_cat","embeddable":true,"href":"https:\/\/www.comptoirdubambou.com\/en\/wp-json\/wp\/v2\/product_cat?post=252062"},{"taxonomy":"product_tag","embeddable":true,"href":"https:\/\/www.comptoirdubambou.com\/en\/wp-json\/wp\/v2\/product_tag?post=252062"}],"curies":[{"name":"wp","href":"https:\/\/api.w.org\/{rel}","templated":true}]}}