{"id":245627,"date":"2023-04-02T18:41:47","date_gmt":"2023-04-02T16:41:47","guid":{"rendered":"https:\/\/www.comptoirdubambou.com\/?post_type=product&#038;p=245627"},"modified":"2026-05-13T03:29:23","modified_gmt":"2026-05-13T01:29:23","slug":"drap-housse-satin","status":"publish","type":"product","link":"https:\/\/www.comptoirdubambou.com\/en\/boutique-en-ligne\/linge-de-lit-en-bambou\/draps-housse\/drap-housse-satin\/","title":{"rendered":"Drap Housse | Satin de Bambou | Gris Perle"},"content":{"rendered":"<h3 data-start=\"534\" data-end=\"545\">Mati\u00e8re<\/h3>\n<ul data-start=\"546\" data-end=\"672\">\n<li data-start=\"546\" data-end=\"672\">\n<p data-start=\"548\" data-end=\"672\"><strong data-start=\"548\" data-end=\"575\">Fibre B. 50% Pulpe de bambou \/ 50% Coton Egyptien<\/strong><br data-start=\"575\" data-end=\"578\" \/>Fibre issue de pulpe de bambou, reconnue pour sa douceur, sa respirabilit\u00e9 et sa durabilit\u00e9. C&rsquo;est l&rsquo;\u00e9quilibre parfait pour offrir un confort exceptionnel.<\/p>\n<\/li>\n<\/ul>\n<h3 data-start=\"674\" data-end=\"685\">Tissage<\/h3>\n<ul data-start=\"686\" data-end=\"812\">\n<li data-start=\"686\" data-end=\"812\">\n<p data-start=\"688\" data-end=\"812\"><strong data-start=\"688\" data-end=\"707\">Satin de bambou<\/strong><br data-start=\"707\" data-end=\"710\" \/>Tissage serr\u00e9 offrant un toucher soyeux, fluide et \u00e9l\u00e9gant, avec une excellente tenue dans le temps.<\/p>\n<\/li>\n<\/ul>\n<h3 data-start=\"814\" data-end=\"826\">Grammage<\/h3>\n<ul data-start=\"827\" data-end=\"944\">\n<li data-start=\"827\" data-end=\"944\">\n<p data-start=\"829\" data-end=\"944\"><strong data-start=\"829\" data-end=\"843\">300 g\/m\u00b2<\/strong><br data-start=\"871\" data-end=\"874\" \/>\u00c9quilibre id\u00e9al entre l\u00e9g\u00e8ret\u00e9, r\u00e9sistance et confort haut de gamme.<\/p>\n<\/li>\n<\/ul>\n<h3 data-start=\"946\" data-end=\"956\">Bonnet<\/h3>\n<ul data-start=\"957\" data-end=\"1069\">\n<li data-start=\"957\" data-end=\"1069\">\n<p data-start=\"959\" data-end=\"1069\"><strong data-start=\"959\" data-end=\"983\">Bonnet de 30 \u00e0 35 cm<\/strong><br data-start=\"1001\" data-end=\"1004\" \/>Adapt\u00e9 aux matelas \u00e9pais, surmatelas et literies haut de gamme.<\/p>\n<\/li>\n<\/ul>\n<h3 data-start=\"1071\" data-end=\"1085\"><\/h3>","protected":false},"excerpt":{"rendered":"<p>An exceptional material for dreamy nights. Our bamboo satin fitted sheets effortlessly combine luxury and comfort. Made from one of the finest natural fibres, Fibre B, they offer a soft, comfortable feel thanks to their satin finish.<\/p>\n<div class=\"et_pb_module et_pb_wc_description et_pb_wc_description_0_tb_body et_pb_bg_layout_light et_pb_text_align_left\">\n<div class=\"et_pb_module_inner\">\n<div class=\"et_pb_module et_pb_wc_description et_pb_wc_description_0_tb_body et_pb_bg_layout_light et_pb_text_align_left\">\n<div class=\"et_pb_module_inner\">\n<p>A centrepiece that combines comfort, elegance and durability - a must-have addition to your linen collection - for enjoying hotel luxury at home.<\/p>\n<\/div>\n<\/div>\n<\/div>\n<\/div>","protected":false},"featured_media":269730,"comment_status":"open","ping_status":"closed","template":"","meta":{"_et_pb_use_builder":"","_et_pb_old_content":"","_et_gb_content_width":""},"product_brand":[],"product_cat":[453,452,138],"product_tag":[401],"class_list":{"0":"post-245627","1":"product","2":"type-product","3":"status-publish","4":"has-post-thumbnail","6":"product_cat-draps-housse","7":"product_cat-linge-de-lit-en-bambou","8":"product_cat-tous-nos-produits","9":"product_tag-drap-de-douche-grand-hotel","11":"first","12":"instock","13":"taxable","14":"shipping-taxable","15":"purchasable","16":"product-type-variable"},"bundled_by":["247919","269851","269853","269854","269855","269856","269857"],"bundle_stock_status":"instock","bundle_stock_quantity":null,"bundle_virtual":false,"bundle_layout":"","bundle_add_to_cart_form_location":"","bundle_editable_in_cart":false,"bundle_sold_individually_context":"","bundle_item_grouping":"","bundle_min_size":"","bundle_max_size":"","bundle_price":[],"bundled_items":[],"bundle_sell_ids":[],"yoast_head":"<!-- This site is optimized with the Yoast SEO plugin v27.4 - https:\/\/yoast.com\/product\/yoast-seo-wordpress\/ -->\n<title>Drap Housse | Satin de Bambou | Gris Perle - Comptoir du Bambou<\/title>\n<meta name=\"description\" content=\"Drap housse respirant et thermor\u00e9gulateur, parfait pour limiter la transpiration et am\u00e9liorer le confort nocturne. Livraison ..\" \/>\n<meta name=\"robots\" content=\"index, follow, max-snippet:-1, max-image-preview:large, max-video-preview:-1\" \/>\n<link rel=\"canonical\" href=\"https:\/\/www.comptoirdubambou.com\/en\/boutique-en-ligne\/linge-de-lit-en-bambou\/draps-housse\/drap-housse-satin\/\" \/>\n<meta property=\"og:locale\" content=\"en_GB\" \/>\n<meta property=\"og:type\" content=\"article\" \/>\n<meta property=\"og:title\" content=\"Drap Housse | Satin de Bambou | Gris Perle - Comptoir du Bambou\" \/>\n<meta property=\"og:description\" content=\"Drap housse respirant et thermor\u00e9gulateur, parfait pour limiter la transpiration et am\u00e9liorer le confort nocturne. Livraison ..\" \/>\n<meta property=\"og:url\" content=\"https:\/\/www.comptoirdubambou.com\/en\/boutique-en-ligne\/linge-de-lit-en-bambou\/draps-housse\/drap-housse-satin\/\" \/>\n<meta property=\"og:site_name\" content=\"Comptoir du Bambou\" \/>\n<meta property=\"article:publisher\" content=\"https:\/\/www.facebook.com\/comptoirdubambou\/\" \/>\n<meta property=\"article:modified_time\" content=\"2026-05-13T01:29:23+00:00\" \/>\n<meta property=\"og:image\" content=\"https:\/\/www.comptoirdubambou.com\/wp-content\/uploads\/2025\/11\/IMG3282.jpg\" \/>\n\t<meta property=\"og:image:width\" content=\"1024\" \/>\n\t<meta property=\"og:image:height\" content=\"1024\" \/>\n\t<meta property=\"og:image:type\" content=\"image\/jpeg\" \/>\n<meta name=\"twitter:card\" content=\"summary_large_image\" \/>\n<meta name=\"twitter:label1\" content=\"Estimated reading time\" \/>\n\t<meta name=\"twitter:data1\" content=\"1 minute\" \/>\n<script type=\"application\/ld+json\" class=\"yoast-schema-graph\">{\"@context\":\"https:\\\/\\\/schema.org\",\"@graph\":[{\"@type\":\"WebPage\",\"@id\":\"https:\\\/\\\/www.comptoirdubambou.com\\\/boutique-en-ligne\\\/linge-de-lit-en-bambou\\\/draps-housse\\\/drap-housse-satin\\\/\",\"url\":\"https:\\\/\\\/www.comptoirdubambou.com\\\/boutique-en-ligne\\\/linge-de-lit-en-bambou\\\/draps-housse\\\/drap-housse-satin\\\/\",\"name\":\"Drap Housse | Satin de Bambou | Gris Perle - Comptoir du Bambou\",\"isPartOf\":{\"@id\":\"https:\\\/\\\/www.comptoirdubambou.com\\\/#website\"},\"primaryImageOfPage\":{\"@id\":\"https:\\\/\\\/www.comptoirdubambou.com\\\/boutique-en-ligne\\\/linge-de-lit-en-bambou\\\/draps-housse\\\/drap-housse-satin\\\/#primaryimage\"},\"image\":{\"@id\":\"https:\\\/\\\/www.comptoirdubambou.com\\\/boutique-en-ligne\\\/linge-de-lit-en-bambou\\\/draps-housse\\\/drap-housse-satin\\\/#primaryimage\"},\"thumbnailUrl\":\"https:\\\/\\\/www.comptoirdubambou.com\\\/wp-content\\\/uploads\\\/2025\\\/11\\\/IMG3282.jpg\",\"datePublished\":\"2023-04-02T16:41:47+00:00\",\"dateModified\":\"2026-05-13T01:29:23+00:00\",\"description\":\"Drap housse respirant et thermor\u00e9gulateur, parfait pour limiter la transpiration et am\u00e9liorer le confort nocturne. Livraison ..\",\"breadcrumb\":{\"@id\":\"https:\\\/\\\/www.comptoirdubambou.com\\\/boutique-en-ligne\\\/linge-de-lit-en-bambou\\\/draps-housse\\\/drap-housse-satin\\\/#breadcrumb\"},\"inLanguage\":\"en-GB\",\"potentialAction\":[{\"@type\":\"ReadAction\",\"target\":[\"https:\\\/\\\/www.comptoirdubambou.com\\\/boutique-en-ligne\\\/linge-de-lit-en-bambou\\\/draps-housse\\\/drap-housse-satin\\\/\"]}]},{\"@type\":\"ImageObject\",\"inLanguage\":\"en-GB\",\"@id\":\"https:\\\/\\\/www.comptoirdubambou.com\\\/boutique-en-ligne\\\/linge-de-lit-en-bambou\\\/draps-housse\\\/drap-housse-satin\\\/#primaryimage\",\"url\":\"https:\\\/\\\/www.comptoirdubambou.com\\\/wp-content\\\/uploads\\\/2025\\\/11\\\/IMG3282.jpg\",\"contentUrl\":\"https:\\\/\\\/www.comptoirdubambou.com\\\/wp-content\\\/uploads\\\/2025\\\/11\\\/IMG3282.jpg\",\"width\":1024,\"height\":1024,\"caption\":\"Zoom sur la mati\u00e8re soyeuse du linge de lit en bambou.\"},{\"@type\":\"BreadcrumbList\",\"@id\":\"https:\\\/\\\/www.comptoirdubambou.com\\\/boutique-en-ligne\\\/linge-de-lit-en-bambou\\\/draps-housse\\\/drap-housse-satin\\\/#breadcrumb\",\"itemListElement\":[{\"@type\":\"ListItem\",\"position\":1,\"name\":\"Accueil\",\"item\":\"https:\\\/\\\/www.comptoirdubambou.com\\\/\"},{\"@type\":\"ListItem\",\"position\":2,\"name\":\"Boutique en ligne\",\"item\":\"https:\\\/\\\/www.comptoirdubambou.com\\\/linge-maison-fibre-bambou-luxe\\\/\"},{\"@type\":\"ListItem\",\"position\":3,\"name\":\"Drap Housse | Satin de Bambou | Gris Perle\"}]},{\"@type\":\"WebSite\",\"@id\":\"https:\\\/\\\/www.comptoirdubambou.com\\\/#website\",\"url\":\"https:\\\/\\\/www.comptoirdubambou.com\\\/\",\"name\":\"Comptoir du Bambou\",\"description\":\"Linge de maison haut de gamme en fibre de bambou\",\"publisher\":{\"@id\":\"https:\\\/\\\/www.comptoirdubambou.com\\\/#organization\"},\"potentialAction\":[{\"@type\":\"SearchAction\",\"target\":{\"@type\":\"EntryPoint\",\"urlTemplate\":\"https:\\\/\\\/www.comptoirdubambou.com\\\/?s={search_term_string}\"},\"query-input\":{\"@type\":\"PropertyValueSpecification\",\"valueRequired\":true,\"valueName\":\"search_term_string\"}}],\"inLanguage\":\"en-GB\"},{\"@type\":\"Organization\",\"@id\":\"https:\\\/\\\/www.comptoirdubambou.com\\\/#organization\",\"name\":\"Comptoir du Bambou\",\"url\":\"https:\\\/\\\/www.comptoirdubambou.com\\\/\",\"logo\":{\"@type\":\"ImageObject\",\"inLanguage\":\"en-GB\",\"@id\":\"https:\\\/\\\/www.comptoirdubambou.com\\\/#\\\/schema\\\/logo\\\/image\\\/\",\"url\":\"https:\\\/\\\/www.comptoirdubambou.com\\\/wp-content\\\/uploads\\\/2021\\\/06\\\/Logo_Comptoir_du_Bambou_2019_V_CMJN.png\",\"contentUrl\":\"https:\\\/\\\/www.comptoirdubambou.com\\\/wp-content\\\/uploads\\\/2021\\\/06\\\/Logo_Comptoir_du_Bambou_2019_V_CMJN.png\",\"width\":644,\"height\":183,\"caption\":\"Comptoir du Bambou\"},\"image\":{\"@id\":\"https:\\\/\\\/www.comptoirdubambou.com\\\/#\\\/schema\\\/logo\\\/image\\\/\"},\"sameAs\":[\"https:\\\/\\\/www.facebook.com\\\/comptoirdubambou\\\/\",\"https:\\\/\\\/www.instagram.com\\\/comptoirdubambou\\\/\",\"https:\\\/\\\/www.linkedin.com\\\/company\\\/18254596\\\/\"]}]}<\/script>\n<!-- \/ Yoast SEO plugin. -->","yoast_head_json":{"title":"Drap Housse | Satin de Bambou | Gris Perle - Comptoir du Bambou","description":"Drap housse respirant et thermor\u00e9gulateur, parfait pour limiter la transpiration et am\u00e9liorer le confort nocturne. Livraison ..","robots":{"index":"index","follow":"follow","max-snippet":"max-snippet:-1","max-image-preview":"max-image-preview:large","max-video-preview":"max-video-preview:-1"},"canonical":"https:\/\/www.comptoirdubambou.com\/en\/boutique-en-ligne\/linge-de-lit-en-bambou\/draps-housse\/drap-housse-satin\/","og_locale":"en_GB","og_type":"article","og_title":"Drap Housse | Satin de Bambou | Gris Perle - Comptoir du Bambou","og_description":"Drap housse respirant et thermor\u00e9gulateur, parfait pour limiter la transpiration et am\u00e9liorer le confort nocturne. Livraison ..","og_url":"https:\/\/www.comptoirdubambou.com\/en\/boutique-en-ligne\/linge-de-lit-en-bambou\/draps-housse\/drap-housse-satin\/","og_site_name":"Comptoir du Bambou","article_publisher":"https:\/\/www.facebook.com\/comptoirdubambou\/","article_modified_time":"2026-05-13T01:29:23+00:00","og_image":[{"width":1024,"height":1024,"url":"https:\/\/www.comptoirdubambou.com\/wp-content\/uploads\/2025\/11\/IMG3282.jpg","type":"image\/jpeg"}],"twitter_card":"summary_large_image","twitter_misc":{"Estimated reading time":"1 minute"},"schema":{"@context":"https:\/\/schema.org","@graph":[{"@type":"WebPage","@id":"https:\/\/www.comptoirdubambou.com\/boutique-en-ligne\/linge-de-lit-en-bambou\/draps-housse\/drap-housse-satin\/","url":"https:\/\/www.comptoirdubambou.com\/boutique-en-ligne\/linge-de-lit-en-bambou\/draps-housse\/drap-housse-satin\/","name":"Drap Housse | Satin de Bambou | Gris Perle - Comptoir du Bambou","isPartOf":{"@id":"https:\/\/www.comptoirdubambou.com\/#website"},"primaryImageOfPage":{"@id":"https:\/\/www.comptoirdubambou.com\/boutique-en-ligne\/linge-de-lit-en-bambou\/draps-housse\/drap-housse-satin\/#primaryimage"},"image":{"@id":"https:\/\/www.comptoirdubambou.com\/boutique-en-ligne\/linge-de-lit-en-bambou\/draps-housse\/drap-housse-satin\/#primaryimage"},"thumbnailUrl":"https:\/\/www.comptoirdubambou.com\/wp-content\/uploads\/2025\/11\/IMG3282.jpg","datePublished":"2023-04-02T16:41:47+00:00","dateModified":"2026-05-13T01:29:23+00:00","description":"Drap housse respirant et thermor\u00e9gulateur, parfait pour limiter la transpiration et am\u00e9liorer le confort nocturne. Livraison ..","breadcrumb":{"@id":"https:\/\/www.comptoirdubambou.com\/boutique-en-ligne\/linge-de-lit-en-bambou\/draps-housse\/drap-housse-satin\/#breadcrumb"},"inLanguage":"en-GB","potentialAction":[{"@type":"ReadAction","target":["https:\/\/www.comptoirdubambou.com\/boutique-en-ligne\/linge-de-lit-en-bambou\/draps-housse\/drap-housse-satin\/"]}]},{"@type":"ImageObject","inLanguage":"en-GB","@id":"https:\/\/www.comptoirdubambou.com\/boutique-en-ligne\/linge-de-lit-en-bambou\/draps-housse\/drap-housse-satin\/#primaryimage","url":"https:\/\/www.comptoirdubambou.com\/wp-content\/uploads\/2025\/11\/IMG3282.jpg","contentUrl":"https:\/\/www.comptoirdubambou.com\/wp-content\/uploads\/2025\/11\/IMG3282.jpg","width":1024,"height":1024,"caption":"Zoom sur la mati\u00e8re soyeuse du linge de lit en bambou."},{"@type":"BreadcrumbList","@id":"https:\/\/www.comptoirdubambou.com\/boutique-en-ligne\/linge-de-lit-en-bambou\/draps-housse\/drap-housse-satin\/#breadcrumb","itemListElement":[{"@type":"ListItem","position":1,"name":"Accueil","item":"https:\/\/www.comptoirdubambou.com\/"},{"@type":"ListItem","position":2,"name":"Boutique en ligne","item":"https:\/\/www.comptoirdubambou.com\/linge-maison-fibre-bambou-luxe\/"},{"@type":"ListItem","position":3,"name":"Drap Housse | Satin de Bambou | Gris Perle"}]},{"@type":"WebSite","@id":"https:\/\/www.comptoirdubambou.com\/#website","url":"https:\/\/www.comptoirdubambou.com\/","name":"Comptoir du Bambou","description":"High quality household linen made of bamboo fibre","publisher":{"@id":"https:\/\/www.comptoirdubambou.com\/#organization"},"potentialAction":[{"@type":"SearchAction","target":{"@type":"EntryPoint","urlTemplate":"https:\/\/www.comptoirdubambou.com\/?s={search_term_string}"},"query-input":{"@type":"PropertyValueSpecification","valueRequired":true,"valueName":"search_term_string"}}],"inLanguage":"en-GB"},{"@type":"Organization","@id":"https:\/\/www.comptoirdubambou.com\/#organization","name":"Comptoir du Bambou","url":"https:\/\/www.comptoirdubambou.com\/","logo":{"@type":"ImageObject","inLanguage":"en-GB","@id":"https:\/\/www.comptoirdubambou.com\/#\/schema\/logo\/image\/","url":"https:\/\/www.comptoirdubambou.com\/wp-content\/uploads\/2021\/06\/Logo_Comptoir_du_Bambou_2019_V_CMJN.png","contentUrl":"https:\/\/www.comptoirdubambou.com\/wp-content\/uploads\/2021\/06\/Logo_Comptoir_du_Bambou_2019_V_CMJN.png","width":644,"height":183,"caption":"Comptoir du Bambou"},"image":{"@id":"https:\/\/www.comptoirdubambou.com\/#\/schema\/logo\/image\/"},"sameAs":["https:\/\/www.facebook.com\/comptoirdubambou\/","https:\/\/www.instagram.com\/comptoirdubambou\/","https:\/\/www.linkedin.com\/company\/18254596\/"]}]}},"_links":{"self":[{"href":"https:\/\/www.comptoirdubambou.com\/en\/wp-json\/wp\/v2\/product\/245627","targetHints":{"allow":["GET"]}}],"collection":[{"href":"https:\/\/www.comptoirdubambou.com\/en\/wp-json\/wp\/v2\/product"}],"about":[{"href":"https:\/\/www.comptoirdubambou.com\/en\/wp-json\/wp\/v2\/types\/product"}],"replies":[{"embeddable":true,"href":"https:\/\/www.comptoirdubambou.com\/en\/wp-json\/wp\/v2\/comments?post=245627"}],"wp:featuredmedia":[{"embeddable":true,"href":"https:\/\/www.comptoirdubambou.com\/en\/wp-json\/wp\/v2\/media\/269730"}],"wp:attachment":[{"href":"https:\/\/www.comptoirdubambou.com\/en\/wp-json\/wp\/v2\/media?parent=245627"}],"wp:term":[{"taxonomy":"product_brand","embeddable":true,"href":"https:\/\/www.comptoirdubambou.com\/en\/wp-json\/wp\/v2\/product_brand?post=245627"},{"taxonomy":"product_cat","embeddable":true,"href":"https:\/\/www.comptoirdubambou.com\/en\/wp-json\/wp\/v2\/product_cat?post=245627"},{"taxonomy":"product_tag","embeddable":true,"href":"https:\/\/www.comptoirdubambou.com\/en\/wp-json\/wp\/v2\/product_tag?post=245627"}],"curies":[{"name":"wp","href":"https:\/\/api.w.org\/{rel}","templated":true}]}}