{"id":242270,"date":"2022-09-19T18:03:15","date_gmt":"2022-09-19T16:03:15","guid":{"rendered":"https:\/\/www.comptoirdubambou.com\/?post_type=product&#038;p=242270"},"modified":"2026-04-03T03:51:11","modified_gmt":"2026-04-03T01:51:11","slug":"serviette-invite","status":"publish","type":"product","link":"https:\/\/www.comptoirdubambou.com\/en\/boutique-en-ligne\/linge-de-bain\/carres-mains\/serviette-invite\/","title":{"rendered":"Guest Towel"},"content":{"rendered":"<p class=\"p1\"><b>Collection\u00a0 \u00a0 \u00a0 \u00a0 \u00a0<\/b>Grand Hotel<\/p>\n<p class=\"p1\"><b>Dimensions\u00a0 \u00a0 \u00a0\u00a0<\/b>30\u00d750 cm<\/p>\n<p class=\"p1\"><b>Grammage\u00a0 \u00a0 \u00a0 \u00a0<\/b>550 g\/m2<\/p>\n<p class=\"p1\"><b>Composition\u00a0 \u00a0\u00a0<\/b>Fibre B. | Bamboo and Egyptian Cotton<\/p>","protected":false},"excerpt":{"rendered":"<p>Dive into a world where\u00a0<strong>style meets comfort<\/strong> with our guest towels from the Grand Hotel Collection. Thanks to its incomparable softness and the ecological properties of bamboo, washing your hands will be the best part of your day!<\/p>\n<p>A centrepiece that combines comfort, elegance and durability - an essential addition to your linen collection.<\/p>","protected":false},"featured_media":242275,"comment_status":"open","ping_status":"closed","template":"","meta":{"_et_pb_use_builder":"","_et_pb_old_content":"","_et_gb_content_width":""},"product_cat":[462,746,286],"product_tag":[],"bundled_by":[],"bundle_stock_status":"instock","bundle_stock_quantity":null,"bundle_virtual":false,"bundle_layout":"","bundle_add_to_cart_form_location":"","bundle_editable_in_cart":false,"bundle_sold_individually_context":"","bundle_item_grouping":"","bundle_min_size":"","bundle_max_size":"","bundle_price":[],"bundled_items":[],"bundle_sell_ids":[],"yoast_head":"<!-- This site is optimized with the Yoast SEO plugin v22.1 - https:\/\/yoast.com\/wordpress\/plugins\/seo\/ -->\n<title>Serviette Invit\u00e9 - Comptoir du Bambou<\/title>\n<meta name=\"description\" content=\"Serviettes invit\u00e9s Haut de Gamme. Se laver les mains devient un plaisir. Qualit\u00e9 Exceptionnelle. Des Serviettes douces, absorbantes et durables \u00e0 prix accessibles\" \/>\n<meta name=\"robots\" content=\"index, follow, max-snippet:-1, max-image-preview:large, max-video-preview:-1\" \/>\n<link rel=\"canonical\" href=\"https:\/\/www.comptoirdubambou.com\/en\/boutique-en-ligne\/linge-de-bain\/carres-mains\/serviette-invite\/\" \/>\n<meta property=\"og:locale\" content=\"en_GB\" \/>\n<meta property=\"og:type\" content=\"article\" \/>\n<meta property=\"og:title\" content=\"Serviette Invit\u00e9 - Comptoir du Bambou\" \/>\n<meta property=\"og:description\" content=\"Serviettes invit\u00e9s Haut de Gamme. Se laver les mains devient un plaisir. Qualit\u00e9 Exceptionnelle. Des Serviettes douces, absorbantes et durables \u00e0 prix accessibles\" \/>\n<meta property=\"og:url\" content=\"https:\/\/www.comptoirdubambou.com\/en\/boutique-en-ligne\/linge-de-bain\/carres-mains\/serviette-invite\/\" \/>\n<meta property=\"og:site_name\" content=\"Comptoir du Bambou\" \/>\n<meta property=\"article:publisher\" content=\"https:\/\/www.facebook.com\/comptoirdubambou\/\" \/>\n<meta property=\"article:modified_time\" content=\"2026-04-03T01:51:11+00:00\" \/>\n<meta property=\"og:image\" content=\"https:\/\/www.comptoirdubambou.com\/wp-content\/uploads\/2022\/09\/2-1.jpg\" \/>\n\t<meta property=\"og:image:width\" content=\"1039\" \/>\n\t<meta property=\"og:image:height\" content=\"1040\" \/>\n\t<meta property=\"og:image:type\" content=\"image\/jpeg\" \/>\n<meta name=\"twitter:card\" content=\"summary_large_image\" \/>\n<meta name=\"twitter:label1\" content=\"Estimated reading time\" \/>\n\t<meta name=\"twitter:data1\" content=\"1 minute\" \/>\n<script type=\"application\/ld+json\" class=\"yoast-schema-graph\">{\"@context\":\"https:\/\/schema.org\",\"@graph\":[{\"@type\":\"WebPage\",\"@id\":\"https:\/\/www.comptoirdubambou.com\/boutique-en-ligne\/linge-de-bain\/carres-mains\/serviette-invite\/\",\"url\":\"https:\/\/www.comptoirdubambou.com\/boutique-en-ligne\/linge-de-bain\/carres-mains\/serviette-invite\/\",\"name\":\"Serviette Invit\u00e9 - Comptoir du Bambou\",\"isPartOf\":{\"@id\":\"https:\/\/www.comptoirdubambou.com\/#website\"},\"datePublished\":\"2022-09-19T16:03:15+00:00\",\"dateModified\":\"2026-04-03T01:51:11+00:00\",\"description\":\"Serviettes invit\u00e9s Haut de Gamme. Se laver les mains devient un plaisir. Qualit\u00e9 Exceptionnelle. Des Serviettes douces, absorbantes et durables \u00e0 prix accessibles\",\"breadcrumb\":{\"@id\":\"https:\/\/www.comptoirdubambou.com\/boutique-en-ligne\/linge-de-bain\/carres-mains\/serviette-invite\/#breadcrumb\"},\"inLanguage\":\"en-GB\",\"potentialAction\":[{\"@type\":\"ReadAction\",\"target\":[\"https:\/\/www.comptoirdubambou.com\/boutique-en-ligne\/linge-de-bain\/carres-mains\/serviette-invite\/\"]}]},{\"@type\":\"BreadcrumbList\",\"@id\":\"https:\/\/www.comptoirdubambou.com\/boutique-en-ligne\/linge-de-bain\/carres-mains\/serviette-invite\/#breadcrumb\",\"itemListElement\":[{\"@type\":\"ListItem\",\"position\":1,\"name\":\"Accueil\",\"item\":\"https:\/\/www.comptoirdubambou.com\/\"},{\"@type\":\"ListItem\",\"position\":2,\"name\":\"Boutique en ligne\",\"item\":\"https:\/\/www.comptoirdubambou.com\/linge-maison-fibre-bambou-luxe\/\"},{\"@type\":\"ListItem\",\"position\":3,\"name\":\"Serviette Invit\u00e9\"}]},{\"@type\":\"WebSite\",\"@id\":\"https:\/\/www.comptoirdubambou.com\/#website\",\"url\":\"https:\/\/www.comptoirdubambou.com\/\",\"name\":\"Comptoir du Bambou\",\"description\":\"Linge de maison haut de gamme en fibre de bambou\",\"publisher\":{\"@id\":\"https:\/\/www.comptoirdubambou.com\/#organization\"},\"potentialAction\":[{\"@type\":\"SearchAction\",\"target\":{\"@type\":\"EntryPoint\",\"urlTemplate\":\"https:\/\/www.comptoirdubambou.com\/?s={search_term_string}\"},\"query-input\":\"required name=search_term_string\"}],\"inLanguage\":\"en-GB\"},{\"@type\":\"Organization\",\"@id\":\"https:\/\/www.comptoirdubambou.com\/#organization\",\"name\":\"Comptoir du Bambou\",\"url\":\"https:\/\/www.comptoirdubambou.com\/\",\"logo\":{\"@type\":\"ImageObject\",\"inLanguage\":\"en-GB\",\"@id\":\"https:\/\/www.comptoirdubambou.com\/#\/schema\/logo\/image\/\",\"url\":\"https:\/\/www.comptoirdubambou.com\/wp-content\/uploads\/2021\/06\/Logo_Comptoir_du_Bambou_2019_V_CMJN.png\",\"contentUrl\":\"https:\/\/www.comptoirdubambou.com\/wp-content\/uploads\/2021\/06\/Logo_Comptoir_du_Bambou_2019_V_CMJN.png\",\"width\":644,\"height\":183,\"caption\":\"Comptoir du Bambou\"},\"image\":{\"@id\":\"https:\/\/www.comptoirdubambou.com\/#\/schema\/logo\/image\/\"},\"sameAs\":[\"https:\/\/www.facebook.com\/comptoirdubambou\/\",\"https:\/\/www.instagram.com\/comptoirdubambou\/\",\"https:\/\/www.linkedin.com\/company\/18254596\/\"]}]}<\/script>\n<!-- \/ Yoast SEO plugin. -->","yoast_head_json":{"title":"Serviette Invit\u00e9 - Comptoir du Bambou","description":"Serviettes invit\u00e9s Haut de Gamme. Se laver les mains devient un plaisir. Qualit\u00e9 Exceptionnelle. Des Serviettes douces, absorbantes et durables \u00e0 prix accessibles","robots":{"index":"index","follow":"follow","max-snippet":"max-snippet:-1","max-image-preview":"max-image-preview:large","max-video-preview":"max-video-preview:-1"},"canonical":"https:\/\/www.comptoirdubambou.com\/en\/boutique-en-ligne\/linge-de-bain\/carres-mains\/serviette-invite\/","og_locale":"en_GB","og_type":"article","og_title":"Serviette Invit\u00e9 - Comptoir du Bambou","og_description":"Serviettes invit\u00e9s Haut de Gamme. Se laver les mains devient un plaisir. Qualit\u00e9 Exceptionnelle. Des Serviettes douces, absorbantes et durables \u00e0 prix accessibles","og_url":"https:\/\/www.comptoirdubambou.com\/en\/boutique-en-ligne\/linge-de-bain\/carres-mains\/serviette-invite\/","og_site_name":"Comptoir du Bambou","article_publisher":"https:\/\/www.facebook.com\/comptoirdubambou\/","article_modified_time":"2026-04-03T01:51:11+00:00","og_image":[{"width":1039,"height":1040,"url":"https:\/\/www.comptoirdubambou.com\/wp-content\/uploads\/2022\/09\/2-1.jpg","type":"image\/jpeg"}],"twitter_card":"summary_large_image","twitter_misc":{"Estimated reading time":"1 minute"},"schema":{"@context":"https:\/\/schema.org","@graph":[{"@type":"WebPage","@id":"https:\/\/www.comptoirdubambou.com\/boutique-en-ligne\/linge-de-bain\/carres-mains\/serviette-invite\/","url":"https:\/\/www.comptoirdubambou.com\/boutique-en-ligne\/linge-de-bain\/carres-mains\/serviette-invite\/","name":"Serviette Invit\u00e9 - Comptoir du Bambou","isPartOf":{"@id":"https:\/\/www.comptoirdubambou.com\/#website"},"datePublished":"2022-09-19T16:03:15+00:00","dateModified":"2026-04-03T01:51:11+00:00","description":"Serviettes invit\u00e9s Haut de Gamme. Se laver les mains devient un plaisir. Qualit\u00e9 Exceptionnelle. Des Serviettes douces, absorbantes et durables \u00e0 prix accessibles","breadcrumb":{"@id":"https:\/\/www.comptoirdubambou.com\/boutique-en-ligne\/linge-de-bain\/carres-mains\/serviette-invite\/#breadcrumb"},"inLanguage":"en-GB","potentialAction":[{"@type":"ReadAction","target":["https:\/\/www.comptoirdubambou.com\/boutique-en-ligne\/linge-de-bain\/carres-mains\/serviette-invite\/"]}]},{"@type":"BreadcrumbList","@id":"https:\/\/www.comptoirdubambou.com\/boutique-en-ligne\/linge-de-bain\/carres-mains\/serviette-invite\/#breadcrumb","itemListElement":[{"@type":"ListItem","position":1,"name":"Accueil","item":"https:\/\/www.comptoirdubambou.com\/"},{"@type":"ListItem","position":2,"name":"Boutique en ligne","item":"https:\/\/www.comptoirdubambou.com\/linge-maison-fibre-bambou-luxe\/"},{"@type":"ListItem","position":3,"name":"Serviette Invit\u00e9"}]},{"@type":"WebSite","@id":"https:\/\/www.comptoirdubambou.com\/#website","url":"https:\/\/www.comptoirdubambou.com\/","name":"Comptoir du Bambou","description":"Linge de maison haut de gamme en fibre de bambou","publisher":{"@id":"https:\/\/www.comptoirdubambou.com\/#organization"},"potentialAction":[{"@type":"SearchAction","target":{"@type":"EntryPoint","urlTemplate":"https:\/\/www.comptoirdubambou.com\/?s={search_term_string}"},"query-input":"required name=search_term_string"}],"inLanguage":"en-GB"},{"@type":"Organization","@id":"https:\/\/www.comptoirdubambou.com\/#organization","name":"Comptoir du Bambou","url":"https:\/\/www.comptoirdubambou.com\/","logo":{"@type":"ImageObject","inLanguage":"en-GB","@id":"https:\/\/www.comptoirdubambou.com\/#\/schema\/logo\/image\/","url":"https:\/\/www.comptoirdubambou.com\/wp-content\/uploads\/2021\/06\/Logo_Comptoir_du_Bambou_2019_V_CMJN.png","contentUrl":"https:\/\/www.comptoirdubambou.com\/wp-content\/uploads\/2021\/06\/Logo_Comptoir_du_Bambou_2019_V_CMJN.png","width":644,"height":183,"caption":"Comptoir du Bambou"},"image":{"@id":"https:\/\/www.comptoirdubambou.com\/#\/schema\/logo\/image\/"},"sameAs":["https:\/\/www.facebook.com\/comptoirdubambou\/","https:\/\/www.instagram.com\/comptoirdubambou\/","https:\/\/www.linkedin.com\/company\/18254596\/"]}]}},"_links":{"self":[{"href":"https:\/\/www.comptoirdubambou.com\/en\/wp-json\/wp\/v2\/product\/242270"}],"collection":[{"href":"https:\/\/www.comptoirdubambou.com\/en\/wp-json\/wp\/v2\/product"}],"about":[{"href":"https:\/\/www.comptoirdubambou.com\/en\/wp-json\/wp\/v2\/types\/product"}],"replies":[{"embeddable":true,"href":"https:\/\/www.comptoirdubambou.com\/en\/wp-json\/wp\/v2\/comments?post=242270"}],"wp:featuredmedia":[{"embeddable":true,"href":"https:\/\/www.comptoirdubambou.com\/en\/wp-json\/wp\/v2\/media\/242275"}],"wp:attachment":[{"href":"https:\/\/www.comptoirdubambou.com\/en\/wp-json\/wp\/v2\/media?parent=242270"}],"wp:term":[{"taxonomy":"product_cat","embeddable":true,"href":"https:\/\/www.comptoirdubambou.com\/en\/wp-json\/wp\/v2\/product_cat?post=242270"},{"taxonomy":"product_tag","embeddable":true,"href":"https:\/\/www.comptoirdubambou.com\/en\/wp-json\/wp\/v2\/product_tag?post=242270"}],"curies":[{"name":"wp","href":"https:\/\/api.w.org\/{rel}","templated":true}]}}