{"id":240471,"date":"2022-04-20T17:26:24","date_gmt":"2022-04-20T15:26:24","guid":{"rendered":"https:\/\/www.comptoirdubambou.com\/?post_type=product&#038;p=240471"},"modified":"2026-05-13T03:11:41","modified_gmt":"2026-05-13T01:11:41","slug":"baton-detachant-terre-de-sommiere","status":"publish","type":"product","link":"https:\/\/www.comptoirdubambou.com\/en\/boutique-en-ligne\/accessoires-comptoir-du-bambou\/entretien-du-linge\/baton-detachant-terre-de-sommiere\/","title":{"rendered":"Stain Remover Stick with Terre de Sommi\u00e8res | Laundry Care"},"content":{"rendered":"","protected":false},"excerpt":{"rendered":"<p>Our \"magic stick\" is an effective solution for removing stubborn stains from a range of textiles, including our bamboo fibre household linen. Its plant-based formula with Marseille soap, grape seed oil and Terre de Sommi\u00e8res, a natural clay, is designed to get rid of stains such as grease, wine, fruit, ink, grass, lipstick and blood. Practical, economical and environmentally friendly thanks to its solid format and recyclable kraft packaging, this product contains 99% of naturally-sourced ingredients. To use, simply wet the stain with cold water, rub gently with the soap in circular movements, wait 15-20 minutes, then rub again and rinse with water or machine wash.<\/p>\n<p><strong>USE<\/strong> Wash the surface with cold water. Rub the stain with the stain remover soap in a circular motion. Wait 15-20 minutes. Scrub again and rinse with water or put in the washing machine.<\/p>","protected":false},"featured_media":240601,"comment_status":"open","ping_status":"closed","template":"","meta":{"_et_pb_use_builder":"","_et_pb_old_content":"","_et_gb_content_width":""},"product_brand":[],"product_cat":[476,479],"product_tag":[],"class_list":{"0":"post-240471","1":"product","2":"type-product","3":"status-publish","4":"has-post-thumbnail","6":"product_cat-accessoires-comptoir-du-bambou","7":"product_cat-entretien-du-linge","9":"first","10":"instock","11":"taxable","12":"shipping-taxable","13":"purchasable","14":"product-type-simple"},"bundled_by":[],"bundle_stock_status":"instock","bundle_stock_quantity":null,"bundle_virtual":false,"bundle_layout":"","bundle_add_to_cart_form_location":"","bundle_editable_in_cart":false,"bundle_sold_individually_context":"","bundle_item_grouping":"","bundle_min_size":"","bundle_max_size":"","bundle_price":[],"bundled_items":[],"bundle_sell_ids":[],"yoast_head":"<!-- This site is optimized with the Yoast SEO plugin v27.4 - https:\/\/yoast.com\/product\/yoast-seo-wordpress\/ -->\n<title>B\u00e2ton d\u00e9tachant \u00e0 la Terre de Sommi\u00e8res | Entretien du linge - Comptoir du Bambou<\/title>\n<meta name=\"description\" content=\"B\u00e2ton d\u00e9tachant \u00e0 la Terre de Sommi\u00e8re - l&#039;outil indispensable pour entretenir son linge de mani\u00e8re naturelle et \u00e9cologique\" \/>\n<meta name=\"robots\" content=\"index, follow, max-snippet:-1, max-image-preview:large, max-video-preview:-1\" \/>\n<link rel=\"canonical\" href=\"https:\/\/www.comptoirdubambou.com\/en\/boutique-en-ligne\/accessoires-comptoir-du-bambou\/entretien-du-linge\/baton-detachant-terre-de-sommiere\/\" \/>\n<meta property=\"og:locale\" content=\"en_GB\" \/>\n<meta property=\"og:type\" content=\"article\" \/>\n<meta property=\"og:title\" content=\"B\u00e2ton d\u00e9tachant \u00e0 la Terre de Sommi\u00e8res | Entretien du linge - Comptoir du Bambou\" \/>\n<meta property=\"og:description\" content=\"B\u00e2ton d\u00e9tachant \u00e0 la Terre de Sommi\u00e8re - l&#039;outil indispensable pour entretenir son linge de mani\u00e8re naturelle et \u00e9cologique\" \/>\n<meta property=\"og:url\" content=\"https:\/\/www.comptoirdubambou.com\/en\/boutique-en-ligne\/accessoires-comptoir-du-bambou\/entretien-du-linge\/baton-detachant-terre-de-sommiere\/\" \/>\n<meta property=\"og:site_name\" content=\"Comptoir du Bambou\" \/>\n<meta property=\"article:publisher\" content=\"https:\/\/www.facebook.com\/comptoirdubambou\/\" \/>\n<meta property=\"article:modified_time\" content=\"2026-05-13T01:11:41+00:00\" \/>\n<meta property=\"og:image\" content=\"https:\/\/www.comptoirdubambou.com\/wp-content\/uploads\/2022\/04\/CG_29-07-2021_4-1.jpg\" \/>\n\t<meta property=\"og:image:width\" content=\"1040\" \/>\n\t<meta property=\"og:image:height\" content=\"1040\" \/>\n\t<meta property=\"og:image:type\" content=\"image\/jpeg\" \/>\n<meta name=\"twitter:card\" content=\"summary_large_image\" \/>\n<script type=\"application\/ld+json\" class=\"yoast-schema-graph\">{\"@context\":\"https:\\\/\\\/schema.org\",\"@graph\":[{\"@type\":\"WebPage\",\"@id\":\"https:\\\/\\\/www.comptoirdubambou.com\\\/en\\\/boutique-en-ligne\\\/accessoires-comptoir-du-bambou\\\/entretien-du-linge\\\/baton-detachant-terre-de-sommiere\\\/\",\"url\":\"https:\\\/\\\/www.comptoirdubambou.com\\\/en\\\/boutique-en-ligne\\\/accessoires-comptoir-du-bambou\\\/entretien-du-linge\\\/baton-detachant-terre-de-sommiere\\\/\",\"name\":\"B\u00e2ton d\u00e9tachant \u00e0 la Terre de Sommi\u00e8res | Entretien du linge - Comptoir du Bambou\",\"isPartOf\":{\"@id\":\"https:\\\/\\\/www.comptoirdubambou.com\\\/#website\"},\"primaryImageOfPage\":{\"@id\":\"https:\\\/\\\/www.comptoirdubambou.com\\\/en\\\/boutique-en-ligne\\\/accessoires-comptoir-du-bambou\\\/entretien-du-linge\\\/baton-detachant-terre-de-sommiere\\\/#primaryimage\"},\"image\":{\"@id\":\"https:\\\/\\\/www.comptoirdubambou.com\\\/en\\\/boutique-en-ligne\\\/accessoires-comptoir-du-bambou\\\/entretien-du-linge\\\/baton-detachant-terre-de-sommiere\\\/#primaryimage\"},\"thumbnailUrl\":\"https:\\\/\\\/www.comptoirdubambou.com\\\/wp-content\\\/uploads\\\/2022\\\/04\\\/CG_29-07-2021_4-1.jpg\",\"datePublished\":\"2022-04-20T15:26:24+00:00\",\"dateModified\":\"2026-05-13T01:11:41+00:00\",\"description\":\"B\u00e2ton d\u00e9tachant \u00e0 la Terre de Sommi\u00e8re - l'outil indispensable pour entretenir son linge de mani\u00e8re naturelle et \u00e9cologique\",\"breadcrumb\":{\"@id\":\"https:\\\/\\\/www.comptoirdubambou.com\\\/en\\\/boutique-en-ligne\\\/accessoires-comptoir-du-bambou\\\/entretien-du-linge\\\/baton-detachant-terre-de-sommiere\\\/#breadcrumb\"},\"inLanguage\":\"en-GB\",\"potentialAction\":[{\"@type\":\"ReadAction\",\"target\":[\"https:\\\/\\\/www.comptoirdubambou.com\\\/en\\\/boutique-en-ligne\\\/accessoires-comptoir-du-bambou\\\/entretien-du-linge\\\/baton-detachant-terre-de-sommiere\\\/\"]}]},{\"@type\":\"ImageObject\",\"inLanguage\":\"en-GB\",\"@id\":\"https:\\\/\\\/www.comptoirdubambou.com\\\/en\\\/boutique-en-ligne\\\/accessoires-comptoir-du-bambou\\\/entretien-du-linge\\\/baton-detachant-terre-de-sommiere\\\/#primaryimage\",\"url\":\"https:\\\/\\\/www.comptoirdubambou.com\\\/wp-content\\\/uploads\\\/2022\\\/04\\\/CG_29-07-2021_4-1.jpg\",\"contentUrl\":\"https:\\\/\\\/www.comptoirdubambou.com\\\/wp-content\\\/uploads\\\/2022\\\/04\\\/CG_29-07-2021_4-1.jpg\",\"width\":1040,\"height\":1040,\"caption\":\"baton d\u00e9tachant \u00e0 la terre de sommi\u00e8re\"},{\"@type\":\"BreadcrumbList\",\"@id\":\"https:\\\/\\\/www.comptoirdubambou.com\\\/en\\\/boutique-en-ligne\\\/accessoires-comptoir-du-bambou\\\/entretien-du-linge\\\/baton-detachant-terre-de-sommiere\\\/#breadcrumb\",\"itemListElement\":[{\"@type\":\"ListItem\",\"position\":1,\"name\":\"Accueil\",\"item\":\"https:\\\/\\\/www.comptoirdubambou.com\\\/\"},{\"@type\":\"ListItem\",\"position\":2,\"name\":\"Boutique en ligne\",\"item\":\"https:\\\/\\\/www.comptoirdubambou.com\\\/linge-maison-fibre-bambou-luxe\\\/\"},{\"@type\":\"ListItem\",\"position\":3,\"name\":\"B\u00e2ton d\u00e9tachant \u00e0 la Terre de Sommi\u00e8res | Entretien du linge\"}]},{\"@type\":\"WebSite\",\"@id\":\"https:\\\/\\\/www.comptoirdubambou.com\\\/#website\",\"url\":\"https:\\\/\\\/www.comptoirdubambou.com\\\/\",\"name\":\"Comptoir du Bambou\",\"description\":\"Linge de maison haut de gamme en fibre de bambou\",\"publisher\":{\"@id\":\"https:\\\/\\\/www.comptoirdubambou.com\\\/#organization\"},\"potentialAction\":[{\"@type\":\"SearchAction\",\"target\":{\"@type\":\"EntryPoint\",\"urlTemplate\":\"https:\\\/\\\/www.comptoirdubambou.com\\\/?s={search_term_string}\"},\"query-input\":{\"@type\":\"PropertyValueSpecification\",\"valueRequired\":true,\"valueName\":\"search_term_string\"}}],\"inLanguage\":\"en-GB\"},{\"@type\":\"Organization\",\"@id\":\"https:\\\/\\\/www.comptoirdubambou.com\\\/#organization\",\"name\":\"Comptoir du Bambou\",\"url\":\"https:\\\/\\\/www.comptoirdubambou.com\\\/\",\"logo\":{\"@type\":\"ImageObject\",\"inLanguage\":\"en-GB\",\"@id\":\"https:\\\/\\\/www.comptoirdubambou.com\\\/#\\\/schema\\\/logo\\\/image\\\/\",\"url\":\"https:\\\/\\\/www.comptoirdubambou.com\\\/wp-content\\\/uploads\\\/2021\\\/06\\\/Logo_Comptoir_du_Bambou_2019_V_CMJN.png\",\"contentUrl\":\"https:\\\/\\\/www.comptoirdubambou.com\\\/wp-content\\\/uploads\\\/2021\\\/06\\\/Logo_Comptoir_du_Bambou_2019_V_CMJN.png\",\"width\":644,\"height\":183,\"caption\":\"Comptoir du Bambou\"},\"image\":{\"@id\":\"https:\\\/\\\/www.comptoirdubambou.com\\\/#\\\/schema\\\/logo\\\/image\\\/\"},\"sameAs\":[\"https:\\\/\\\/www.facebook.com\\\/comptoirdubambou\\\/\",\"https:\\\/\\\/www.instagram.com\\\/comptoirdubambou\\\/\",\"https:\\\/\\\/www.linkedin.com\\\/company\\\/18254596\\\/\"]}]}<\/script>\n<!-- \/ Yoast SEO plugin. -->","yoast_head_json":{"title":"B\u00e2ton d\u00e9tachant \u00e0 la Terre de Sommi\u00e8res | Entretien du linge - Comptoir du Bambou","description":"B\u00e2ton d\u00e9tachant \u00e0 la Terre de Sommi\u00e8re - l'outil indispensable pour entretenir son linge de mani\u00e8re naturelle et \u00e9cologique","robots":{"index":"index","follow":"follow","max-snippet":"max-snippet:-1","max-image-preview":"max-image-preview:large","max-video-preview":"max-video-preview:-1"},"canonical":"https:\/\/www.comptoirdubambou.com\/en\/boutique-en-ligne\/accessoires-comptoir-du-bambou\/entretien-du-linge\/baton-detachant-terre-de-sommiere\/","og_locale":"en_GB","og_type":"article","og_title":"B\u00e2ton d\u00e9tachant \u00e0 la Terre de Sommi\u00e8res | Entretien du linge - Comptoir du Bambou","og_description":"B\u00e2ton d\u00e9tachant \u00e0 la Terre de Sommi\u00e8re - l'outil indispensable pour entretenir son linge de mani\u00e8re naturelle et \u00e9cologique","og_url":"https:\/\/www.comptoirdubambou.com\/en\/boutique-en-ligne\/accessoires-comptoir-du-bambou\/entretien-du-linge\/baton-detachant-terre-de-sommiere\/","og_site_name":"Comptoir du Bambou","article_publisher":"https:\/\/www.facebook.com\/comptoirdubambou\/","article_modified_time":"2026-05-13T01:11:41+00:00","og_image":[{"width":1040,"height":1040,"url":"https:\/\/www.comptoirdubambou.com\/wp-content\/uploads\/2022\/04\/CG_29-07-2021_4-1.jpg","type":"image\/jpeg"}],"twitter_card":"summary_large_image","schema":{"@context":"https:\/\/schema.org","@graph":[{"@type":"WebPage","@id":"https:\/\/www.comptoirdubambou.com\/en\/boutique-en-ligne\/accessoires-comptoir-du-bambou\/entretien-du-linge\/baton-detachant-terre-de-sommiere\/","url":"https:\/\/www.comptoirdubambou.com\/en\/boutique-en-ligne\/accessoires-comptoir-du-bambou\/entretien-du-linge\/baton-detachant-terre-de-sommiere\/","name":"B\u00e2ton d\u00e9tachant \u00e0 la Terre de Sommi\u00e8res | Entretien du linge - Comptoir du Bambou","isPartOf":{"@id":"https:\/\/www.comptoirdubambou.com\/#website"},"primaryImageOfPage":{"@id":"https:\/\/www.comptoirdubambou.com\/en\/boutique-en-ligne\/accessoires-comptoir-du-bambou\/entretien-du-linge\/baton-detachant-terre-de-sommiere\/#primaryimage"},"image":{"@id":"https:\/\/www.comptoirdubambou.com\/en\/boutique-en-ligne\/accessoires-comptoir-du-bambou\/entretien-du-linge\/baton-detachant-terre-de-sommiere\/#primaryimage"},"thumbnailUrl":"https:\/\/www.comptoirdubambou.com\/wp-content\/uploads\/2022\/04\/CG_29-07-2021_4-1.jpg","datePublished":"2022-04-20T15:26:24+00:00","dateModified":"2026-05-13T01:11:41+00:00","description":"B\u00e2ton d\u00e9tachant \u00e0 la Terre de Sommi\u00e8re - l'outil indispensable pour entretenir son linge de mani\u00e8re naturelle et \u00e9cologique","breadcrumb":{"@id":"https:\/\/www.comptoirdubambou.com\/en\/boutique-en-ligne\/accessoires-comptoir-du-bambou\/entretien-du-linge\/baton-detachant-terre-de-sommiere\/#breadcrumb"},"inLanguage":"en-GB","potentialAction":[{"@type":"ReadAction","target":["https:\/\/www.comptoirdubambou.com\/en\/boutique-en-ligne\/accessoires-comptoir-du-bambou\/entretien-du-linge\/baton-detachant-terre-de-sommiere\/"]}]},{"@type":"ImageObject","inLanguage":"en-GB","@id":"https:\/\/www.comptoirdubambou.com\/en\/boutique-en-ligne\/accessoires-comptoir-du-bambou\/entretien-du-linge\/baton-detachant-terre-de-sommiere\/#primaryimage","url":"https:\/\/www.comptoirdubambou.com\/wp-content\/uploads\/2022\/04\/CG_29-07-2021_4-1.jpg","contentUrl":"https:\/\/www.comptoirdubambou.com\/wp-content\/uploads\/2022\/04\/CG_29-07-2021_4-1.jpg","width":1040,"height":1040,"caption":"baton d\u00e9tachant \u00e0 la terre de sommi\u00e8re"},{"@type":"BreadcrumbList","@id":"https:\/\/www.comptoirdubambou.com\/en\/boutique-en-ligne\/accessoires-comptoir-du-bambou\/entretien-du-linge\/baton-detachant-terre-de-sommiere\/#breadcrumb","itemListElement":[{"@type":"ListItem","position":1,"name":"Accueil","item":"https:\/\/www.comptoirdubambou.com\/"},{"@type":"ListItem","position":2,"name":"Boutique en ligne","item":"https:\/\/www.comptoirdubambou.com\/linge-maison-fibre-bambou-luxe\/"},{"@type":"ListItem","position":3,"name":"B\u00e2ton d\u00e9tachant \u00e0 la Terre de Sommi\u00e8res | Entretien du linge"}]},{"@type":"WebSite","@id":"https:\/\/www.comptoirdubambou.com\/#website","url":"https:\/\/www.comptoirdubambou.com\/","name":"Comptoir du Bambou","description":"High quality household linen made of bamboo fibre","publisher":{"@id":"https:\/\/www.comptoirdubambou.com\/#organization"},"potentialAction":[{"@type":"SearchAction","target":{"@type":"EntryPoint","urlTemplate":"https:\/\/www.comptoirdubambou.com\/?s={search_term_string}"},"query-input":{"@type":"PropertyValueSpecification","valueRequired":true,"valueName":"search_term_string"}}],"inLanguage":"en-GB"},{"@type":"Organization","@id":"https:\/\/www.comptoirdubambou.com\/#organization","name":"Comptoir du Bambou","url":"https:\/\/www.comptoirdubambou.com\/","logo":{"@type":"ImageObject","inLanguage":"en-GB","@id":"https:\/\/www.comptoirdubambou.com\/#\/schema\/logo\/image\/","url":"https:\/\/www.comptoirdubambou.com\/wp-content\/uploads\/2021\/06\/Logo_Comptoir_du_Bambou_2019_V_CMJN.png","contentUrl":"https:\/\/www.comptoirdubambou.com\/wp-content\/uploads\/2021\/06\/Logo_Comptoir_du_Bambou_2019_V_CMJN.png","width":644,"height":183,"caption":"Comptoir du Bambou"},"image":{"@id":"https:\/\/www.comptoirdubambou.com\/#\/schema\/logo\/image\/"},"sameAs":["https:\/\/www.facebook.com\/comptoirdubambou\/","https:\/\/www.instagram.com\/comptoirdubambou\/","https:\/\/www.linkedin.com\/company\/18254596\/"]}]}},"_links":{"self":[{"href":"https:\/\/www.comptoirdubambou.com\/en\/wp-json\/wp\/v2\/product\/240471","targetHints":{"allow":["GET"]}}],"collection":[{"href":"https:\/\/www.comptoirdubambou.com\/en\/wp-json\/wp\/v2\/product"}],"about":[{"href":"https:\/\/www.comptoirdubambou.com\/en\/wp-json\/wp\/v2\/types\/product"}],"replies":[{"embeddable":true,"href":"https:\/\/www.comptoirdubambou.com\/en\/wp-json\/wp\/v2\/comments?post=240471"}],"wp:featuredmedia":[{"embeddable":true,"href":"https:\/\/www.comptoirdubambou.com\/en\/wp-json\/wp\/v2\/media\/240601"}],"wp:attachment":[{"href":"https:\/\/www.comptoirdubambou.com\/en\/wp-json\/wp\/v2\/media?parent=240471"}],"wp:term":[{"taxonomy":"product_brand","embeddable":true,"href":"https:\/\/www.comptoirdubambou.com\/en\/wp-json\/wp\/v2\/product_brand?post=240471"},{"taxonomy":"product_cat","embeddable":true,"href":"https:\/\/www.comptoirdubambou.com\/en\/wp-json\/wp\/v2\/product_cat?post=240471"},{"taxonomy":"product_tag","embeddable":true,"href":"https:\/\/www.comptoirdubambou.com\/en\/wp-json\/wp\/v2\/product_tag?post=240471"}],"curies":[{"name":"wp","href":"https:\/\/api.w.org\/{rel}","templated":true}]}}